{"id":2130,"date":"2022-06-16T15:23:04","date_gmt":"2022-06-16T13:23:04","guid":{"rendered":"https:\/\/alligator-sas.fr\/company\/alligator\/"},"modified":"2023-11-21T16:50:22","modified_gmt":"2023-11-21T15:50:22","slug":"alligator","status":"publish","type":"page","link":"https:\/\/alligator-sas.fr\/en\/company\/alligator\/","title":{"rendered":"Alligator"},"content":{"rendered":"<div id='full_slider_1'  class='avia-fullwidth-slider main_color avia-shadow   avia-builder-el-0  el_before_av_one_half  avia-builder-el-first   container_wrap sidebar_right'  ><div  class='avia-slideshow av-ldsvj4qm-41e8a5d5fba66f193e0edf013f375226 avia-slideshow-large av_slideshow_full avia-slide-slider av-slideshow-ui av-control-default av-slideshow-manual av-loop-once av-loop-manual-endless av-default-height-applied  image_no_stretch avia-slideshow-1' data-slideshow-options=\"{&quot;animation&quot;:&quot;slide&quot;,&quot;autoplay&quot;:false,&quot;loop_autoplay&quot;:&quot;once&quot;,&quot;interval&quot;:5,&quot;loop_manual&quot;:&quot;manual-endless&quot;,&quot;autoplay_stopper&quot;:false,&quot;noNavigation&quot;:false,&quot;bg_slider&quot;:false,&quot;keep_padding&quot;:false,&quot;hoverpause&quot;:false,&quot;show_slide_delay&quot;:0}\"  itemprop=\"image\" itemscope=\"itemscope\" itemtype=\"https:\/\/schema.org\/ImageObject\" ><ul class='avia-slideshow-inner ' style='padding-bottom: 21.75%;'><li  class='avia-slideshow-slide av-ldsvj4qm-41e8a5d5fba66f193e0edf013f375226__0  av-single-slide slide-1 slide-odd'><div data-rel='slideshow-1' class='avia-slide-wrap '   ><div class='av-slideshow-caption av-ldsvj4qm-41e8a5d5fba66f193e0edf013f375226__0 caption_fullwidth caption_left caption_left_framed caption_framed'><div class=\"container caption_container\"><div class=\"slideshow_caption\"><div class=\"slideshow_inner_caption\"><div class=\"slideshow_align_caption\"><h2 class='avia-caption-title '  itemprop=\"name\" >Company<\/h2><\/div><\/div><\/div><\/div><\/div><img decoding=\"async\" fetchpriority=\"high\" class=\"wp-image-1739 avia-img-lazy-loading-not-1739\"  src=\"https:\/\/alligator-sas.fr\/wp-content\/uploads\/2022\/04\/logo-alligator.png\" width=\"800\" height=\"174\" title='logo-alligator' alt=''  itemprop=\"thumbnailUrl\" srcset=\"https:\/\/alligator-sas.fr\/wp-content\/uploads\/2022\/04\/logo-alligator.png 800w, https:\/\/alligator-sas.fr\/wp-content\/uploads\/2022\/04\/logo-alligator-600x131.png 600w, https:\/\/alligator-sas.fr\/wp-content\/uploads\/2022\/04\/logo-alligator-300x65.png 300w, https:\/\/alligator-sas.fr\/wp-content\/uploads\/2022\/04\/logo-alligator-768x167.png 768w, https:\/\/alligator-sas.fr\/wp-content\/uploads\/2022\/04\/logo-alligator-705x153.png 705w\" sizes=\"(max-width: 800px) 100vw, 800px\" \/><\/div><\/li><\/ul><\/div><\/div><div id='after_full_slider_1'  class='main_color av_default_container_wrap container_wrap sidebar_right'  ><div class='container av-section-cont-open' ><div class='template-page content  av-content-small alpha units'><div class='post-entry post-entry-type-page post-entry-2130'><div class='entry-content-wrapper clearfix'>\n<div  class='flex_column av-70fdb-34799e98cd145341428c4e555ab1b3cf av_one_half  avia-builder-el-1  el_after_av_slideshow_full  el_before_av_one_half  avia-builder-el-first  first flex_column_div  '     ><section  class='av_textblock_section av-l4h1ymc2-6addc77d2c9b03f124880932bc77784a '   itemscope=\"itemscope\" itemtype=\"https:\/\/schema.org\/CreativeWork\" ><div class='avia_textblock'  itemprop=\"text\" ><h3>ALLIGATOR,<br \/>\nSAFETY THROUGH TIME<\/h3>\n<p>Alligator is a French manufacturer of emergency exit management and locking systems. Alligator offers solutions designed for use in establishments open to the public, and regulated by French safety standards.<\/p>\n<p>Its core business is to design, manufacture, install and maintain UGCIS Centralised Emergency Exit Management Unit and &#8220;operated safety devices&#8221;(DAS) NF S 61-937 locking systems to ensure the safety of people while protecting property.<\/p>\n<p>At Alligator, we draw on our own production sites, R&amp;D experts, product specialists and teams of professionals to support and advise you throughout your project.<\/p>\n<p>Our added value: the expertise of a builder<\/p>\n<p>This expertise enables us to support projects of any scale, from design to maintenance, and to ensure their longevity.<\/p>\n<h3>The strength of a network<\/h3>\n<p>Founded in 1983, Alligator has over the last 40 years become the French leader in centralised emergency exit management systems.<\/p>\n<p>Alligator joined the DEF network in 1991, an independent French network of companies with expertise in security. This position enables us to respond to customer demand for an overall security project, with a guarantee of successful completion of the work and a strong synergy.<\/p>\n<\/div><\/section><\/div><div  class='flex_column av-bc3jb-08e2e8479622f8d1fc253936f8a7fa92 av_one_half  avia-builder-el-3  el_after_av_one_half  el_before_av_heading  flex_column_div  '     ><p><div  class='avia-video av-lmt0esj6-05219750654d24796b7f5f2e248525a6 avia-video-16-9 av-no-preview-image avia-video-load-always av-lazyload-immediate av-lazyload-video-embed'  itemprop=\"video\" itemtype=\"https:\/\/schema.org\/VideoObject\"  data-original_url='https:\/\/youtu.be\/TVsqeAAUtAc'><script type='text\/html' class='av-video-tmpl'><div class='avia-iframe-wrap'><iframe loading=\"lazy\" title=\"S\u00e9curit\u00e9 incendie \u2013 Zoom sur Alligator, l&#039;expert en gestion des issues de secours depuis + de 40 ans\" width=\"1500\" height=\"844\" src=\"https:\/\/www.youtube.com\/embed\/TVsqeAAUtAc?feature=oembed&autoplay=0&loop=0&controls=1&mute=0\" frameborder=\"0\" allow=\"accelerometer; autoplay; clipboard-write; encrypted-media; gyroscope; picture-in-picture; web-share\" allowfullscreen><\/iframe><\/div><\/script><div class='av-click-to-play-overlay'><div class=\"avia_playpause_icon\"><\/div><\/div><\/div><br \/>\n\n<style type=\"text\/css\" data-created_by=\"avia_inline_auto\" id=\"style-css-av-lmt60b95-c8756e726a3b667ea2f0125fcbc2ecc0\">\n.avia-image-container.av-lmt60b95-c8756e726a3b667ea2f0125fcbc2ecc0 img.avia_image{\nbox-shadow:none;\n}\n.avia-image-container.av-lmt60b95-c8756e726a3b667ea2f0125fcbc2ecc0 .av-image-caption-overlay-center{\ncolor:#ffffff;\n}\n<\/style>\n<div  class='avia-image-container av-lmt60b95-c8756e726a3b667ea2f0125fcbc2ecc0 av-styling- avia-align-center  avia-builder-el-5  el_after_av_video  avia-builder-el-last '   itemprop=\"image\" itemscope=\"itemscope\" itemtype=\"https:\/\/schema.org\/ImageObject\" ><div class=\"avia-image-container-inner\"><div class=\"avia-image-overlay-wrap\"><img decoding=\"async\" fetchpriority=\"high\" class='wp-image-1915 avia-img-lazy-loading-not-1915 avia_image ' src=\"https:\/\/alligator-sas.fr\/wp-content\/uploads\/2023\/02\/Alligator-batiment.jpg\" alt='' title='Alligator-batiment'  height=\"526\" width=\"360\"  itemprop=\"thumbnailUrl\" srcset=\"https:\/\/alligator-sas.fr\/wp-content\/uploads\/2023\/02\/Alligator-batiment.jpg 360w, https:\/\/alligator-sas.fr\/wp-content\/uploads\/2023\/02\/Alligator-batiment-205x300.jpg 205w\" sizes=\"(max-width: 360px) 100vw, 360px\" \/><\/div><\/div><\/div><\/p><\/div><\/p>\n\n<style type=\"text\/css\" data-created_by=\"avia_inline_auto\" id=\"style-css-av-ldsvlfr7-51817714a795f1a7340013bc1f66bf0d\">\n#top .av-special-heading.av-ldsvlfr7-51817714a795f1a7340013bc1f66bf0d{\npadding-bottom:10px;\n}\nbody .av-special-heading.av-ldsvlfr7-51817714a795f1a7340013bc1f66bf0d .av-special-heading-tag .heading-char{\nfont-size:25px;\n}\n.av-special-heading.av-ldsvlfr7-51817714a795f1a7340013bc1f66bf0d .av-subheading{\nfont-size:15px;\n}\n<\/style>\n<div  class='av-special-heading av-ldsvlfr7-51817714a795f1a7340013bc1f66bf0d av-special-heading-h2 blockquote modern-quote  avia-builder-el-6  el_after_av_one_half  el_before_av_one_half '><h2 class='av-special-heading-tag '  itemprop=\"headline\"  >OUR JOB OFFERS<\/h2><div class=\"special-heading-border\"><div class=\"special-heading-inner-border\"><\/div><\/div><\/div>\n<div  class='flex_column av-bmrsn-be5aab1eb70b8668d9d46df4b3d88805 av_one_half  avia-builder-el-7  el_after_av_heading  el_before_av_hr  first flex_column_div  '     ><div  class='av-alb-blogposts template-blog  av-blog-meta-author-disabled av-blog-meta-comments-disabled av_force_fullwidth '  itemscope=\"itemscope\" itemtype=\"https:\/\/schema.org\/Blog\" >\t<article class=\"entry\">\n\t\t<header class=\"entry-content-header\" aria-label=\"No Posts Found\" >\n<h1 class='post-title entry-title '>Nothing Found<\/h1>\t\t<\/header>\n\n\t\t<p class=\"entry-content\"  itemprop=\"text\" >Sorry, no posts matched your criteria<\/p>\n\n\t\t<footer class=\"entry-footer\"><\/footer>\n\t<\/article>\n\n<div class='bloglist-simple'><\/div><\/div><\/div>\n\n<style type=\"text\/css\" data-created_by=\"avia_inline_auto\" id=\"style-css-av-lg0jqh8x-9032f64cfc79ed2504f35c6ce69148ef\">\n#top .hr.av-lg0jqh8x-9032f64cfc79ed2504f35c6ce69148ef{\nmargin-top:10px;\nmargin-bottom:10px;\n}\n.hr.av-lg0jqh8x-9032f64cfc79ed2504f35c6ce69148ef .hr-inner{\nwidth:100px;\nborder-color:#58bc4f;\nmax-width:45%;\n}\n<\/style>\n<div  class='hr av-lg0jqh8x-9032f64cfc79ed2504f35c6ce69148ef hr-custom  avia-builder-el-9  el_after_av_one_half  avia-builder-el-last  hr-left hr-icon-yes'><span class='hr-inner inner-border-av-border-fat'><span class=\"hr-inner-style\"><\/span><\/span><span class='av-seperator-icon' aria-hidden='true' data-av_icon='\ue80b' data-av_iconfont='entypo-fontello'><\/span><span class='hr-inner inner-border-av-border-fat'><span class=\"hr-inner-style\"><\/span><\/span><\/div>\n","protected":false},"excerpt":{"rendered":"","protected":false},"author":1,"featured_media":0,"parent":2125,"menu_order":1,"comment_status":"closed","ping_status":"closed","template":"","meta":{"footnotes":""},"class_list":["post-2130","page","type-page","status-publish","hentry"],"yoast_head":"<!-- This site is optimized with the Yoast SEO plugin v25.4 - https:\/\/yoast.com\/wordpress\/plugins\/seo\/ -->\n<title>Alligator - ALLIGATOR<\/title>\n<meta name=\"robots\" content=\"index, follow, max-snippet:-1, max-image-preview:large, max-video-preview:-1\" \/>\n<link rel=\"canonical\" href=\"https:\/\/alligator-sas.fr\/en\/company\/alligator\/\" \/>\n<meta property=\"og:locale\" content=\"en_US\" \/>\n<meta property=\"og:type\" content=\"article\" \/>\n<meta property=\"og:title\" content=\"Alligator - ALLIGATOR\" \/>\n<meta property=\"og:url\" content=\"https:\/\/alligator-sas.fr\/en\/company\/alligator\/\" \/>\n<meta property=\"og:site_name\" content=\"ALLIGATOR\" \/>\n<meta property=\"article:modified_time\" content=\"2023-11-21T15:50:22+00:00\" \/>\n<meta name=\"twitter:card\" content=\"summary_large_image\" \/>\n<meta name=\"twitter:site\" content=\"@ReseauDEF\" \/>\n<meta name=\"twitter:label1\" content=\"Est. reading time\" \/>\n\t<meta name=\"twitter:data1\" content=\"5 minutes\" \/>\n<script type=\"application\/ld+json\" class=\"yoast-schema-graph\">{\"@context\":\"https:\/\/schema.org\",\"@graph\":[{\"@type\":\"WebPage\",\"@id\":\"https:\/\/alligator-sas.fr\/en\/company\/alligator\/\",\"url\":\"https:\/\/alligator-sas.fr\/en\/company\/alligator\/\",\"name\":\"Alligator - ALLIGATOR\",\"isPartOf\":{\"@id\":\"https:\/\/alligator-sas.fr\/#website\"},\"datePublished\":\"2022-06-16T13:23:04+00:00\",\"dateModified\":\"2023-11-21T15:50:22+00:00\",\"breadcrumb\":{\"@id\":\"https:\/\/alligator-sas.fr\/en\/company\/alligator\/#breadcrumb\"},\"inLanguage\":\"en-US\",\"potentialAction\":[{\"@type\":\"ReadAction\",\"target\":[\"https:\/\/alligator-sas.fr\/en\/company\/alligator\/\"]}]},{\"@type\":\"BreadcrumbList\",\"@id\":\"https:\/\/alligator-sas.fr\/en\/company\/alligator\/#breadcrumb\",\"itemListElement\":[{\"@type\":\"ListItem\",\"position\":1,\"name\":\"Accueil\",\"item\":\"https:\/\/alligator-sas.fr\/en\/home-2-2\/\"},{\"@type\":\"ListItem\",\"position\":2,\"name\":\"Company\",\"item\":\"https:\/\/alligator-sas.fr\/en\/company\/\"},{\"@type\":\"ListItem\",\"position\":3,\"name\":\"Alligator\"}]},{\"@type\":\"WebSite\",\"@id\":\"https:\/\/alligator-sas.fr\/#website\",\"url\":\"https:\/\/alligator-sas.fr\/\",\"name\":\"ALLIGATOR\",\"description\":\"La s\u00e9curit\u00e9 \u00e0 l&#039;\u00e9preuve du temps\",\"publisher\":{\"@id\":\"https:\/\/alligator-sas.fr\/#organization\"},\"potentialAction\":[{\"@type\":\"SearchAction\",\"target\":{\"@type\":\"EntryPoint\",\"urlTemplate\":\"https:\/\/alligator-sas.fr\/?s={search_term_string}\"},\"query-input\":{\"@type\":\"PropertyValueSpecification\",\"valueRequired\":true,\"valueName\":\"search_term_string\"}}],\"inLanguage\":\"en-US\"},{\"@type\":\"Organization\",\"@id\":\"https:\/\/alligator-sas.fr\/#organization\",\"name\":\"ALLIGATOR\",\"url\":\"https:\/\/alligator-sas.fr\/\",\"logo\":{\"@type\":\"ImageObject\",\"inLanguage\":\"en-US\",\"@id\":\"https:\/\/alligator-sas.fr\/#\/schema\/logo\/image\/\",\"url\":\"https:\/\/alligator-sas.fr\/wp-content\/uploads\/2022\/04\/logo-alligator-v2.png\",\"contentUrl\":\"https:\/\/alligator-sas.fr\/wp-content\/uploads\/2022\/04\/logo-alligator-v2.png\",\"width\":800,\"height\":194,\"caption\":\"ALLIGATOR\"},\"image\":{\"@id\":\"https:\/\/alligator-sas.fr\/#\/schema\/logo\/image\/\"},\"sameAs\":[\"https:\/\/x.com\/ReseauDEF\",\"https:\/\/www.linkedin.com\/company\/alligator-sas\/\"]}]}<\/script>\n<!-- \/ Yoast SEO plugin. -->","yoast_head_json":{"title":"Alligator - ALLIGATOR","robots":{"index":"index","follow":"follow","max-snippet":"max-snippet:-1","max-image-preview":"max-image-preview:large","max-video-preview":"max-video-preview:-1"},"canonical":"https:\/\/alligator-sas.fr\/en\/company\/alligator\/","og_locale":"en_US","og_type":"article","og_title":"Alligator - ALLIGATOR","og_url":"https:\/\/alligator-sas.fr\/en\/company\/alligator\/","og_site_name":"ALLIGATOR","article_modified_time":"2023-11-21T15:50:22+00:00","twitter_card":"summary_large_image","twitter_site":"@ReseauDEF","twitter_misc":{"Est. reading time":"5 minutes"},"schema":{"@context":"https:\/\/schema.org","@graph":[{"@type":"WebPage","@id":"https:\/\/alligator-sas.fr\/en\/company\/alligator\/","url":"https:\/\/alligator-sas.fr\/en\/company\/alligator\/","name":"Alligator - ALLIGATOR","isPartOf":{"@id":"https:\/\/alligator-sas.fr\/#website"},"datePublished":"2022-06-16T13:23:04+00:00","dateModified":"2023-11-21T15:50:22+00:00","breadcrumb":{"@id":"https:\/\/alligator-sas.fr\/en\/company\/alligator\/#breadcrumb"},"inLanguage":"en-US","potentialAction":[{"@type":"ReadAction","target":["https:\/\/alligator-sas.fr\/en\/company\/alligator\/"]}]},{"@type":"BreadcrumbList","@id":"https:\/\/alligator-sas.fr\/en\/company\/alligator\/#breadcrumb","itemListElement":[{"@type":"ListItem","position":1,"name":"Accueil","item":"https:\/\/alligator-sas.fr\/en\/home-2-2\/"},{"@type":"ListItem","position":2,"name":"Company","item":"https:\/\/alligator-sas.fr\/en\/company\/"},{"@type":"ListItem","position":3,"name":"Alligator"}]},{"@type":"WebSite","@id":"https:\/\/alligator-sas.fr\/#website","url":"https:\/\/alligator-sas.fr\/","name":"ALLIGATOR","description":"La s\u00e9curit\u00e9 \u00e0 l&#039;\u00e9preuve du temps","publisher":{"@id":"https:\/\/alligator-sas.fr\/#organization"},"potentialAction":[{"@type":"SearchAction","target":{"@type":"EntryPoint","urlTemplate":"https:\/\/alligator-sas.fr\/?s={search_term_string}"},"query-input":{"@type":"PropertyValueSpecification","valueRequired":true,"valueName":"search_term_string"}}],"inLanguage":"en-US"},{"@type":"Organization","@id":"https:\/\/alligator-sas.fr\/#organization","name":"ALLIGATOR","url":"https:\/\/alligator-sas.fr\/","logo":{"@type":"ImageObject","inLanguage":"en-US","@id":"https:\/\/alligator-sas.fr\/#\/schema\/logo\/image\/","url":"https:\/\/alligator-sas.fr\/wp-content\/uploads\/2022\/04\/logo-alligator-v2.png","contentUrl":"https:\/\/alligator-sas.fr\/wp-content\/uploads\/2022\/04\/logo-alligator-v2.png","width":800,"height":194,"caption":"ALLIGATOR"},"image":{"@id":"https:\/\/alligator-sas.fr\/#\/schema\/logo\/image\/"},"sameAs":["https:\/\/x.com\/ReseauDEF","https:\/\/www.linkedin.com\/company\/alligator-sas\/"]}]}},"_links":{"self":[{"href":"https:\/\/alligator-sas.fr\/en\/wp-json\/wp\/v2\/pages\/2130","targetHints":{"allow":["GET"]}}],"collection":[{"href":"https:\/\/alligator-sas.fr\/en\/wp-json\/wp\/v2\/pages"}],"about":[{"href":"https:\/\/alligator-sas.fr\/en\/wp-json\/wp\/v2\/types\/page"}],"author":[{"embeddable":true,"href":"https:\/\/alligator-sas.fr\/en\/wp-json\/wp\/v2\/users\/1"}],"replies":[{"embeddable":true,"href":"https:\/\/alligator-sas.fr\/en\/wp-json\/wp\/v2\/comments?post=2130"}],"version-history":[{"count":3,"href":"https:\/\/alligator-sas.fr\/en\/wp-json\/wp\/v2\/pages\/2130\/revisions"}],"predecessor-version":[{"id":3166,"href":"https:\/\/alligator-sas.fr\/en\/wp-json\/wp\/v2\/pages\/2130\/revisions\/3166"}],"up":[{"embeddable":true,"href":"https:\/\/alligator-sas.fr\/en\/wp-json\/wp\/v2\/pages\/2125"}],"wp:attachment":[{"href":"https:\/\/alligator-sas.fr\/en\/wp-json\/wp\/v2\/media?parent=2130"}],"curies":[{"name":"wp","href":"https:\/\/api.w.org\/{rel}","templated":true}]}}