{"id":2150,"date":"2022-06-16T15:02:55","date_gmt":"2022-06-16T13:02:55","guid":{"rendered":"https:\/\/alligator-sas.fr\/prevent-intrusion\/"},"modified":"2023-11-09T12:11:38","modified_gmt":"2023-11-09T11:11:38","slug":"prevent-intrusion","status":"publish","type":"page","link":"https:\/\/alligator-sas.fr\/en\/expertise-2\/prevent-intrusion\/","title":{"rendered":"Prevent intrusion"},"content":{"rendered":"<div id='full_slider_1'  class='avia-fullwidth-slider main_color avia-shadow   avia-builder-el-0  el_before_av_one_full  avia-builder-el-first   container_wrap sidebar_right'  ><div  class='avia-slideshow av-l5jl5kwc-3a29bdcc7de6789f5bcac815526b6321 avia-slideshow-no scaling av_slideshow_full avia-slide-slider av-slideshow-ui av-control-default av-slideshow-manual av-loop-once av-loop-manual-endless av-default-height-applied   avia-slideshow-1' data-slideshow-options=\"{&quot;animation&quot;:&quot;slide&quot;,&quot;autoplay&quot;:false,&quot;loop_autoplay&quot;:&quot;once&quot;,&quot;interval&quot;:5,&quot;loop_manual&quot;:&quot;manual-endless&quot;,&quot;autoplay_stopper&quot;:false,&quot;noNavigation&quot;:false,&quot;bg_slider&quot;:false,&quot;keep_padding&quot;:false,&quot;hoverpause&quot;:false,&quot;show_slide_delay&quot;:0}\"  itemprop=\"image\" itemscope=\"itemscope\" itemtype=\"https:\/\/schema.org\/ImageObject\" ><ul class='avia-slideshow-inner ' style='padding-bottom: 28.666666666667%;'><li  class='avia-slideshow-slide av-l5jl5kwc-3a29bdcc7de6789f5bcac815526b6321__0  av-single-slide slide-1 slide-odd'><div data-rel='slideshow-1' class='avia-slide-wrap '   ><div class='av-slideshow-caption av-l5jl5kwc-3a29bdcc7de6789f5bcac815526b6321__0 caption_fullwidth caption_left caption_left_framed caption_framed'><div class=\"container caption_container\"><div class=\"slideshow_caption\"><div class=\"slideshow_inner_caption\"><div class=\"slideshow_align_caption\"><h2 class='avia-caption-title '  itemprop=\"name\" >PREVENT INTRUSION<\/h2><\/div><\/div><\/div><\/div><\/div><img decoding=\"async\" fetchpriority=\"high\" class=\"wp-image-1765 avia-img-lazy-loading-not-1765\"  src=\"https:\/\/alligator-sas.fr\/wp-content\/uploads\/2022\/07\/bandeau-intrusion.jpg\" width=\"1500\" height=\"430\" title='bandeau-intrusion' alt=''  itemprop=\"thumbnailUrl\" srcset=\"https:\/\/alligator-sas.fr\/wp-content\/uploads\/2022\/07\/bandeau-intrusion.jpg 1500w, https:\/\/alligator-sas.fr\/wp-content\/uploads\/2022\/07\/bandeau-intrusion-600x172.jpg 600w, https:\/\/alligator-sas.fr\/wp-content\/uploads\/2022\/07\/bandeau-intrusion-300x86.jpg 300w, https:\/\/alligator-sas.fr\/wp-content\/uploads\/2022\/07\/bandeau-intrusion-1030x295.jpg 1030w, https:\/\/alligator-sas.fr\/wp-content\/uploads\/2022\/07\/bandeau-intrusion-768x220.jpg 768w, https:\/\/alligator-sas.fr\/wp-content\/uploads\/2022\/07\/bandeau-intrusion-705x202.jpg 705w\" sizes=\"(max-width: 1500px) 100vw, 1500px\" \/><\/div><\/li><\/ul><\/div><\/div><div id='after_full_slider_1'  class='main_color av_default_container_wrap container_wrap sidebar_right'  ><div class='container av-section-cont-open' ><div class='template-page content  av-content-small alpha units'><div class='post-entry post-entry-type-page post-entry-2150'><div class='entry-content-wrapper clearfix'>\n<div  class='flex_column av-ht56q-0d80e57c0a4f530db7b8ff924826a656 av_one_full  avia-builder-el-1  el_after_av_slideshow_full  avia-builder-el-no-sibling  first flex_column_div  '     ><section  class='av_textblock_section av-l4h19onx-5be0d609c6486f37e6afa870266deded '   itemscope=\"itemscope\" itemtype=\"https:\/\/schema.org\/CreativeWork\" ><div class='avia_textblock'  itemprop=\"text\" ><div class=\"content-area\">\n<div class=\"description post-content\">\n<h2>Securing people and ensuring the safety of assets<\/h2>\n<p>The challenge of managing emergency exits is to guarantee both the safety of people and the security of assets in an establishment. Emergency exit doors must be accessible and open in the event of an evacuation. However, they cannot remain completely &#8220;free&#8221; in order to protect the site against intruders.<\/p>\n<p><img loading=\"lazy\" decoding=\"async\" class=\"alignnone size-medium wp-image-2395\" src=\"https:\/\/alligator-sas.fr\/wp-content\/uploads\/2023\/11\/image-272x300.png\" alt=\"\" width=\"272\" height=\"300\" srcset=\"https:\/\/alligator-sas.fr\/wp-content\/uploads\/2023\/11\/image-272x300.png 272w, https:\/\/alligator-sas.fr\/wp-content\/uploads\/2023\/11\/image.png 603w\" sizes=\"auto, (max-width: 272px) 100vw, 272px\" \/><\/p>\n<p>For example, in concert halls or exhibition centres, visitors who have paid their admission fee are not able to let accomplices in free of charge via an emergency exit without triggering an alarm.<\/p>\n<p>In public buildings such as ministries, there is a real risk that emergency exits will be invaded during a demonstration. The installation of a UGCIS (Centralised Emergency Exit Management Unit) located at the security control centre, with information relayed to the safety control centre, makes it possible to provide real-time information on the state of the door and to over-lock the exits to prevent demonstrators from entering the building.<\/p>\n<p>This locking system has 3 modes: locked, unlocked and over-locked. Customers can switch to &#8220;no-public&#8221; mode (night mode) to make their building secure and prevent break-ins and burglaries. This mode is the responsibility of the head of the establishment.<\/p>\n<p>Similarly, it is important to prevent emergency exit doors from being blocked in the open position. For sensitive sites, it is important that security and safety systems communicate with each other. The UGCIS (Centralised Emergency Exit Management Unit) makes it possible to monitor emergency exit doors in real time and to report information about people passing through them. The system can be connected, via a communication gateway, to the access control or BMS (Building Management System) to transmit the status of the doors.<\/p>\n<\/div>\n<\/div>\n<\/div><\/section><\/div>\n","protected":false},"excerpt":{"rendered":"","protected":false},"author":1,"featured_media":0,"parent":2153,"menu_order":4,"comment_status":"closed","ping_status":"closed","template":"","meta":{"footnotes":""},"class_list":["post-2150","page","type-page","status-publish","hentry"],"yoast_head":"<!-- This site is optimized with the Yoast SEO plugin v25.4 - https:\/\/yoast.com\/wordpress\/plugins\/seo\/ -->\n<title>Prevent intrusion - ALLIGATOR<\/title>\n<meta name=\"robots\" content=\"index, follow, max-snippet:-1, max-image-preview:large, max-video-preview:-1\" \/>\n<link rel=\"canonical\" href=\"https:\/\/alligator-sas.fr\/en\/expertise-2\/prevent-intrusion\/\" \/>\n<meta property=\"og:locale\" content=\"en_US\" \/>\n<meta property=\"og:type\" content=\"article\" \/>\n<meta property=\"og:title\" content=\"Prevent intrusion - ALLIGATOR\" \/>\n<meta property=\"og:url\" content=\"https:\/\/alligator-sas.fr\/en\/expertise-2\/prevent-intrusion\/\" \/>\n<meta property=\"og:site_name\" content=\"ALLIGATOR\" \/>\n<meta property=\"article:modified_time\" content=\"2023-11-09T11:11:38+00:00\" \/>\n<meta property=\"og:image\" content=\"https:\/\/alligator-sas.fr\/wp-content\/uploads\/2023\/11\/image-272x300.png\" \/>\n<meta name=\"twitter:card\" content=\"summary_large_image\" \/>\n<meta name=\"twitter:site\" content=\"@ReseauDEF\" \/>\n<meta name=\"twitter:label1\" content=\"Est. reading time\" \/>\n\t<meta name=\"twitter:data1\" content=\"3 minutes\" \/>\n<script type=\"application\/ld+json\" class=\"yoast-schema-graph\">{\"@context\":\"https:\/\/schema.org\",\"@graph\":[{\"@type\":\"WebPage\",\"@id\":\"https:\/\/alligator-sas.fr\/en\/expertise-2\/prevent-intrusion\/\",\"url\":\"https:\/\/alligator-sas.fr\/en\/expertise-2\/prevent-intrusion\/\",\"name\":\"Prevent intrusion - ALLIGATOR\",\"isPartOf\":{\"@id\":\"https:\/\/alligator-sas.fr\/#website\"},\"primaryImageOfPage\":{\"@id\":\"https:\/\/alligator-sas.fr\/en\/expertise-2\/prevent-intrusion\/#primaryimage\"},\"image\":{\"@id\":\"https:\/\/alligator-sas.fr\/en\/expertise-2\/prevent-intrusion\/#primaryimage\"},\"thumbnailUrl\":\"https:\/\/alligator-sas.fr\/wp-content\/uploads\/2023\/11\/image-272x300.png\",\"datePublished\":\"2022-06-16T13:02:55+00:00\",\"dateModified\":\"2023-11-09T11:11:38+00:00\",\"breadcrumb\":{\"@id\":\"https:\/\/alligator-sas.fr\/en\/expertise-2\/prevent-intrusion\/#breadcrumb\"},\"inLanguage\":\"en-US\",\"potentialAction\":[{\"@type\":\"ReadAction\",\"target\":[\"https:\/\/alligator-sas.fr\/en\/expertise-2\/prevent-intrusion\/\"]}]},{\"@type\":\"ImageObject\",\"inLanguage\":\"en-US\",\"@id\":\"https:\/\/alligator-sas.fr\/en\/expertise-2\/prevent-intrusion\/#primaryimage\",\"url\":\"https:\/\/alligator-sas.fr\/wp-content\/uploads\/2023\/11\/image-272x300.png\",\"contentUrl\":\"https:\/\/alligator-sas.fr\/wp-content\/uploads\/2023\/11\/image-272x300.png\"},{\"@type\":\"BreadcrumbList\",\"@id\":\"https:\/\/alligator-sas.fr\/en\/expertise-2\/prevent-intrusion\/#breadcrumb\",\"itemListElement\":[{\"@type\":\"ListItem\",\"position\":1,\"name\":\"Accueil\",\"item\":\"https:\/\/alligator-sas.fr\/en\/home-2-2\/\"},{\"@type\":\"ListItem\",\"position\":2,\"name\":\"Expertise\",\"item\":\"https:\/\/alligator-sas.fr\/en\/expertise-2\/\"},{\"@type\":\"ListItem\",\"position\":3,\"name\":\"Prevent intrusion\"}]},{\"@type\":\"WebSite\",\"@id\":\"https:\/\/alligator-sas.fr\/#website\",\"url\":\"https:\/\/alligator-sas.fr\/\",\"name\":\"ALLIGATOR\",\"description\":\"La s\u00e9curit\u00e9 \u00e0 l&#039;\u00e9preuve du temps\",\"publisher\":{\"@id\":\"https:\/\/alligator-sas.fr\/#organization\"},\"potentialAction\":[{\"@type\":\"SearchAction\",\"target\":{\"@type\":\"EntryPoint\",\"urlTemplate\":\"https:\/\/alligator-sas.fr\/?s={search_term_string}\"},\"query-input\":{\"@type\":\"PropertyValueSpecification\",\"valueRequired\":true,\"valueName\":\"search_term_string\"}}],\"inLanguage\":\"en-US\"},{\"@type\":\"Organization\",\"@id\":\"https:\/\/alligator-sas.fr\/#organization\",\"name\":\"ALLIGATOR\",\"url\":\"https:\/\/alligator-sas.fr\/\",\"logo\":{\"@type\":\"ImageObject\",\"inLanguage\":\"en-US\",\"@id\":\"https:\/\/alligator-sas.fr\/#\/schema\/logo\/image\/\",\"url\":\"https:\/\/alligator-sas.fr\/wp-content\/uploads\/2022\/04\/logo-alligator-v2.png\",\"contentUrl\":\"https:\/\/alligator-sas.fr\/wp-content\/uploads\/2022\/04\/logo-alligator-v2.png\",\"width\":800,\"height\":194,\"caption\":\"ALLIGATOR\"},\"image\":{\"@id\":\"https:\/\/alligator-sas.fr\/#\/schema\/logo\/image\/\"},\"sameAs\":[\"https:\/\/x.com\/ReseauDEF\",\"https:\/\/www.linkedin.com\/company\/alligator-sas\/\"]}]}<\/script>\n<!-- \/ Yoast SEO plugin. -->","yoast_head_json":{"title":"Prevent intrusion - ALLIGATOR","robots":{"index":"index","follow":"follow","max-snippet":"max-snippet:-1","max-image-preview":"max-image-preview:large","max-video-preview":"max-video-preview:-1"},"canonical":"https:\/\/alligator-sas.fr\/en\/expertise-2\/prevent-intrusion\/","og_locale":"en_US","og_type":"article","og_title":"Prevent intrusion - ALLIGATOR","og_url":"https:\/\/alligator-sas.fr\/en\/expertise-2\/prevent-intrusion\/","og_site_name":"ALLIGATOR","article_modified_time":"2023-11-09T11:11:38+00:00","og_image":[{"url":"https:\/\/alligator-sas.fr\/wp-content\/uploads\/2023\/11\/image-272x300.png","type":"","width":"","height":""}],"twitter_card":"summary_large_image","twitter_site":"@ReseauDEF","twitter_misc":{"Est. reading time":"3 minutes"},"schema":{"@context":"https:\/\/schema.org","@graph":[{"@type":"WebPage","@id":"https:\/\/alligator-sas.fr\/en\/expertise-2\/prevent-intrusion\/","url":"https:\/\/alligator-sas.fr\/en\/expertise-2\/prevent-intrusion\/","name":"Prevent intrusion - ALLIGATOR","isPartOf":{"@id":"https:\/\/alligator-sas.fr\/#website"},"primaryImageOfPage":{"@id":"https:\/\/alligator-sas.fr\/en\/expertise-2\/prevent-intrusion\/#primaryimage"},"image":{"@id":"https:\/\/alligator-sas.fr\/en\/expertise-2\/prevent-intrusion\/#primaryimage"},"thumbnailUrl":"https:\/\/alligator-sas.fr\/wp-content\/uploads\/2023\/11\/image-272x300.png","datePublished":"2022-06-16T13:02:55+00:00","dateModified":"2023-11-09T11:11:38+00:00","breadcrumb":{"@id":"https:\/\/alligator-sas.fr\/en\/expertise-2\/prevent-intrusion\/#breadcrumb"},"inLanguage":"en-US","potentialAction":[{"@type":"ReadAction","target":["https:\/\/alligator-sas.fr\/en\/expertise-2\/prevent-intrusion\/"]}]},{"@type":"ImageObject","inLanguage":"en-US","@id":"https:\/\/alligator-sas.fr\/en\/expertise-2\/prevent-intrusion\/#primaryimage","url":"https:\/\/alligator-sas.fr\/wp-content\/uploads\/2023\/11\/image-272x300.png","contentUrl":"https:\/\/alligator-sas.fr\/wp-content\/uploads\/2023\/11\/image-272x300.png"},{"@type":"BreadcrumbList","@id":"https:\/\/alligator-sas.fr\/en\/expertise-2\/prevent-intrusion\/#breadcrumb","itemListElement":[{"@type":"ListItem","position":1,"name":"Accueil","item":"https:\/\/alligator-sas.fr\/en\/home-2-2\/"},{"@type":"ListItem","position":2,"name":"Expertise","item":"https:\/\/alligator-sas.fr\/en\/expertise-2\/"},{"@type":"ListItem","position":3,"name":"Prevent intrusion"}]},{"@type":"WebSite","@id":"https:\/\/alligator-sas.fr\/#website","url":"https:\/\/alligator-sas.fr\/","name":"ALLIGATOR","description":"La s\u00e9curit\u00e9 \u00e0 l&#039;\u00e9preuve du temps","publisher":{"@id":"https:\/\/alligator-sas.fr\/#organization"},"potentialAction":[{"@type":"SearchAction","target":{"@type":"EntryPoint","urlTemplate":"https:\/\/alligator-sas.fr\/?s={search_term_string}"},"query-input":{"@type":"PropertyValueSpecification","valueRequired":true,"valueName":"search_term_string"}}],"inLanguage":"en-US"},{"@type":"Organization","@id":"https:\/\/alligator-sas.fr\/#organization","name":"ALLIGATOR","url":"https:\/\/alligator-sas.fr\/","logo":{"@type":"ImageObject","inLanguage":"en-US","@id":"https:\/\/alligator-sas.fr\/#\/schema\/logo\/image\/","url":"https:\/\/alligator-sas.fr\/wp-content\/uploads\/2022\/04\/logo-alligator-v2.png","contentUrl":"https:\/\/alligator-sas.fr\/wp-content\/uploads\/2022\/04\/logo-alligator-v2.png","width":800,"height":194,"caption":"ALLIGATOR"},"image":{"@id":"https:\/\/alligator-sas.fr\/#\/schema\/logo\/image\/"},"sameAs":["https:\/\/x.com\/ReseauDEF","https:\/\/www.linkedin.com\/company\/alligator-sas\/"]}]}},"_links":{"self":[{"href":"https:\/\/alligator-sas.fr\/en\/wp-json\/wp\/v2\/pages\/2150","targetHints":{"allow":["GET"]}}],"collection":[{"href":"https:\/\/alligator-sas.fr\/en\/wp-json\/wp\/v2\/pages"}],"about":[{"href":"https:\/\/alligator-sas.fr\/en\/wp-json\/wp\/v2\/types\/page"}],"author":[{"embeddable":true,"href":"https:\/\/alligator-sas.fr\/en\/wp-json\/wp\/v2\/users\/1"}],"replies":[{"embeddable":true,"href":"https:\/\/alligator-sas.fr\/en\/wp-json\/wp\/v2\/comments?post=2150"}],"version-history":[{"count":3,"href":"https:\/\/alligator-sas.fr\/en\/wp-json\/wp\/v2\/pages\/2150\/revisions"}],"predecessor-version":[{"id":2781,"href":"https:\/\/alligator-sas.fr\/en\/wp-json\/wp\/v2\/pages\/2150\/revisions\/2781"}],"up":[{"embeddable":true,"href":"https:\/\/alligator-sas.fr\/en\/wp-json\/wp\/v2\/pages\/2153"}],"wp:attachment":[{"href":"https:\/\/alligator-sas.fr\/en\/wp-json\/wp\/v2\/media?parent=2150"}],"curies":[{"name":"wp","href":"https:\/\/api.w.org\/{rel}","templated":true}]}}