{"id":2163,"date":"2022-06-17T15:57:22","date_gmt":"2022-06-17T13:57:22","guid":{"rendered":"https:\/\/alligator-sas.fr\/protecting-your-installations\/"},"modified":"2023-11-08T16:35:06","modified_gmt":"2023-11-08T15:35:06","slug":"protecting-your-installations","status":"publish","type":"page","link":"https:\/\/alligator-sas.fr\/en\/protecting-your-installations\/","title":{"rendered":"Protecting your installations"},"content":{"rendered":"<div  class='flex_column av-24lgn7-8868199ccac48efc168685be55b57cfd av_one_full  avia-builder-el-0  avia-builder-el-no-sibling  first flex_column_div  '     ><section  class='av_textblock_section av-l4iin3re-68c3c6cea9d342296181a3268a494818 '   itemscope=\"itemscope\" itemtype=\"https:\/\/schema.org\/CreativeWork\" ><div class='avia_textblock'  itemprop=\"text\" ><p>Without maintenance, sooner or later failures are inevitable and risk paralyzing your system.<\/p>\n<p>The challenge is:<\/p>\n<ul>\n<li>ensure continued compliance with NF S 61-934, 937, 933 standards,<\/li>\n<li>preserve the value of your investment,<\/li>\n<li>reduce costs associated with corrective maintenance: guarding, travel, parts, etc.<\/li>\n<\/ul>\n<p><strong>Regulatory requirements, mainly based on NF S 61-933, confirm this need.<\/strong><\/p>\n<p>You must regularly :<\/p>\n<ul>\n<li>carry out simple functional tests in real-life situations,<\/li>\n<li>report and correct any malfunctions as they occur,<\/li>\n<li>carry out preventive maintenance tasks: thorough checks, repairs, back-up and adaptation to environmental changes.<\/li>\n<\/ul>\n<p>Article L 230-3 of the French Labor Code states that the person responsible is first and foremost the employer who operates the electrical installations and, by delegation, the person he has appointed to supervise them.<\/p>\n<p><strong>The benefits of a maintenance contract<\/strong><\/p>\n<p>Who better than the manufacturer to commit to maintaining your installations? By subscribing to an Alligator maintenance contract, you will benefit from :<\/p>\n<ul>\n<li>the manufacturer&#8217;s expertise: regulatory watch, product expertise and testing tools,<\/li>\n<li>guaranteed availability of spare parts,<\/li>\n<li>personalized technical assistance from qualified technicians,<\/li>\n<li>a long-term vision of technological developments.<\/li>\n<\/ul>\n<p><strong><u>Maintenance contract<\/u><\/strong><\/p>\n<p>Alligator offers a range of services included in all its maintenance contracts, plus a range of &#8220;\u00e0 la carte&#8221; options. Together, we&#8217;ll put together the service contract that best suits your site&#8217;s operating needs.<\/p>\n<h2><b>Preventive maintenance<\/b><\/h2>\n<p>With the preventive maintenance contract, you automatically benefit from an annual service visit, and you can also select an optional number of &#8220;\u00e0 la carte&#8221; service visits.<\/p>\n<h2><\/h2>\n<h2><b>Corrective maintenance<\/b><\/h2>\n<p>With the corrective maintenance contract, you&#8217;ll benefit from priority scheduling of interventions, repair of equipment under warranty directly on site rather than in the workshop, preferential rates on spare parts and interventions, and a 2-year hardware warranty extension if you sign the maintenance contract on receipt of the system. As an option, you can also select a reduced response time, depending on your geographical location, the number of &#8220;\u00e0 la carte&#8221; corrective maintenance interventions, and the spare parts included.<\/p>\n<h2><\/h2>\n<h2><b>Assistance<\/b><\/h2>\n<p>When you subscribe to the support contract, you&#8217;ll benefit from the company&#8217;s business hours hotline, which will help you identify the source of the malfunction and guide you from the moment you receive the system. The options in this contract give you 24\/7 telephone on-call service, 24\/7 physical on-call service, 1st level technical training and operational training.<\/p>\n<\/div><\/section><\/div>\n","protected":false},"excerpt":{"rendered":"","protected":false},"author":1,"featured_media":0,"parent":0,"menu_order":0,"comment_status":"closed","ping_status":"closed","template":"","meta":{"footnotes":""},"class_list":["post-2163","page","type-page","status-publish","hentry"],"yoast_head":"<!-- This site is optimized with the Yoast SEO plugin v25.4 - https:\/\/yoast.com\/wordpress\/plugins\/seo\/ -->\n<title>Protecting your installations - ALLIGATOR<\/title>\n<meta name=\"robots\" content=\"index, follow, max-snippet:-1, max-image-preview:large, max-video-preview:-1\" \/>\n<link rel=\"canonical\" href=\"https:\/\/alligator-sas.fr\/en\/protecting-your-installations\/\" \/>\n<meta property=\"og:locale\" content=\"en_US\" \/>\n<meta property=\"og:type\" content=\"article\" \/>\n<meta property=\"og:title\" content=\"Protecting your installations - ALLIGATOR\" \/>\n<meta property=\"og:url\" content=\"https:\/\/alligator-sas.fr\/en\/protecting-your-installations\/\" \/>\n<meta property=\"og:site_name\" content=\"ALLIGATOR\" \/>\n<meta property=\"article:modified_time\" content=\"2023-11-08T15:35:06+00:00\" \/>\n<meta name=\"twitter:card\" content=\"summary_large_image\" \/>\n<meta name=\"twitter:site\" content=\"@ReseauDEF\" \/>\n<meta name=\"twitter:label1\" content=\"Est. reading time\" \/>\n\t<meta name=\"twitter:data1\" content=\"3 minutes\" \/>\n<script type=\"application\/ld+json\" class=\"yoast-schema-graph\">{\"@context\":\"https:\/\/schema.org\",\"@graph\":[{\"@type\":\"WebPage\",\"@id\":\"https:\/\/alligator-sas.fr\/en\/protecting-your-installations\/\",\"url\":\"https:\/\/alligator-sas.fr\/en\/protecting-your-installations\/\",\"name\":\"Protecting your installations - ALLIGATOR\",\"isPartOf\":{\"@id\":\"https:\/\/alligator-sas.fr\/#website\"},\"datePublished\":\"2022-06-17T13:57:22+00:00\",\"dateModified\":\"2023-11-08T15:35:06+00:00\",\"breadcrumb\":{\"@id\":\"https:\/\/alligator-sas.fr\/en\/protecting-your-installations\/#breadcrumb\"},\"inLanguage\":\"en-US\",\"potentialAction\":[{\"@type\":\"ReadAction\",\"target\":[\"https:\/\/alligator-sas.fr\/en\/protecting-your-installations\/\"]}]},{\"@type\":\"BreadcrumbList\",\"@id\":\"https:\/\/alligator-sas.fr\/en\/protecting-your-installations\/#breadcrumb\",\"itemListElement\":[{\"@type\":\"ListItem\",\"position\":1,\"name\":\"Accueil\",\"item\":\"https:\/\/alligator-sas.fr\/en\/home-2-2\/\"},{\"@type\":\"ListItem\",\"position\":2,\"name\":\"Protecting your installations\"}]},{\"@type\":\"WebSite\",\"@id\":\"https:\/\/alligator-sas.fr\/#website\",\"url\":\"https:\/\/alligator-sas.fr\/\",\"name\":\"ALLIGATOR\",\"description\":\"La s\u00e9curit\u00e9 \u00e0 l&#039;\u00e9preuve du temps\",\"publisher\":{\"@id\":\"https:\/\/alligator-sas.fr\/#organization\"},\"potentialAction\":[{\"@type\":\"SearchAction\",\"target\":{\"@type\":\"EntryPoint\",\"urlTemplate\":\"https:\/\/alligator-sas.fr\/?s={search_term_string}\"},\"query-input\":{\"@type\":\"PropertyValueSpecification\",\"valueRequired\":true,\"valueName\":\"search_term_string\"}}],\"inLanguage\":\"en-US\"},{\"@type\":\"Organization\",\"@id\":\"https:\/\/alligator-sas.fr\/#organization\",\"name\":\"ALLIGATOR\",\"url\":\"https:\/\/alligator-sas.fr\/\",\"logo\":{\"@type\":\"ImageObject\",\"inLanguage\":\"en-US\",\"@id\":\"https:\/\/alligator-sas.fr\/#\/schema\/logo\/image\/\",\"url\":\"https:\/\/alligator-sas.fr\/wp-content\/uploads\/2022\/04\/logo-alligator-v2.png\",\"contentUrl\":\"https:\/\/alligator-sas.fr\/wp-content\/uploads\/2022\/04\/logo-alligator-v2.png\",\"width\":800,\"height\":194,\"caption\":\"ALLIGATOR\"},\"image\":{\"@id\":\"https:\/\/alligator-sas.fr\/#\/schema\/logo\/image\/\"},\"sameAs\":[\"https:\/\/x.com\/ReseauDEF\",\"https:\/\/www.linkedin.com\/company\/alligator-sas\/\"]}]}<\/script>\n<!-- \/ Yoast SEO plugin. -->","yoast_head_json":{"title":"Protecting your installations - ALLIGATOR","robots":{"index":"index","follow":"follow","max-snippet":"max-snippet:-1","max-image-preview":"max-image-preview:large","max-video-preview":"max-video-preview:-1"},"canonical":"https:\/\/alligator-sas.fr\/en\/protecting-your-installations\/","og_locale":"en_US","og_type":"article","og_title":"Protecting your installations - ALLIGATOR","og_url":"https:\/\/alligator-sas.fr\/en\/protecting-your-installations\/","og_site_name":"ALLIGATOR","article_modified_time":"2023-11-08T15:35:06+00:00","twitter_card":"summary_large_image","twitter_site":"@ReseauDEF","twitter_misc":{"Est. reading time":"3 minutes"},"schema":{"@context":"https:\/\/schema.org","@graph":[{"@type":"WebPage","@id":"https:\/\/alligator-sas.fr\/en\/protecting-your-installations\/","url":"https:\/\/alligator-sas.fr\/en\/protecting-your-installations\/","name":"Protecting your installations - ALLIGATOR","isPartOf":{"@id":"https:\/\/alligator-sas.fr\/#website"},"datePublished":"2022-06-17T13:57:22+00:00","dateModified":"2023-11-08T15:35:06+00:00","breadcrumb":{"@id":"https:\/\/alligator-sas.fr\/en\/protecting-your-installations\/#breadcrumb"},"inLanguage":"en-US","potentialAction":[{"@type":"ReadAction","target":["https:\/\/alligator-sas.fr\/en\/protecting-your-installations\/"]}]},{"@type":"BreadcrumbList","@id":"https:\/\/alligator-sas.fr\/en\/protecting-your-installations\/#breadcrumb","itemListElement":[{"@type":"ListItem","position":1,"name":"Accueil","item":"https:\/\/alligator-sas.fr\/en\/home-2-2\/"},{"@type":"ListItem","position":2,"name":"Protecting your installations"}]},{"@type":"WebSite","@id":"https:\/\/alligator-sas.fr\/#website","url":"https:\/\/alligator-sas.fr\/","name":"ALLIGATOR","description":"La s\u00e9curit\u00e9 \u00e0 l&#039;\u00e9preuve du temps","publisher":{"@id":"https:\/\/alligator-sas.fr\/#organization"},"potentialAction":[{"@type":"SearchAction","target":{"@type":"EntryPoint","urlTemplate":"https:\/\/alligator-sas.fr\/?s={search_term_string}"},"query-input":{"@type":"PropertyValueSpecification","valueRequired":true,"valueName":"search_term_string"}}],"inLanguage":"en-US"},{"@type":"Organization","@id":"https:\/\/alligator-sas.fr\/#organization","name":"ALLIGATOR","url":"https:\/\/alligator-sas.fr\/","logo":{"@type":"ImageObject","inLanguage":"en-US","@id":"https:\/\/alligator-sas.fr\/#\/schema\/logo\/image\/","url":"https:\/\/alligator-sas.fr\/wp-content\/uploads\/2022\/04\/logo-alligator-v2.png","contentUrl":"https:\/\/alligator-sas.fr\/wp-content\/uploads\/2022\/04\/logo-alligator-v2.png","width":800,"height":194,"caption":"ALLIGATOR"},"image":{"@id":"https:\/\/alligator-sas.fr\/#\/schema\/logo\/image\/"},"sameAs":["https:\/\/x.com\/ReseauDEF","https:\/\/www.linkedin.com\/company\/alligator-sas\/"]}]}},"_links":{"self":[{"href":"https:\/\/alligator-sas.fr\/en\/wp-json\/wp\/v2\/pages\/2163","targetHints":{"allow":["GET"]}}],"collection":[{"href":"https:\/\/alligator-sas.fr\/en\/wp-json\/wp\/v2\/pages"}],"about":[{"href":"https:\/\/alligator-sas.fr\/en\/wp-json\/wp\/v2\/types\/page"}],"author":[{"embeddable":true,"href":"https:\/\/alligator-sas.fr\/en\/wp-json\/wp\/v2\/users\/1"}],"replies":[{"embeddable":true,"href":"https:\/\/alligator-sas.fr\/en\/wp-json\/wp\/v2\/comments?post=2163"}],"version-history":[{"count":2,"href":"https:\/\/alligator-sas.fr\/en\/wp-json\/wp\/v2\/pages\/2163\/revisions"}],"predecessor-version":[{"id":2534,"href":"https:\/\/alligator-sas.fr\/en\/wp-json\/wp\/v2\/pages\/2163\/revisions\/2534"}],"wp:attachment":[{"href":"https:\/\/alligator-sas.fr\/en\/wp-json\/wp\/v2\/media?parent=2163"}],"curies":[{"name":"wp","href":"https:\/\/api.w.org\/{rel}","templated":true}]}}