{"id":2167,"date":"2023-02-02T16:04:39","date_gmt":"2023-02-02T15:04:39","guid":{"rendered":"https:\/\/alligator-sas.fr\/products\/centralized-ugcis\/"},"modified":"2023-11-08T15:49:24","modified_gmt":"2023-11-08T14:49:24","slug":"centralized-ugcis","status":"publish","type":"page","link":"https:\/\/alligator-sas.fr\/en\/products\/centralized-ugcis\/","title":{"rendered":"Centralized &#8211; UGCIS"},"content":{"rendered":"\n<style type=\"text\/css\" data-created_by=\"avia_inline_auto\" id=\"style-css-av-ldn863wp-5839a3fb7b2ac3d0bf9ec510bf1dd451\">\n#top .av-special-heading.av-ldn863wp-5839a3fb7b2ac3d0bf9ec510bf1dd451{\npadding-bottom:10px;\n}\nbody .av-special-heading.av-ldn863wp-5839a3fb7b2ac3d0bf9ec510bf1dd451 .av-special-heading-tag .heading-char{\nfont-size:25px;\n}\n.av-special-heading.av-ldn863wp-5839a3fb7b2ac3d0bf9ec510bf1dd451 .av-subheading{\nfont-size:15px;\n}\n<\/style>\n<div  class='av-special-heading av-ldn863wp-5839a3fb7b2ac3d0bf9ec510bf1dd451 av-special-heading-h2 blockquote modern-quote  avia-builder-el-0  el_before_av_textblock  avia-builder-el-first '><h2 class='av-special-heading-tag '  itemprop=\"headline\"  >CENTRALIZED MANAGEMENT OF EMERGENCY EXITS<\/h2><div class=\"special-heading-border\"><div class=\"special-heading-inner-border\"><\/div><\/div><\/div>\n<section  class='av_textblock_section av-ldn86f9i-1e79cd80ebb6559fa27ff163d1d852fe '   itemscope=\"itemscope\" itemtype=\"https:\/\/schema.org\/CreativeWork\" ><div class='avia_textblock'  itemprop=\"text\" ><h3>What is a UGCIS?<\/h3>\n<p>A UGCIS\u00a0(Centralised Emergency Exit Management Unit) enables centralised management of emergency exits by controlling exit requests via the exits by removing any doubt before the door is released.<\/p>\n<p>Doors are kept locked by operated safety devices (DAS). These are managed from the Centralised Emergency Exit Management Unit (UGCIS) via an Opening Request Device (DDO) located near the exit concerned. The DDO must inform the user by an audible and visual signal that the request has been accepted.<\/p>\n<p>Emergency unlocking of these exits is possible in three ways:<\/p>\n<p>-Either by activating the manual emergency command for the zone concerned from the UGCIS;<\/p>\n<p>-Or by automatically activating all the exits in the zone concerned via the general evacuation system located upstream;<\/p>\n<p>-Or by a local action on the DDO, placed near the exit in question and resulting in the unlocking of the DAS after a time delay of 8 seconds (T1).<\/p>\n<p><img loading=\"lazy\" decoding=\"async\" class=\"alignnone wp-image-1207\" src=\"https:\/\/alligator-sas.fr\/wp-content\/uploads\/2023\/03\/Capture-decran-2023-03-27-094430-300x162.png\" alt=\"\" width=\"515\" height=\"278\" srcset=\"https:\/\/alligator-sas.fr\/wp-content\/uploads\/2023\/03\/Capture-decran-2023-03-27-094430-300x162.png 300w, https:\/\/alligator-sas.fr\/wp-content\/uploads\/2023\/03\/Capture-decran-2023-03-27-094430-1030x555.png 1030w, https:\/\/alligator-sas.fr\/wp-content\/uploads\/2023\/03\/Capture-decran-2023-03-27-094430-768x414.png 768w, https:\/\/alligator-sas.fr\/wp-content\/uploads\/2023\/03\/Capture-decran-2023-03-27-094430-705x380.png 705w, https:\/\/alligator-sas.fr\/wp-content\/uploads\/2023\/03\/Capture-decran-2023-03-27-094430.png 1346w\" sizes=\"auto, (max-width: 515px) 100vw, 515px\" \/><\/p>\n<p>During the T1 time delay, the staff at the central security station can, by acting on the central part of the UGCIS, ensure that locking is maintained during a T2 time delay.<\/p>\n<p><img loading=\"lazy\" decoding=\"async\" class=\"alignnone wp-image-1211\" src=\"https:\/\/alligator-sas.fr\/wp-content\/uploads\/2023\/03\/Capture-decran-2023-03-27-095455-300x164.png\" alt=\"\" width=\"519\" height=\"284\" srcset=\"https:\/\/alligator-sas.fr\/wp-content\/uploads\/2023\/03\/Capture-decran-2023-03-27-095455-300x164.png 300w, https:\/\/alligator-sas.fr\/wp-content\/uploads\/2023\/03\/Capture-decran-2023-03-27-095455-1030x563.png 1030w, https:\/\/alligator-sas.fr\/wp-content\/uploads\/2023\/03\/Capture-decran-2023-03-27-095455-768x420.png 768w, https:\/\/alligator-sas.fr\/wp-content\/uploads\/2023\/03\/Capture-decran-2023-03-27-095455-705x385.png 705w, https:\/\/alligator-sas.fr\/wp-content\/uploads\/2023\/03\/Capture-decran-2023-03-27-095455.png 1363w\" sizes=\"auto, (max-width: 519px) 100vw, 519px\" \/><\/p>\n<p>If no action is taken, the door in question is unlocked when the T1 time delay expires. Time delays can only be managed if the security personnel have a direct view of the emergency exit, or if they are assisted by a video protection system. When the T2 time delay expires, the exit in question is unlocked. The T2 time delay can be cancelled by acting on the central unit, which immediately unlocks the emergency exit. During these time delays, any alarm zone can still be made safe.<\/p>\n<\/div><\/section>\n","protected":false},"excerpt":{"rendered":"","protected":false},"author":1,"featured_media":0,"parent":2159,"menu_order":0,"comment_status":"closed","ping_status":"closed","template":"","meta":{"footnotes":""},"class_list":["post-2167","page","type-page","status-publish","hentry"],"yoast_head":"<!-- This site is optimized with the Yoast SEO plugin v25.4 - https:\/\/yoast.com\/wordpress\/plugins\/seo\/ -->\n<title>Centralized - UGCIS - ALLIGATOR<\/title>\n<meta name=\"robots\" content=\"index, follow, max-snippet:-1, max-image-preview:large, max-video-preview:-1\" \/>\n<link rel=\"canonical\" href=\"https:\/\/alligator-sas.fr\/en\/products\/centralized-ugcis\/\" \/>\n<meta property=\"og:locale\" content=\"en_US\" \/>\n<meta property=\"og:type\" content=\"article\" \/>\n<meta property=\"og:title\" content=\"Centralized - UGCIS - ALLIGATOR\" \/>\n<meta property=\"og:url\" content=\"https:\/\/alligator-sas.fr\/en\/products\/centralized-ugcis\/\" \/>\n<meta property=\"og:site_name\" content=\"ALLIGATOR\" \/>\n<meta property=\"article:modified_time\" content=\"2023-11-08T14:49:24+00:00\" \/>\n<meta property=\"og:image\" content=\"https:\/\/alligator-sas.fr\/wp-content\/uploads\/2023\/03\/Capture-decran-2023-03-27-094430-300x162.png\" \/>\n<meta name=\"twitter:card\" content=\"summary_large_image\" \/>\n<meta name=\"twitter:site\" content=\"@ReseauDEF\" \/>\n<meta name=\"twitter:label1\" content=\"Est. reading time\" \/>\n\t<meta name=\"twitter:data1\" content=\"3 minutes\" \/>\n<script type=\"application\/ld+json\" class=\"yoast-schema-graph\">{\"@context\":\"https:\/\/schema.org\",\"@graph\":[{\"@type\":\"WebPage\",\"@id\":\"https:\/\/alligator-sas.fr\/en\/products\/centralized-ugcis\/\",\"url\":\"https:\/\/alligator-sas.fr\/en\/products\/centralized-ugcis\/\",\"name\":\"Centralized - UGCIS - ALLIGATOR\",\"isPartOf\":{\"@id\":\"https:\/\/alligator-sas.fr\/#website\"},\"primaryImageOfPage\":{\"@id\":\"https:\/\/alligator-sas.fr\/en\/products\/centralized-ugcis\/#primaryimage\"},\"image\":{\"@id\":\"https:\/\/alligator-sas.fr\/en\/products\/centralized-ugcis\/#primaryimage\"},\"thumbnailUrl\":\"https:\/\/alligator-sas.fr\/wp-content\/uploads\/2023\/03\/Capture-decran-2023-03-27-094430-300x162.png\",\"datePublished\":\"2023-02-02T15:04:39+00:00\",\"dateModified\":\"2023-11-08T14:49:24+00:00\",\"breadcrumb\":{\"@id\":\"https:\/\/alligator-sas.fr\/en\/products\/centralized-ugcis\/#breadcrumb\"},\"inLanguage\":\"en-US\",\"potentialAction\":[{\"@type\":\"ReadAction\",\"target\":[\"https:\/\/alligator-sas.fr\/en\/products\/centralized-ugcis\/\"]}]},{\"@type\":\"ImageObject\",\"inLanguage\":\"en-US\",\"@id\":\"https:\/\/alligator-sas.fr\/en\/products\/centralized-ugcis\/#primaryimage\",\"url\":\"https:\/\/alligator-sas.fr\/wp-content\/uploads\/2023\/03\/Capture-decran-2023-03-27-094430-300x162.png\",\"contentUrl\":\"https:\/\/alligator-sas.fr\/wp-content\/uploads\/2023\/03\/Capture-decran-2023-03-27-094430-300x162.png\"},{\"@type\":\"BreadcrumbList\",\"@id\":\"https:\/\/alligator-sas.fr\/en\/products\/centralized-ugcis\/#breadcrumb\",\"itemListElement\":[{\"@type\":\"ListItem\",\"position\":1,\"name\":\"Accueil\",\"item\":\"https:\/\/alligator-sas.fr\/en\/home-2-2\/\"},{\"@type\":\"ListItem\",\"position\":2,\"name\":\"Products\",\"item\":\"https:\/\/alligator-sas.fr\/en\/products\/\"},{\"@type\":\"ListItem\",\"position\":3,\"name\":\"Centralized &#8211; UGCIS\"}]},{\"@type\":\"WebSite\",\"@id\":\"https:\/\/alligator-sas.fr\/#website\",\"url\":\"https:\/\/alligator-sas.fr\/\",\"name\":\"ALLIGATOR\",\"description\":\"La s\u00e9curit\u00e9 \u00e0 l&#039;\u00e9preuve du temps\",\"publisher\":{\"@id\":\"https:\/\/alligator-sas.fr\/#organization\"},\"potentialAction\":[{\"@type\":\"SearchAction\",\"target\":{\"@type\":\"EntryPoint\",\"urlTemplate\":\"https:\/\/alligator-sas.fr\/?s={search_term_string}\"},\"query-input\":{\"@type\":\"PropertyValueSpecification\",\"valueRequired\":true,\"valueName\":\"search_term_string\"}}],\"inLanguage\":\"en-US\"},{\"@type\":\"Organization\",\"@id\":\"https:\/\/alligator-sas.fr\/#organization\",\"name\":\"ALLIGATOR\",\"url\":\"https:\/\/alligator-sas.fr\/\",\"logo\":{\"@type\":\"ImageObject\",\"inLanguage\":\"en-US\",\"@id\":\"https:\/\/alligator-sas.fr\/#\/schema\/logo\/image\/\",\"url\":\"https:\/\/alligator-sas.fr\/wp-content\/uploads\/2022\/04\/logo-alligator-v2.png\",\"contentUrl\":\"https:\/\/alligator-sas.fr\/wp-content\/uploads\/2022\/04\/logo-alligator-v2.png\",\"width\":800,\"height\":194,\"caption\":\"ALLIGATOR\"},\"image\":{\"@id\":\"https:\/\/alligator-sas.fr\/#\/schema\/logo\/image\/\"},\"sameAs\":[\"https:\/\/x.com\/ReseauDEF\",\"https:\/\/www.linkedin.com\/company\/alligator-sas\/\"]}]}<\/script>\n<!-- \/ Yoast SEO plugin. -->","yoast_head_json":{"title":"Centralized - UGCIS - ALLIGATOR","robots":{"index":"index","follow":"follow","max-snippet":"max-snippet:-1","max-image-preview":"max-image-preview:large","max-video-preview":"max-video-preview:-1"},"canonical":"https:\/\/alligator-sas.fr\/en\/products\/centralized-ugcis\/","og_locale":"en_US","og_type":"article","og_title":"Centralized - UGCIS - ALLIGATOR","og_url":"https:\/\/alligator-sas.fr\/en\/products\/centralized-ugcis\/","og_site_name":"ALLIGATOR","article_modified_time":"2023-11-08T14:49:24+00:00","og_image":[{"url":"https:\/\/alligator-sas.fr\/wp-content\/uploads\/2023\/03\/Capture-decran-2023-03-27-094430-300x162.png","type":"","width":"","height":""}],"twitter_card":"summary_large_image","twitter_site":"@ReseauDEF","twitter_misc":{"Est. reading time":"3 minutes"},"schema":{"@context":"https:\/\/schema.org","@graph":[{"@type":"WebPage","@id":"https:\/\/alligator-sas.fr\/en\/products\/centralized-ugcis\/","url":"https:\/\/alligator-sas.fr\/en\/products\/centralized-ugcis\/","name":"Centralized - UGCIS - ALLIGATOR","isPartOf":{"@id":"https:\/\/alligator-sas.fr\/#website"},"primaryImageOfPage":{"@id":"https:\/\/alligator-sas.fr\/en\/products\/centralized-ugcis\/#primaryimage"},"image":{"@id":"https:\/\/alligator-sas.fr\/en\/products\/centralized-ugcis\/#primaryimage"},"thumbnailUrl":"https:\/\/alligator-sas.fr\/wp-content\/uploads\/2023\/03\/Capture-decran-2023-03-27-094430-300x162.png","datePublished":"2023-02-02T15:04:39+00:00","dateModified":"2023-11-08T14:49:24+00:00","breadcrumb":{"@id":"https:\/\/alligator-sas.fr\/en\/products\/centralized-ugcis\/#breadcrumb"},"inLanguage":"en-US","potentialAction":[{"@type":"ReadAction","target":["https:\/\/alligator-sas.fr\/en\/products\/centralized-ugcis\/"]}]},{"@type":"ImageObject","inLanguage":"en-US","@id":"https:\/\/alligator-sas.fr\/en\/products\/centralized-ugcis\/#primaryimage","url":"https:\/\/alligator-sas.fr\/wp-content\/uploads\/2023\/03\/Capture-decran-2023-03-27-094430-300x162.png","contentUrl":"https:\/\/alligator-sas.fr\/wp-content\/uploads\/2023\/03\/Capture-decran-2023-03-27-094430-300x162.png"},{"@type":"BreadcrumbList","@id":"https:\/\/alligator-sas.fr\/en\/products\/centralized-ugcis\/#breadcrumb","itemListElement":[{"@type":"ListItem","position":1,"name":"Accueil","item":"https:\/\/alligator-sas.fr\/en\/home-2-2\/"},{"@type":"ListItem","position":2,"name":"Products","item":"https:\/\/alligator-sas.fr\/en\/products\/"},{"@type":"ListItem","position":3,"name":"Centralized &#8211; UGCIS"}]},{"@type":"WebSite","@id":"https:\/\/alligator-sas.fr\/#website","url":"https:\/\/alligator-sas.fr\/","name":"ALLIGATOR","description":"La s\u00e9curit\u00e9 \u00e0 l&#039;\u00e9preuve du temps","publisher":{"@id":"https:\/\/alligator-sas.fr\/#organization"},"potentialAction":[{"@type":"SearchAction","target":{"@type":"EntryPoint","urlTemplate":"https:\/\/alligator-sas.fr\/?s={search_term_string}"},"query-input":{"@type":"PropertyValueSpecification","valueRequired":true,"valueName":"search_term_string"}}],"inLanguage":"en-US"},{"@type":"Organization","@id":"https:\/\/alligator-sas.fr\/#organization","name":"ALLIGATOR","url":"https:\/\/alligator-sas.fr\/","logo":{"@type":"ImageObject","inLanguage":"en-US","@id":"https:\/\/alligator-sas.fr\/#\/schema\/logo\/image\/","url":"https:\/\/alligator-sas.fr\/wp-content\/uploads\/2022\/04\/logo-alligator-v2.png","contentUrl":"https:\/\/alligator-sas.fr\/wp-content\/uploads\/2022\/04\/logo-alligator-v2.png","width":800,"height":194,"caption":"ALLIGATOR"},"image":{"@id":"https:\/\/alligator-sas.fr\/#\/schema\/logo\/image\/"},"sameAs":["https:\/\/x.com\/ReseauDEF","https:\/\/www.linkedin.com\/company\/alligator-sas\/"]}]}},"_links":{"self":[{"href":"https:\/\/alligator-sas.fr\/en\/wp-json\/wp\/v2\/pages\/2167","targetHints":{"allow":["GET"]}}],"collection":[{"href":"https:\/\/alligator-sas.fr\/en\/wp-json\/wp\/v2\/pages"}],"about":[{"href":"https:\/\/alligator-sas.fr\/en\/wp-json\/wp\/v2\/types\/page"}],"author":[{"embeddable":true,"href":"https:\/\/alligator-sas.fr\/en\/wp-json\/wp\/v2\/users\/1"}],"replies":[{"embeddable":true,"href":"https:\/\/alligator-sas.fr\/en\/wp-json\/wp\/v2\/comments?post=2167"}],"version-history":[{"count":2,"href":"https:\/\/alligator-sas.fr\/en\/wp-json\/wp\/v2\/pages\/2167\/revisions"}],"predecessor-version":[{"id":2418,"href":"https:\/\/alligator-sas.fr\/en\/wp-json\/wp\/v2\/pages\/2167\/revisions\/2418"}],"up":[{"embeddable":true,"href":"https:\/\/alligator-sas.fr\/en\/wp-json\/wp\/v2\/pages\/2159"}],"wp:attachment":[{"href":"https:\/\/alligator-sas.fr\/en\/wp-json\/wp\/v2\/media?parent=2167"}],"curies":[{"name":"wp","href":"https:\/\/api.w.org\/{rel}","templated":true}]}}