{"id":2198,"date":"2023-01-30T14:25:06","date_gmt":"2023-01-30T13:25:06","guid":{"rendered":"https:\/\/alligator-sas.fr\/products\/centralized-ugcis\/operations-support-unit\/"},"modified":"2023-11-08T15:51:38","modified_gmt":"2023-11-08T14:51:38","slug":"operations-support-unit","status":"publish","type":"page","link":"https:\/\/alligator-sas.fr\/en\/products\/centralized-ugcis\/operations-support-unit\/","title":{"rendered":"Operations Support Unit"},"content":{"rendered":"<div id='av_section_1'  class='avia-section av-2oako8-7312ec6787665a78d430d18c245da619 main_color avia-section-no-padding avia-no-border-styling  avia-builder-el-0  avia-builder-el-no-sibling  avia-bg-style-scroll container_wrap sidebar_right'  ><div class='container av-section-cont-open' ><main  role=\"main\" itemprop=\"mainContentOfPage\"  class='template-page content  av-content-small alpha units'><div class='post-entry post-entry-type-page post-entry-2198'><div class='entry-content-wrapper clearfix'>\n\n<style type=\"text\/css\" data-created_by=\"avia_inline_auto\" id=\"style-css-av-lcgbn81w-9cfd7559e1b00055a8e7f1772f426275\">\n#top .av-special-heading.av-lcgbn81w-9cfd7559e1b00055a8e7f1772f426275{\npadding-bottom:30px;\n}\nbody .av-special-heading.av-lcgbn81w-9cfd7559e1b00055a8e7f1772f426275 .av-special-heading-tag .heading-char{\nfont-size:25px;\n}\n.av-special-heading.av-lcgbn81w-9cfd7559e1b00055a8e7f1772f426275 .av-subheading{\nfont-size:15px;\n}\n<\/style>\n<div  class='av-special-heading av-lcgbn81w-9cfd7559e1b00055a8e7f1772f426275 av-special-heading-h2 blockquote modern-quote  avia-builder-el-1  el_before_av_one_third  avia-builder-el-first '><h2 class='av-special-heading-tag '  itemprop=\"headline\"  >Operations Support Unit<\/h2><div class=\"special-heading-border\"><div class=\"special-heading-inner-border\"><\/div><\/div><\/div>\n\n<style type=\"text\/css\" data-created_by=\"avia_inline_auto\" id=\"style-css-av-1jtx4g-9b7b440fc74231f1813cc4579f55f342\">\n@keyframes av_boxShadowEffect_av-1jtx4g-9b7b440fc74231f1813cc4579f55f342-column {\n0%   { box-shadow:  0 0 0 0 #9e9e9e; opacity: 1; }\n100% { box-shadow:  0 0 6px 0 #9e9e9e; opacity: 1; }\n}\n.flex_column.av-1jtx4g-9b7b440fc74231f1813cc4579f55f342{\nbox-shadow: 0 0 6px 0 #9e9e9e;\npadding:5px 20px 12px 20px;\nbackground-color:#ffffff;\n}\n.flex_column.av-1jtx4g-9b7b440fc74231f1813cc4579f55f342 .avia-divider-svg-bottom svg{\nheight:50px;\nfill:#333333;\n}\n<\/style>\n<div  class='flex_column av-1jtx4g-9b7b440fc74231f1813cc4579f55f342 av_one_third  avia-builder-el-2  el_after_av_heading  el_before_av_one_third  first flex_column_div shadow-not-animated  '     ><div class='avia-divider-svg avia-divider-svg-tilt avia-divider-svg-bottom avia-svg-original'><svg xmlns=\"http:\/\/www.w3.org\/2000\/svg\" viewBox=\"0 0 1000 100\" preserveAspectRatio=\"none\">\n\t<path d=\"M0,6V0h1000v100L0,6z\"\/>\n<\/svg><\/div><p>\n<style type=\"text\/css\" data-created_by=\"avia_inline_auto\" id=\"style-css-av-ldimw4fv-49a4cdc460c6b050b405ef1bd701945b\">\n#top .av-special-heading.av-ldimw4fv-49a4cdc460c6b050b405ef1bd701945b{\nmargin:10px 0 25px 0;\n}\nbody .av-special-heading.av-ldimw4fv-49a4cdc460c6b050b405ef1bd701945b .av-special-heading-tag .heading-char{\nfont-size:25px;\n}\n.av-special-heading.av-ldimw4fv-49a4cdc460c6b050b405ef1bd701945b .av-subheading{\nfont-size:15px;\n}\n<\/style>\n<div  class='av-special-heading av-ldimw4fv-49a4cdc460c6b050b405ef1bd701945b av-special-heading-h3 blockquote elegant-quote elegant-centered  avia-builder-el-3  el_before_av_image  avia-builder-el-first '><h3 class='av-special-heading-tag '  itemprop=\"headline\"  ><span class=\"heading-wrap\">Visualis 3D<\/span><\/h3><div class=\"special-heading-border\"><div class=\"special-heading-inner-border\"><\/div><\/div><\/div><br \/>\n\n<style type=\"text\/css\" data-created_by=\"avia_inline_auto\" id=\"style-css-av-ldiodd2p-79664b3146683959fe74b189ee09b797\">\n.avia-image-container.av-ldiodd2p-79664b3146683959fe74b189ee09b797 img.avia_image{\nbox-shadow:none;\n}\n.avia-image-container.av-ldiodd2p-79664b3146683959fe74b189ee09b797 .av-image-caption-overlay-center{\ncolor:#ffffff;\n}\n<\/style>\n<div  class='avia-image-container av-ldiodd2p-79664b3146683959fe74b189ee09b797 av-styling- avia-align-center  avia-builder-el-4  el_after_av_heading  el_before_av_iconlist '   itemprop=\"image\" itemscope=\"itemscope\" itemtype=\"https:\/\/schema.org\/ImageObject\" ><div class=\"avia-image-container-inner\"><div class=\"avia-image-overlay-wrap\"><img decoding=\"async\" fetchpriority=\"high\" class='wp-image-1888 avia-img-lazy-loading-not-1888 avia_image ' src=\"https:\/\/alligator-sas.fr\/wp-content\/uploads\/2023\/01\/visualis3d_2-495x400.jpg\" alt='' title='visualis3d_2'  height=\"400\" width=\"495\"  itemprop=\"thumbnailUrl\"  \/><\/div><\/div><\/div><br \/>\n\n<style type=\"text\/css\" data-created_by=\"avia_inline_auto\" id=\"style-css-av-ldimwgyw-986952ac93e1b94322c9cca5e60ed9e0\">\n#top .avia-icon-list-container.av-ldimwgyw-986952ac93e1b94322c9cca5e60ed9e0 .iconlist_icon{\ncolor:#83a846;\n}\n<\/style>\n<div  class='avia-icon-list-container av-ldimwgyw-986952ac93e1b94322c9cca5e60ed9e0  avia-builder-el-5  el_after_av_image  el_before_av_button '><ul class='avia-icon-list avia_animate_when_almost_visible avia-icon-list-left av-iconlist-small av-ldimwgyw-986952ac93e1b94322c9cca5e60ed9e0 avia-iconlist-animate'>\n<li><div class='iconlist_icon av-ldimw9ig-73377003be294e5ce93429d7a89d16c2 avia-font-entypo-fontello'><span class='iconlist-char' aria-hidden='true' data-av_icon='\ue812' data-av_iconfont='entypo-fontello'><\/span><\/div><article class=\"article-icon-entry av-iconlist-empty\"  itemscope=\"itemscope\" itemtype=\"https:\/\/schema.org\/CreativeWork\" ><div class=\"iconlist_content_wrap\"><header class=\"entry-content-header\" aria-label=\"Icon: UGCIS Supervisor\"><div class='av_iconlist_title iconlist_title_small  '  itemprop=\"headline\" >UGCIS Supervisor<\/div><\/header><div class='iconlist_content '  itemprop=\"text\" ><\/div><\/div><footer class=\"entry-footer\"><\/footer><\/article><div class=\"iconlist-timeline\"><\/div><\/li>\n<li><div class='iconlist_icon av-ldimwfpk-56b85a52cbf37f0dbb049a2072a4ad6d avia-font-entypo-fontello'><span class='iconlist-char' aria-hidden='true' data-av_icon='\ue812' data-av_iconfont='entypo-fontello'><\/span><\/div><article class=\"article-icon-entry av-iconlist-empty\"  itemscope=\"itemscope\" itemtype=\"https:\/\/schema.org\/CreativeWork\" ><div class=\"iconlist_content_wrap\"><header class=\"entry-content-header\" aria-label=\"Icon: ALLIGATOR 64 compatible\"><div class='av_iconlist_title iconlist_title_small  '  itemprop=\"headline\" >ALLIGATOR 64 compatible<\/div><\/header><div class='iconlist_content '  itemprop=\"text\" ><\/div><\/div><footer class=\"entry-footer\"><\/footer><\/article><div class=\"iconlist-timeline\"><\/div><\/li>\n<li><div class='iconlist_icon av-ldiubo4l-69b2ce230da1dd4eaeb6e2eb14112a55 avia-font-entypo-fontello'><span class='iconlist-char' aria-hidden='true' data-av_icon='\ue812' data-av_iconfont='entypo-fontello'><\/span><\/div><article class=\"article-icon-entry av-iconlist-empty\"  itemscope=\"itemscope\" itemtype=\"https:\/\/schema.org\/CreativeWork\" ><div class=\"iconlist_content_wrap\"><header class=\"entry-content-header\" aria-label=\"Icon: 3D graphic interface\"><div class='av_iconlist_title iconlist_title_small  '  itemprop=\"headline\" >3D graphic interface<\/div><\/header><div class='iconlist_content '  itemprop=\"text\" ><\/div><\/div><footer class=\"entry-footer\"><\/footer><\/article><div class=\"iconlist-timeline\"><\/div><\/li>\n<\/ul><\/div><br \/>\n<div  class='avia-button-wrap av-1dit74-b6e71a8fad28efe849c2707f2ee9ebd6-wrap avia-button-center  avia-builder-el-6  el_after_av_iconlist  avia-builder-el-last '><a href='https:\/\/alligator-sas.fr\/produit\/centralisee\/unite-daide-a-lexploitation\/visualis-3d\/'  class='avia-button av-1dit74-b6e71a8fad28efe849c2707f2ee9ebd6 av-link-btn avia-icon_select-yes-left-icon avia-size-large avia-position-center avia-color-theme-color'   aria-label=\"Read more\"><span class='avia_button_icon avia_button_icon_left' aria-hidden='true' data-av_icon='\ue81f' data-av_iconfont='entypo-fontello'><\/span><span class='avia_iconbox_title' >Read more<\/span><\/a><\/div><\/p><\/div>\n<style type=\"text\/css\" data-created_by=\"avia_inline_auto\" id=\"style-css-av-1cjeik-6c8dd5a46e9ef7d66a72283a75b7ba0a\">\n@keyframes av_boxShadowEffect_av-1cjeik-6c8dd5a46e9ef7d66a72283a75b7ba0a-column {\n0%   { box-shadow:  0 0 0 0 #9e9e9e; opacity: 1; }\n100% { box-shadow:  0 0 6px 0 #9e9e9e; opacity: 1; }\n}\n.flex_column.av-1cjeik-6c8dd5a46e9ef7d66a72283a75b7ba0a{\nbox-shadow: 0 0 6px 0 #9e9e9e;\npadding:5px 20px 12px 20px;\nbackground-color:#ffffff;\n}\n.flex_column.av-1cjeik-6c8dd5a46e9ef7d66a72283a75b7ba0a .avia-divider-svg-bottom svg{\nheight:50px;\nfill:#333333;\n}\n<\/style>\n<div  class='flex_column av-1cjeik-6c8dd5a46e9ef7d66a72283a75b7ba0a av_one_third  avia-builder-el-7  el_after_av_one_third  el_before_av_hr  flex_column_div shadow-not-animated  '     ><div class='avia-divider-svg avia-divider-svg-tilt avia-divider-svg-bottom avia-svg-original'><svg xmlns=\"http:\/\/www.w3.org\/2000\/svg\" viewBox=\"0 0 1000 100\" preserveAspectRatio=\"none\">\n\t<path d=\"M0,6V0h1000v100L0,6z\"\/>\n<\/svg><\/div><p>\n<style type=\"text\/css\" data-created_by=\"avia_inline_auto\" id=\"style-css-av-17i51w-91d18aa3dc18ba1fb9f2465d7fed1293\">\n#top .av-special-heading.av-17i51w-91d18aa3dc18ba1fb9f2465d7fed1293{\nmargin:10px 0 25px 0;\n}\nbody .av-special-heading.av-17i51w-91d18aa3dc18ba1fb9f2465d7fed1293 .av-special-heading-tag .heading-char{\nfont-size:25px;\n}\n.av-special-heading.av-17i51w-91d18aa3dc18ba1fb9f2465d7fed1293 .av-subheading{\nfont-size:15px;\n}\n<\/style>\n<div  class='av-special-heading av-17i51w-91d18aa3dc18ba1fb9f2465d7fed1293 av-special-heading-h3 blockquote elegant-quote elegant-centered  avia-builder-el-8  el_before_av_image  avia-builder-el-first '><h3 class='av-special-heading-tag '  itemprop=\"headline\"  ><span class=\"heading-wrap\">TEREX<\/span><\/h3><div class=\"special-heading-border\"><div class=\"special-heading-inner-border\"><\/div><\/div><\/div><br \/>\n\n<style type=\"text\/css\" data-created_by=\"avia_inline_auto\" id=\"style-css-av-11r3ck-d6e8bc3a2fcbcf2fa4344c5f6f241b6d\">\n.avia-image-container.av-11r3ck-d6e8bc3a2fcbcf2fa4344c5f6f241b6d img.avia_image{\nbox-shadow:none;\n}\n.avia-image-container.av-11r3ck-d6e8bc3a2fcbcf2fa4344c5f6f241b6d .av-image-caption-overlay-center{\ncolor:#ffffff;\n}\n<\/style>\n<div  class='avia-image-container av-11r3ck-d6e8bc3a2fcbcf2fa4344c5f6f241b6d av-styling- avia-align-center  avia-builder-el-9  el_after_av_heading  el_before_av_iconlist '   itemprop=\"image\" itemscope=\"itemscope\" itemtype=\"https:\/\/schema.org\/ImageObject\" ><div class=\"avia-image-container-inner\"><div class=\"avia-image-overlay-wrap\"><img decoding=\"async\" fetchpriority=\"high\" class='wp-image-1889 avia-img-lazy-loading-not-1889 avia_image ' src=\"https:\/\/alligator-sas.fr\/wp-content\/uploads\/2023\/01\/TEREX-495x400.jpg\" alt='' title='TEREX'  height=\"400\" width=\"495\"  itemprop=\"thumbnailUrl\"  \/><\/div><\/div><\/div><br \/>\n\n<style type=\"text\/css\" data-created_by=\"avia_inline_auto\" id=\"style-css-av-3h4ic-464b8399dbbd050c683221a43e9b3910\">\n#top .avia-icon-list-container.av-3h4ic-464b8399dbbd050c683221a43e9b3910 .iconlist_icon{\ncolor:#83a846;\n}\n<\/style>\n<div  class='avia-icon-list-container av-3h4ic-464b8399dbbd050c683221a43e9b3910  avia-builder-el-10  el_after_av_image  el_before_av_button '><ul class='avia-icon-list avia_animate_when_almost_visible avia-icon-list-left av-iconlist-small av-3h4ic-464b8399dbbd050c683221a43e9b3910 avia-iconlist-animate'>\n<li><div class='iconlist_icon av-2vrzo-9dd931a3f61942c31f6d61f3e5356ee7 avia-font-entypo-fontello'><span class='iconlist-char' aria-hidden='true' data-av_icon='\ue812' data-av_iconfont='entypo-fontello'><\/span><\/div><article class=\"article-icon-entry av-iconlist-empty\"  itemscope=\"itemscope\" itemtype=\"https:\/\/schema.org\/CreativeWork\" ><div class=\"iconlist_content_wrap\"><header class=\"entry-content-header\" aria-label=\"Icon: ALLIGATOR 64 compatible\"><div class='av_iconlist_title iconlist_title_small  '  itemprop=\"headline\" >ALLIGATOR 64 compatible<\/div><\/header><div class='iconlist_content '  itemprop=\"text\" ><\/div><\/div><footer class=\"entry-footer\"><\/footer><\/article><div class=\"iconlist-timeline\"><\/div><\/li>\n<li><div class='iconlist_icon av-ne6jw-73d4c1ab0846eaecedbfd990425b1a61 avia-font-entypo-fontello'><span class='iconlist-char' aria-hidden='true' data-av_icon='\ue812' data-av_iconfont='entypo-fontello'><\/span><\/div><article class=\"article-icon-entry av-iconlist-empty\"  itemscope=\"itemscope\" itemtype=\"https:\/\/schema.org\/CreativeWork\" ><div class=\"iconlist_content_wrap\"><header class=\"entry-content-header\" aria-label=\"Icon: Support for multiple ALLIGATOR 64\"><div class='av_iconlist_title iconlist_title_small  '  itemprop=\"headline\" >Support for multiple ALLIGATOR 64<\/div><\/header><div class='iconlist_content '  itemprop=\"text\" ><\/div><\/div><footer class=\"entry-footer\"><\/footer><\/article><div class=\"iconlist-timeline\"><\/div><\/li>\n<li><div class='iconlist_icon av-hetgs-b056cf60de38d7a9307c31781f2a6ec9 avia-font-entypo-fontello'><span class='iconlist-char' aria-hidden='true' data-av_icon='\ue812' data-av_iconfont='entypo-fontello'><\/span><\/div><article class=\"article-icon-entry av-iconlist-empty\"  itemscope=\"itemscope\" itemtype=\"https:\/\/schema.org\/CreativeWork\" ><div class=\"iconlist_content_wrap\"><header class=\"entry-content-header\" aria-label=\"Icon: Door-to-door management\"><div class='av_iconlist_title iconlist_title_small  '  itemprop=\"headline\" >Door-to-door management<\/div><\/header><div class='iconlist_content '  itemprop=\"text\" ><\/div><\/div><footer class=\"entry-footer\"><\/footer><\/article><div class=\"iconlist-timeline\"><\/div><\/li>\n<\/ul><\/div><br \/>\n<div  class='avia-button-wrap av-73tr8-f81943b36a01df5f8eb80c0ea9849ab9-wrap avia-button-center  avia-builder-el-11  el_after_av_iconlist  avia-builder-el-last '><a href='https:\/\/alligator-sas.fr\/produit\/centralisee\/unite-daide-a-lexploitation\/terex-2\/'  class='avia-button av-73tr8-f81943b36a01df5f8eb80c0ea9849ab9 av-link-btn avia-icon_select-yes-left-icon avia-size-large avia-position-center avia-color-theme-color'   aria-label=\"Read more\"><span class='avia_button_icon avia_button_icon_left' aria-hidden='true' data-av_icon='\ue81f' data-av_iconfont='entypo-fontello'><\/span><span class='avia_iconbox_title' >Read more<\/span><\/a><\/div><\/p><\/div><div  class='hr av-a58iw-7801e5f28a6415b4f8159740827bcfd2 hr-default  avia-builder-el-12  el_after_av_one_third  avia-builder-el-last '><span class='hr-inner '><span class=\"hr-inner-style\"><\/span><\/span><\/div>\n<\/div><\/div><\/main><!-- close content main element --><\/div><\/div><div id='after_section_1'  class='main_color av_default_container_wrap container_wrap sidebar_right'  ><div class='container av-section-cont-open' ><div class='template-page content  av-content-small alpha units'><div class='post-entry post-entry-type-page post-entry-2198'><div class='entry-content-wrapper clearfix'>\n","protected":false},"excerpt":{"rendered":"","protected":false},"author":1,"featured_media":0,"parent":2167,"menu_order":0,"comment_status":"closed","ping_status":"closed","template":"","meta":{"footnotes":""},"class_list":["post-2198","page","type-page","status-publish","hentry"],"yoast_head":"<!-- This site is optimized with the Yoast SEO plugin v25.4 - https:\/\/yoast.com\/wordpress\/plugins\/seo\/ -->\n<title>Operations Support Unit - ALLIGATOR<\/title>\n<meta name=\"robots\" content=\"index, follow, max-snippet:-1, max-image-preview:large, max-video-preview:-1\" \/>\n<link rel=\"canonical\" href=\"https:\/\/alligator-sas.fr\/en\/products\/centralized-ugcis\/operations-support-unit\/\" \/>\n<meta property=\"og:locale\" content=\"en_US\" \/>\n<meta property=\"og:type\" content=\"article\" \/>\n<meta property=\"og:title\" content=\"Operations Support Unit - ALLIGATOR\" \/>\n<meta property=\"og:url\" content=\"https:\/\/alligator-sas.fr\/en\/products\/centralized-ugcis\/operations-support-unit\/\" \/>\n<meta property=\"og:site_name\" content=\"ALLIGATOR\" \/>\n<meta property=\"article:modified_time\" content=\"2023-11-08T14:51:38+00:00\" \/>\n<meta name=\"twitter:card\" content=\"summary_large_image\" \/>\n<meta name=\"twitter:site\" content=\"@ReseauDEF\" \/>\n<meta name=\"twitter:label1\" content=\"Est. reading time\" \/>\n\t<meta name=\"twitter:data1\" content=\"6 minutes\" \/>\n<script type=\"application\/ld+json\" class=\"yoast-schema-graph\">{\"@context\":\"https:\/\/schema.org\",\"@graph\":[{\"@type\":\"WebPage\",\"@id\":\"https:\/\/alligator-sas.fr\/en\/products\/centralized-ugcis\/operations-support-unit\/\",\"url\":\"https:\/\/alligator-sas.fr\/en\/products\/centralized-ugcis\/operations-support-unit\/\",\"name\":\"Operations Support Unit - ALLIGATOR\",\"isPartOf\":{\"@id\":\"https:\/\/alligator-sas.fr\/#website\"},\"datePublished\":\"2023-01-30T13:25:06+00:00\",\"dateModified\":\"2023-11-08T14:51:38+00:00\",\"breadcrumb\":{\"@id\":\"https:\/\/alligator-sas.fr\/en\/products\/centralized-ugcis\/operations-support-unit\/#breadcrumb\"},\"inLanguage\":\"en-US\",\"potentialAction\":[{\"@type\":\"ReadAction\",\"target\":[\"https:\/\/alligator-sas.fr\/en\/products\/centralized-ugcis\/operations-support-unit\/\"]}]},{\"@type\":\"BreadcrumbList\",\"@id\":\"https:\/\/alligator-sas.fr\/en\/products\/centralized-ugcis\/operations-support-unit\/#breadcrumb\",\"itemListElement\":[{\"@type\":\"ListItem\",\"position\":1,\"name\":\"Accueil\",\"item\":\"https:\/\/alligator-sas.fr\/en\/home-2-2\/\"},{\"@type\":\"ListItem\",\"position\":2,\"name\":\"Products\",\"item\":\"https:\/\/alligator-sas.fr\/en\/products\/\"},{\"@type\":\"ListItem\",\"position\":3,\"name\":\"Centralized &#8211; UGCIS\",\"item\":\"https:\/\/alligator-sas.fr\/en\/products\/centralized-ugcis\/\"},{\"@type\":\"ListItem\",\"position\":4,\"name\":\"Operations Support Unit\"}]},{\"@type\":\"WebSite\",\"@id\":\"https:\/\/alligator-sas.fr\/#website\",\"url\":\"https:\/\/alligator-sas.fr\/\",\"name\":\"ALLIGATOR\",\"description\":\"La s\u00e9curit\u00e9 \u00e0 l&#039;\u00e9preuve du temps\",\"publisher\":{\"@id\":\"https:\/\/alligator-sas.fr\/#organization\"},\"potentialAction\":[{\"@type\":\"SearchAction\",\"target\":{\"@type\":\"EntryPoint\",\"urlTemplate\":\"https:\/\/alligator-sas.fr\/?s={search_term_string}\"},\"query-input\":{\"@type\":\"PropertyValueSpecification\",\"valueRequired\":true,\"valueName\":\"search_term_string\"}}],\"inLanguage\":\"en-US\"},{\"@type\":\"Organization\",\"@id\":\"https:\/\/alligator-sas.fr\/#organization\",\"name\":\"ALLIGATOR\",\"url\":\"https:\/\/alligator-sas.fr\/\",\"logo\":{\"@type\":\"ImageObject\",\"inLanguage\":\"en-US\",\"@id\":\"https:\/\/alligator-sas.fr\/#\/schema\/logo\/image\/\",\"url\":\"https:\/\/alligator-sas.fr\/wp-content\/uploads\/2022\/04\/logo-alligator-v2.png\",\"contentUrl\":\"https:\/\/alligator-sas.fr\/wp-content\/uploads\/2022\/04\/logo-alligator-v2.png\",\"width\":800,\"height\":194,\"caption\":\"ALLIGATOR\"},\"image\":{\"@id\":\"https:\/\/alligator-sas.fr\/#\/schema\/logo\/image\/\"},\"sameAs\":[\"https:\/\/x.com\/ReseauDEF\",\"https:\/\/www.linkedin.com\/company\/alligator-sas\/\"]}]}<\/script>\n<!-- \/ Yoast SEO plugin. -->","yoast_head_json":{"title":"Operations Support Unit - ALLIGATOR","robots":{"index":"index","follow":"follow","max-snippet":"max-snippet:-1","max-image-preview":"max-image-preview:large","max-video-preview":"max-video-preview:-1"},"canonical":"https:\/\/alligator-sas.fr\/en\/products\/centralized-ugcis\/operations-support-unit\/","og_locale":"en_US","og_type":"article","og_title":"Operations Support Unit - ALLIGATOR","og_url":"https:\/\/alligator-sas.fr\/en\/products\/centralized-ugcis\/operations-support-unit\/","og_site_name":"ALLIGATOR","article_modified_time":"2023-11-08T14:51:38+00:00","twitter_card":"summary_large_image","twitter_site":"@ReseauDEF","twitter_misc":{"Est. reading time":"6 minutes"},"schema":{"@context":"https:\/\/schema.org","@graph":[{"@type":"WebPage","@id":"https:\/\/alligator-sas.fr\/en\/products\/centralized-ugcis\/operations-support-unit\/","url":"https:\/\/alligator-sas.fr\/en\/products\/centralized-ugcis\/operations-support-unit\/","name":"Operations Support Unit - ALLIGATOR","isPartOf":{"@id":"https:\/\/alligator-sas.fr\/#website"},"datePublished":"2023-01-30T13:25:06+00:00","dateModified":"2023-11-08T14:51:38+00:00","breadcrumb":{"@id":"https:\/\/alligator-sas.fr\/en\/products\/centralized-ugcis\/operations-support-unit\/#breadcrumb"},"inLanguage":"en-US","potentialAction":[{"@type":"ReadAction","target":["https:\/\/alligator-sas.fr\/en\/products\/centralized-ugcis\/operations-support-unit\/"]}]},{"@type":"BreadcrumbList","@id":"https:\/\/alligator-sas.fr\/en\/products\/centralized-ugcis\/operations-support-unit\/#breadcrumb","itemListElement":[{"@type":"ListItem","position":1,"name":"Accueil","item":"https:\/\/alligator-sas.fr\/en\/home-2-2\/"},{"@type":"ListItem","position":2,"name":"Products","item":"https:\/\/alligator-sas.fr\/en\/products\/"},{"@type":"ListItem","position":3,"name":"Centralized &#8211; UGCIS","item":"https:\/\/alligator-sas.fr\/en\/products\/centralized-ugcis\/"},{"@type":"ListItem","position":4,"name":"Operations Support Unit"}]},{"@type":"WebSite","@id":"https:\/\/alligator-sas.fr\/#website","url":"https:\/\/alligator-sas.fr\/","name":"ALLIGATOR","description":"La s\u00e9curit\u00e9 \u00e0 l&#039;\u00e9preuve du temps","publisher":{"@id":"https:\/\/alligator-sas.fr\/#organization"},"potentialAction":[{"@type":"SearchAction","target":{"@type":"EntryPoint","urlTemplate":"https:\/\/alligator-sas.fr\/?s={search_term_string}"},"query-input":{"@type":"PropertyValueSpecification","valueRequired":true,"valueName":"search_term_string"}}],"inLanguage":"en-US"},{"@type":"Organization","@id":"https:\/\/alligator-sas.fr\/#organization","name":"ALLIGATOR","url":"https:\/\/alligator-sas.fr\/","logo":{"@type":"ImageObject","inLanguage":"en-US","@id":"https:\/\/alligator-sas.fr\/#\/schema\/logo\/image\/","url":"https:\/\/alligator-sas.fr\/wp-content\/uploads\/2022\/04\/logo-alligator-v2.png","contentUrl":"https:\/\/alligator-sas.fr\/wp-content\/uploads\/2022\/04\/logo-alligator-v2.png","width":800,"height":194,"caption":"ALLIGATOR"},"image":{"@id":"https:\/\/alligator-sas.fr\/#\/schema\/logo\/image\/"},"sameAs":["https:\/\/x.com\/ReseauDEF","https:\/\/www.linkedin.com\/company\/alligator-sas\/"]}]}},"_links":{"self":[{"href":"https:\/\/alligator-sas.fr\/en\/wp-json\/wp\/v2\/pages\/2198","targetHints":{"allow":["GET"]}}],"collection":[{"href":"https:\/\/alligator-sas.fr\/en\/wp-json\/wp\/v2\/pages"}],"about":[{"href":"https:\/\/alligator-sas.fr\/en\/wp-json\/wp\/v2\/types\/page"}],"author":[{"embeddable":true,"href":"https:\/\/alligator-sas.fr\/en\/wp-json\/wp\/v2\/users\/1"}],"replies":[{"embeddable":true,"href":"https:\/\/alligator-sas.fr\/en\/wp-json\/wp\/v2\/comments?post=2198"}],"version-history":[{"count":3,"href":"https:\/\/alligator-sas.fr\/en\/wp-json\/wp\/v2\/pages\/2198\/revisions"}],"predecessor-version":[{"id":2420,"href":"https:\/\/alligator-sas.fr\/en\/wp-json\/wp\/v2\/pages\/2198\/revisions\/2420"}],"up":[{"embeddable":true,"href":"https:\/\/alligator-sas.fr\/en\/wp-json\/wp\/v2\/pages\/2167"}],"wp:attachment":[{"href":"https:\/\/alligator-sas.fr\/en\/wp-json\/wp\/v2\/media?parent=2198"}],"curies":[{"name":"wp","href":"https:\/\/api.w.org\/{rel}","templated":true}]}}