{"id":2205,"date":"2023-01-30T15:17:19","date_gmt":"2023-01-30T14:17:19","guid":{"rendered":"https:\/\/alligator-sas.fr\/products\/centralized-ugcis\/operations-support-unit\/visualis-3d\/"},"modified":"2023-11-20T10:17:05","modified_gmt":"2023-11-20T09:17:05","slug":"visualis-3d","status":"publish","type":"page","link":"https:\/\/alligator-sas.fr\/en\/products\/centralized-ugcis\/operations-support-unit\/visualis-3d\/","title":{"rendered":"VISUALIS 3D"},"content":{"rendered":"\n<style type=\"text\/css\" data-created_by=\"avia_inline_auto\" id=\"style-css-av-lchi8bkb-47a3f894f8908886a7ca5918b9e61e9c\">\n.avia-section.av-lchi8bkb-47a3f894f8908886a7ca5918b9e61e9c{\nbackground-color:#f8f8f8;\nbackground-image:unset;\n}\n<\/style>\n<div id='av_section_1'  class='avia-section av-lchi8bkb-47a3f894f8908886a7ca5918b9e61e9c main_color avia-section-default avia-no-border-styling  avia-builder-el-0  avia-builder-el-no-sibling  avia-bg-style-scroll container_wrap sidebar_right'  ><div class='container av-section-cont-open' ><main  role=\"main\" itemprop=\"mainContentOfPage\"  class='template-page content  av-content-small alpha units'><div class='post-entry post-entry-type-page post-entry-2205'><div class='entry-content-wrapper clearfix'>\n\n<style type=\"text\/css\" data-created_by=\"avia_inline_auto\" id=\"style-css-av-6zyb-5d3740f02d005b7274b877bec08718ef\">\n@keyframes av_boxShadowEffect_av-6zyb-5d3740f02d005b7274b877bec08718ef-column {\n0%   { box-shadow:  0 0 0 0 ; opacity: 1; }\n100% { box-shadow:  0 0 10px 0 ; opacity: 1; }\n}\n.flex_column.av-6zyb-5d3740f02d005b7274b877bec08718ef{\npadding:12px 12px 12px 12px;\n}\n<\/style>\n<div  class='flex_column av-6zyb-5d3740f02d005b7274b877bec08718ef av_one_third  avia-builder-el-1  el_before_av_two_third  avia-builder-el-first  first flex_column_div  '     ><p>\n<style type=\"text\/css\" data-created_by=\"avia_inline_auto\" id=\"style-css-av-lchha28a-6567823eb42812acd2641d19a581f2eb\">\n@keyframes av_boxShadowEffect_av-lchha28a-6567823eb42812acd2641d19a581f2eb {\n0%   { box-shadow:  0 0 0 0 ; opacity: 1; }\n100% { box-shadow:  0 0 10px 0 ; opacity: 1; }\n}\n.avia-image-container.av-lchha28a-6567823eb42812acd2641d19a581f2eb img.avia_image{\nbox-shadow: 0 0 10px 0 ;\n}\n.avia-image-container.av-lchha28a-6567823eb42812acd2641d19a581f2eb .av-image-caption-overlay-center{\ncolor:#ffffff;\n}\n<\/style>\n<div  class='avia-image-container av-lchha28a-6567823eb42812acd2641d19a581f2eb av-styling- avia-align-center  avia-builder-el-2  el_before_av_heading  avia-builder-el-first  av-img-box-shadow av-box-shadow-not-animated'   itemprop=\"image\" itemscope=\"itemscope\" itemtype=\"https:\/\/schema.org\/ImageObject\" ><div class=\"avia-image-container-inner\"><div class=\"avia-image-overlay-wrap\"><img decoding=\"async\" fetchpriority=\"high\" class='wp-image-1888 avia-img-lazy-loading-not-1888 avia_image shadow-not-animated' src=\"https:\/\/alligator-sas.fr\/wp-content\/uploads\/2023\/01\/visualis3d_2-300x300.jpg\" alt='' title='visualis3d_2'  height=\"300\" width=\"300\"  itemprop=\"thumbnailUrl\" srcset=\"https:\/\/alligator-sas.fr\/wp-content\/uploads\/2023\/01\/visualis3d_2-300x300.jpg 300w, https:\/\/alligator-sas.fr\/wp-content\/uploads\/2023\/01\/visualis3d_2-80x80.jpg 80w, https:\/\/alligator-sas.fr\/wp-content\/uploads\/2023\/01\/visualis3d_2-768x768.jpg 768w, https:\/\/alligator-sas.fr\/wp-content\/uploads\/2023\/01\/visualis3d_2-36x36.jpg 36w, https:\/\/alligator-sas.fr\/wp-content\/uploads\/2023\/01\/visualis3d_2-705x705.jpg 705w, https:\/\/alligator-sas.fr\/wp-content\/uploads\/2023\/01\/visualis3d_2.jpg 800w\" sizes=\"(max-width: 300px) 100vw, 300px\" \/><\/div><\/div><\/div><br \/>\n\n<style type=\"text\/css\" data-created_by=\"avia_inline_auto\" id=\"style-css-av-lcho31r8-177692d1a1daca3823a1e45206ef133a\">\n#top .av-special-heading.av-lcho31r8-177692d1a1daca3823a1e45206ef133a{\npadding-bottom:10px;\n}\nbody .av-special-heading.av-lcho31r8-177692d1a1daca3823a1e45206ef133a .av-special-heading-tag .heading-char{\nfont-size:25px;\n}\n.av-special-heading.av-lcho31r8-177692d1a1daca3823a1e45206ef133a .av-subheading{\nfont-size:15px;\n}\n<\/style>\n<div  class='av-special-heading av-lcho31r8-177692d1a1daca3823a1e45206ef133a av-special-heading-h2 blockquote modern-quote modern-centered  avia-builder-el-3  el_after_av_image  el_before_av_hr '><h2 class='av-special-heading-tag '  itemprop=\"headline\"  >Download<\/h2><div class=\"special-heading-border\"><div class=\"special-heading-inner-border\"><\/div><\/div><\/div><br \/>\n\n<style type=\"text\/css\" data-created_by=\"avia_inline_auto\" id=\"style-css-av-lcho3ozv-f63f6950c6c4b1269c3a91bea5c4dbbb\">\n#top .hr.av-lcho3ozv-f63f6950c6c4b1269c3a91bea5c4dbbb{\nmargin-top:10px;\nmargin-bottom:10px;\n}\n.hr.av-lcho3ozv-f63f6950c6c4b1269c3a91bea5c4dbbb .hr-inner{\nwidth:100px;\nborder-color:#a9c63e;\nmax-width:45%;\n}\n<\/style>\n<div  class='hr av-lcho3ozv-f63f6950c6c4b1269c3a91bea5c4dbbb hr-custom  avia-builder-el-4  el_after_av_heading  el_before_av_button_big  avia-builder-el-last  hr-center hr-icon-yes'><span class='hr-inner inner-border-av-border-fat'><span class=\"hr-inner-style\"><\/span><\/span><span class='av-seperator-icon' aria-hidden='true' data-av_icon='\ue82d' data-av_iconfont='entypo-fontello'><\/span><span class='hr-inner inner-border-av-border-fat'><span class=\"hr-inner-style\"><\/span><\/span><\/div><br \/>\n<div  class='avia-button-wrap avia-button-center  avia-builder-el-5  el_after_av_hr  avia-builder-el-last '>\n<style type=\"text\/css\" data-created_by=\"avia_inline_auto\" id=\"style-css-av-lchobjnr-2ae4854c0727c22d22e7b3b422cd0522\">\n#top #wrap_all .avia-button.av-lchobjnr-2ae4854c0727c22d22e7b3b422cd0522{\nmargin:10px 10px 10px 10px;\n}\n#top #wrap_all .avia-button.av-lchobjnr-2ae4854c0727c22d22e7b3b422cd0522:hover{\ncolor:white;\ntransition:all 0.4s ease-in-out;\n}\n<\/style>\n<a href='https:\/\/alligator-sas.fr\/wp-content\/uploads\/2023\/11\/VISUALIS3D_EN_opt.pdf' class='avia-color-theme-color avia-font-color-theme-color avia-button avia-button-fullwidth av-lchobjnr-2ae4854c0727c22d22e7b3b422cd0522 avia-icon_select-yes-left-icon avia-color-theme-color' target=\"_blank\" rel=\"noopener noreferrer\" aria-label=\"Sales sheet (EN)\"><span class='avia_button_icon avia_button_icon_left' aria-hidden='true' data-av_icon='\ue86c' data-av_iconfont='entypo-fontello'><\/span><span class='avia_iconbox_title' >Sales sheet (EN)<\/span><span class='avia_button_background avia-button avia-button-fullwidth avia-color-theme-color-highlight'><\/span><\/a><\/div><\/p><\/div><div  class='flex_column av-dgx77-ef78815b5f8e7b73e2e5e2aa86a58a8c av_two_third  avia-builder-el-6  el_after_av_one_third  avia-builder-el-last  flex_column_div  '     ><p>\n<style type=\"text\/css\" data-created_by=\"avia_inline_auto\" id=\"style-css-av-2sgx7-34e0c9e81671c359d65c2a5cd8c959fd\">\n#top .av-special-heading.av-2sgx7-34e0c9e81671c359d65c2a5cd8c959fd{\npadding-bottom:10px;\n}\nbody .av-special-heading.av-2sgx7-34e0c9e81671c359d65c2a5cd8c959fd .av-special-heading-tag .heading-char{\nfont-size:25px;\n}\n.av-special-heading.av-2sgx7-34e0c9e81671c359d65c2a5cd8c959fd .av-subheading{\nfont-size:15px;\n}\n<\/style>\n<div  class='av-special-heading av-2sgx7-34e0c9e81671c359d65c2a5cd8c959fd av-special-heading-h2 blockquote modern-quote  avia-builder-el-7  el_before_av_iconlist  avia-builder-el-first '><h2 class='av-special-heading-tag '  itemprop=\"headline\"  >VISUALIS 3D<\/h2><div class=\"special-heading-border\"><div class=\"special-heading-inner-border\"><\/div><\/div><\/div><br \/>\n\n<style type=\"text\/css\" data-created_by=\"avia_inline_auto\" id=\"style-css-av-lp6owco9-1c1b3317b2a01483a363e6b540691158\">\n#top .avia-icon-list-container.av-lp6owco9-1c1b3317b2a01483a363e6b540691158 .iconlist_icon{\ncolor:#8aaf38;\nborder:1px solid #7fa83e;\n}\n<\/style>\n<div  class='avia-icon-list-container av-lp6owco9-1c1b3317b2a01483a363e6b540691158  avia-builder-el-8  el_after_av_heading  el_before_av_hr '><ul class='avia-icon-list avia_animate_when_almost_visible avia-icon-list-left av-iconlist-big av-lp6owco9-1c1b3317b2a01483a363e6b540691158 avia-iconlist-animate'>\n<li><div class='iconlist_icon av-lp6ow1ow-1035b51a3f45c054a6ad1cd709cd16b4 avia-font-entypo-fontello'><span class='iconlist-char' aria-hidden='true' data-av_icon='\ue83e' data-av_iconfont='entypo-fontello'><\/span><\/div><article class=\"article-icon-entry av-iconlist-empty\"  itemscope=\"itemscope\" itemtype=\"https:\/\/schema.org\/CreativeWork\" ><div class=\"iconlist_content_wrap\"><header class=\"entry-content-header\" aria-label=\"Icon: The software interface is currently only available in french\"><h4 class='av_iconlist_title iconlist_title  '  itemprop=\"headline\" >The software interface is currently only available in french<\/h4><\/header><div class='iconlist_content '  itemprop=\"text\" ><\/div><\/div><footer class=\"entry-footer\"><\/footer><\/article><div class=\"iconlist-timeline\"><\/div><\/li>\n<\/ul><\/div><br \/>\n\n<style type=\"text\/css\" data-created_by=\"avia_inline_auto\" id=\"style-css-av-lchhh5n6-674ad1f736de3f3085360d083c6a1f17\">\n#top .hr.av-lchhh5n6-674ad1f736de3f3085360d083c6a1f17{\nmargin-top:10px;\nmargin-bottom:30px;\n}\n.hr.av-lchhh5n6-674ad1f736de3f3085360d083c6a1f17 .hr-inner{\nwidth:100px;\nborder-color:#a9c63e;\nmax-width:45%;\n}\n<\/style>\n<div  class='hr av-lchhh5n6-674ad1f736de3f3085360d083c6a1f17 hr-custom  avia-builder-el-9  el_after_av_iconlist  el_before_av_textblock  hr-left hr-icon-yes'><span class='hr-inner inner-border-av-border-fat'><span class=\"hr-inner-style\"><\/span><\/span><span class='av-seperator-icon' aria-hidden='true' data-av_icon='\ue81e' data-av_iconfont='entypo-fontello'><\/span><span class='hr-inner inner-border-av-border-fat'><span class=\"hr-inner-style\"><\/span><\/span><\/div><br \/>\n<section  class='av_textblock_section av-lchhc8a7-b613d57022e9059e76c77f34d7b0be25 '   itemscope=\"itemscope\" itemtype=\"https:\/\/schema.org\/CreativeWork\" ><div class='avia_textblock'  itemprop=\"text\" ><ul>\n<li>3D graphic interface for 3D representation of site and buildings<\/li>\n<li>Display floor plans, with animation of supervised elements<\/li>\n<li>Management of the opening request cycle: display of the request on the output, choice of extension command<\/li>\n<li>Intrusion management: visualization of break-in on emergency exit<\/li>\n<li>Spatial navigation<\/li>\n<li>Zoom and virtual movement in building views and plans<\/li>\n<li>Individual control and status display for each exit<\/li>\n<li>Alarm zone control and display<\/li>\n<li>Detailed equipment status by right-clicking<\/li>\n<li>Event history by archiving over time<\/li>\n<li>Event filtering and sorting<\/li>\n<li>Simplified location using navigation thumbnails<\/li>\n<\/ul>\n<\/div><\/section><\/p><\/div><\/div><\/div><\/main><!-- close content main element --><\/div><\/div><div id='after_section_1'  class='main_color av_default_container_wrap container_wrap sidebar_right'  ><div class='container av-section-cont-open' ><div class='template-page content  av-content-small alpha units'><div class='post-entry post-entry-type-page post-entry-2205'><div class='entry-content-wrapper clearfix'>\n","protected":false},"excerpt":{"rendered":"","protected":false},"author":1,"featured_media":0,"parent":2198,"menu_order":0,"comment_status":"closed","ping_status":"closed","template":"","meta":{"footnotes":""},"class_list":["post-2205","page","type-page","status-publish","hentry"],"yoast_head":"<!-- This site is optimized with the Yoast SEO plugin v25.4 - https:\/\/yoast.com\/wordpress\/plugins\/seo\/ -->\n<title>VISUALIS 3D - ALLIGATOR<\/title>\n<meta name=\"robots\" content=\"index, follow, max-snippet:-1, max-image-preview:large, max-video-preview:-1\" \/>\n<link rel=\"canonical\" href=\"https:\/\/alligator-sas.fr\/en\/products\/centralized-ugcis\/operations-support-unit\/visualis-3d\/\" \/>\n<meta property=\"og:locale\" content=\"en_US\" \/>\n<meta property=\"og:type\" content=\"article\" \/>\n<meta property=\"og:title\" content=\"VISUALIS 3D - ALLIGATOR\" \/>\n<meta property=\"og:url\" content=\"https:\/\/alligator-sas.fr\/en\/products\/centralized-ugcis\/operations-support-unit\/visualis-3d\/\" \/>\n<meta property=\"og:site_name\" content=\"ALLIGATOR\" \/>\n<meta property=\"article:modified_time\" content=\"2023-11-20T09:17:05+00:00\" \/>\n<meta name=\"twitter:card\" content=\"summary_large_image\" \/>\n<meta name=\"twitter:site\" content=\"@ReseauDEF\" \/>\n<meta name=\"twitter:label1\" content=\"Est. reading time\" \/>\n\t<meta name=\"twitter:data1\" content=\"5 minutes\" \/>\n<script type=\"application\/ld+json\" class=\"yoast-schema-graph\">{\"@context\":\"https:\/\/schema.org\",\"@graph\":[{\"@type\":\"WebPage\",\"@id\":\"https:\/\/alligator-sas.fr\/en\/products\/centralized-ugcis\/operations-support-unit\/visualis-3d\/\",\"url\":\"https:\/\/alligator-sas.fr\/en\/products\/centralized-ugcis\/operations-support-unit\/visualis-3d\/\",\"name\":\"VISUALIS 3D - ALLIGATOR\",\"isPartOf\":{\"@id\":\"https:\/\/alligator-sas.fr\/#website\"},\"datePublished\":\"2023-01-30T14:17:19+00:00\",\"dateModified\":\"2023-11-20T09:17:05+00:00\",\"breadcrumb\":{\"@id\":\"https:\/\/alligator-sas.fr\/en\/products\/centralized-ugcis\/operations-support-unit\/visualis-3d\/#breadcrumb\"},\"inLanguage\":\"en-US\",\"potentialAction\":[{\"@type\":\"ReadAction\",\"target\":[\"https:\/\/alligator-sas.fr\/en\/products\/centralized-ugcis\/operations-support-unit\/visualis-3d\/\"]}]},{\"@type\":\"BreadcrumbList\",\"@id\":\"https:\/\/alligator-sas.fr\/en\/products\/centralized-ugcis\/operations-support-unit\/visualis-3d\/#breadcrumb\",\"itemListElement\":[{\"@type\":\"ListItem\",\"position\":1,\"name\":\"Accueil\",\"item\":\"https:\/\/alligator-sas.fr\/en\/home-2-2\/\"},{\"@type\":\"ListItem\",\"position\":2,\"name\":\"Products\",\"item\":\"https:\/\/alligator-sas.fr\/en\/products\/\"},{\"@type\":\"ListItem\",\"position\":3,\"name\":\"Centralized &#8211; UGCIS\",\"item\":\"https:\/\/alligator-sas.fr\/en\/products\/centralized-ugcis\/\"},{\"@type\":\"ListItem\",\"position\":4,\"name\":\"Operations Support Unit\",\"item\":\"https:\/\/alligator-sas.fr\/en\/products\/centralized-ugcis\/operations-support-unit\/\"},{\"@type\":\"ListItem\",\"position\":5,\"name\":\"VISUALIS 3D\"}]},{\"@type\":\"WebSite\",\"@id\":\"https:\/\/alligator-sas.fr\/#website\",\"url\":\"https:\/\/alligator-sas.fr\/\",\"name\":\"ALLIGATOR\",\"description\":\"La s\u00e9curit\u00e9 \u00e0 l&#039;\u00e9preuve du temps\",\"publisher\":{\"@id\":\"https:\/\/alligator-sas.fr\/#organization\"},\"potentialAction\":[{\"@type\":\"SearchAction\",\"target\":{\"@type\":\"EntryPoint\",\"urlTemplate\":\"https:\/\/alligator-sas.fr\/?s={search_term_string}\"},\"query-input\":{\"@type\":\"PropertyValueSpecification\",\"valueRequired\":true,\"valueName\":\"search_term_string\"}}],\"inLanguage\":\"en-US\"},{\"@type\":\"Organization\",\"@id\":\"https:\/\/alligator-sas.fr\/#organization\",\"name\":\"ALLIGATOR\",\"url\":\"https:\/\/alligator-sas.fr\/\",\"logo\":{\"@type\":\"ImageObject\",\"inLanguage\":\"en-US\",\"@id\":\"https:\/\/alligator-sas.fr\/#\/schema\/logo\/image\/\",\"url\":\"https:\/\/alligator-sas.fr\/wp-content\/uploads\/2022\/04\/logo-alligator-v2.png\",\"contentUrl\":\"https:\/\/alligator-sas.fr\/wp-content\/uploads\/2022\/04\/logo-alligator-v2.png\",\"width\":800,\"height\":194,\"caption\":\"ALLIGATOR\"},\"image\":{\"@id\":\"https:\/\/alligator-sas.fr\/#\/schema\/logo\/image\/\"},\"sameAs\":[\"https:\/\/x.com\/ReseauDEF\",\"https:\/\/www.linkedin.com\/company\/alligator-sas\/\"]}]}<\/script>\n<!-- \/ Yoast SEO plugin. -->","yoast_head_json":{"title":"VISUALIS 3D - ALLIGATOR","robots":{"index":"index","follow":"follow","max-snippet":"max-snippet:-1","max-image-preview":"max-image-preview:large","max-video-preview":"max-video-preview:-1"},"canonical":"https:\/\/alligator-sas.fr\/en\/products\/centralized-ugcis\/operations-support-unit\/visualis-3d\/","og_locale":"en_US","og_type":"article","og_title":"VISUALIS 3D - ALLIGATOR","og_url":"https:\/\/alligator-sas.fr\/en\/products\/centralized-ugcis\/operations-support-unit\/visualis-3d\/","og_site_name":"ALLIGATOR","article_modified_time":"2023-11-20T09:17:05+00:00","twitter_card":"summary_large_image","twitter_site":"@ReseauDEF","twitter_misc":{"Est. reading time":"5 minutes"},"schema":{"@context":"https:\/\/schema.org","@graph":[{"@type":"WebPage","@id":"https:\/\/alligator-sas.fr\/en\/products\/centralized-ugcis\/operations-support-unit\/visualis-3d\/","url":"https:\/\/alligator-sas.fr\/en\/products\/centralized-ugcis\/operations-support-unit\/visualis-3d\/","name":"VISUALIS 3D - ALLIGATOR","isPartOf":{"@id":"https:\/\/alligator-sas.fr\/#website"},"datePublished":"2023-01-30T14:17:19+00:00","dateModified":"2023-11-20T09:17:05+00:00","breadcrumb":{"@id":"https:\/\/alligator-sas.fr\/en\/products\/centralized-ugcis\/operations-support-unit\/visualis-3d\/#breadcrumb"},"inLanguage":"en-US","potentialAction":[{"@type":"ReadAction","target":["https:\/\/alligator-sas.fr\/en\/products\/centralized-ugcis\/operations-support-unit\/visualis-3d\/"]}]},{"@type":"BreadcrumbList","@id":"https:\/\/alligator-sas.fr\/en\/products\/centralized-ugcis\/operations-support-unit\/visualis-3d\/#breadcrumb","itemListElement":[{"@type":"ListItem","position":1,"name":"Accueil","item":"https:\/\/alligator-sas.fr\/en\/home-2-2\/"},{"@type":"ListItem","position":2,"name":"Products","item":"https:\/\/alligator-sas.fr\/en\/products\/"},{"@type":"ListItem","position":3,"name":"Centralized &#8211; UGCIS","item":"https:\/\/alligator-sas.fr\/en\/products\/centralized-ugcis\/"},{"@type":"ListItem","position":4,"name":"Operations Support Unit","item":"https:\/\/alligator-sas.fr\/en\/products\/centralized-ugcis\/operations-support-unit\/"},{"@type":"ListItem","position":5,"name":"VISUALIS 3D"}]},{"@type":"WebSite","@id":"https:\/\/alligator-sas.fr\/#website","url":"https:\/\/alligator-sas.fr\/","name":"ALLIGATOR","description":"La s\u00e9curit\u00e9 \u00e0 l&#039;\u00e9preuve du temps","publisher":{"@id":"https:\/\/alligator-sas.fr\/#organization"},"potentialAction":[{"@type":"SearchAction","target":{"@type":"EntryPoint","urlTemplate":"https:\/\/alligator-sas.fr\/?s={search_term_string}"},"query-input":{"@type":"PropertyValueSpecification","valueRequired":true,"valueName":"search_term_string"}}],"inLanguage":"en-US"},{"@type":"Organization","@id":"https:\/\/alligator-sas.fr\/#organization","name":"ALLIGATOR","url":"https:\/\/alligator-sas.fr\/","logo":{"@type":"ImageObject","inLanguage":"en-US","@id":"https:\/\/alligator-sas.fr\/#\/schema\/logo\/image\/","url":"https:\/\/alligator-sas.fr\/wp-content\/uploads\/2022\/04\/logo-alligator-v2.png","contentUrl":"https:\/\/alligator-sas.fr\/wp-content\/uploads\/2022\/04\/logo-alligator-v2.png","width":800,"height":194,"caption":"ALLIGATOR"},"image":{"@id":"https:\/\/alligator-sas.fr\/#\/schema\/logo\/image\/"},"sameAs":["https:\/\/x.com\/ReseauDEF","https:\/\/www.linkedin.com\/company\/alligator-sas\/"]}]}},"_links":{"self":[{"href":"https:\/\/alligator-sas.fr\/en\/wp-json\/wp\/v2\/pages\/2205","targetHints":{"allow":["GET"]}}],"collection":[{"href":"https:\/\/alligator-sas.fr\/en\/wp-json\/wp\/v2\/pages"}],"about":[{"href":"https:\/\/alligator-sas.fr\/en\/wp-json\/wp\/v2\/types\/page"}],"author":[{"embeddable":true,"href":"https:\/\/alligator-sas.fr\/en\/wp-json\/wp\/v2\/users\/1"}],"replies":[{"embeddable":true,"href":"https:\/\/alligator-sas.fr\/en\/wp-json\/wp\/v2\/comments?post=2205"}],"version-history":[{"count":3,"href":"https:\/\/alligator-sas.fr\/en\/wp-json\/wp\/v2\/pages\/2205\/revisions"}],"predecessor-version":[{"id":3149,"href":"https:\/\/alligator-sas.fr\/en\/wp-json\/wp\/v2\/pages\/2205\/revisions\/3149"}],"up":[{"embeddable":true,"href":"https:\/\/alligator-sas.fr\/en\/wp-json\/wp\/v2\/pages\/2198"}],"wp:attachment":[{"href":"https:\/\/alligator-sas.fr\/en\/wp-json\/wp\/v2\/media?parent=2205"}],"curies":[{"name":"wp","href":"https:\/\/api.w.org\/{rel}","templated":true}]}}