{"id":2209,"date":"2023-01-03T14:39:58","date_gmt":"2023-01-03T13:39:58","guid":{"rendered":"https:\/\/alligator-sas.fr\/products\/das-locks\/"},"modified":"2023-11-13T10:21:09","modified_gmt":"2023-11-13T09:21:09","slug":"das-locks","status":"publish","type":"page","link":"https:\/\/alligator-sas.fr\/en\/products\/das-locks\/","title":{"rendered":"DAS locks"},"content":{"rendered":"\n<style type=\"text\/css\" data-created_by=\"avia_inline_auto\" id=\"style-css-av-ldn863wp-5ee046e17553fe082ace4d3df0e206e6\">\n#top .av-special-heading.av-ldn863wp-5ee046e17553fe082ace4d3df0e206e6{\npadding-bottom:10px;\n}\nbody .av-special-heading.av-ldn863wp-5ee046e17553fe082ace4d3df0e206e6 .av-special-heading-tag .heading-char{\nfont-size:25px;\n}\n.av-special-heading.av-ldn863wp-5ee046e17553fe082ace4d3df0e206e6 .av-subheading{\nfont-size:15px;\n}\n<\/style>\n<div  class='av-special-heading av-ldn863wp-5ee046e17553fe082ace4d3df0e206e6 av-special-heading-h2 blockquote modern-quote  avia-builder-el-0  el_before_av_textblock  avia-builder-el-first '><h2 class='av-special-heading-tag '  itemprop=\"headline\"  >DAS locks: Autonomous management<\/h2><div class=\"special-heading-border\"><div class=\"special-heading-inner-border\"><\/div><\/div><\/div>\n<section  class='av_textblock_section av-ldn86f9i-1e79cd80ebb6559fa27ff163d1d852fe '   itemscope=\"itemscope\" itemtype=\"https:\/\/schema.org\/CreativeWork\" ><div class='avia_textblock'  itemprop=\"text\" ><p><strong>Pr\u00e9sentation du verrou DAS<\/strong><\/p>\n<p>Locks for emergency exits are operated safety devices (DAS) in accordance with the French safety standard NF S 61-937. They can be used on all types of doors to protect assets and people.<\/p>\n<p><img loading=\"lazy\" decoding=\"async\" class=\"alignnone  wp-image-3027\" src=\"https:\/\/alligator-sas.fr\/wp-content\/uploads\/2023\/11\/DAS-Lock-3-300x125.png\" alt=\"\" width=\"408\" height=\"170\" srcset=\"https:\/\/alligator-sas.fr\/wp-content\/uploads\/2023\/11\/DAS-Lock-3-300x125.png 300w, https:\/\/alligator-sas.fr\/wp-content\/uploads\/2023\/11\/DAS-Lock-3.png 705w\" sizes=\"auto, (max-width: 408px) 100vw, 408px\" \/><\/p>\n<p>The concept, patented by Cetexel in 1972, consists of a retractable bolt fitted with a roller and an inclined strike plate. This process ensures that the bolt is not self-locking when pushed. When electrically unlocked, the bolt is pushed upwards. It also ensures that play is taken up when the lock is relocked. Using this principle, the bolt components are arranged so that they do not protrude into the clearance of the passage unit (art-C045).<\/p>\n<p>Functional characteristics :<\/p>\n<ul>\n<li>Top door bolt operated by a plunger-core electromagnet or by a motor,<\/li>\n<li>Lock consisting of an electric lock mounted on the frame and a strike mounted on the door leaf,<\/li>\n<li>Operating power supply: 24 or 48 Vdc.<\/li>\n<\/ul>\n<p>-Remote control power supply for electromagnetic trigger (DEM): 24 or 48 Vdc less than 3.5 W.<\/p>\n<\/div><\/section>\n","protected":false},"excerpt":{"rendered":"","protected":false},"author":1,"featured_media":0,"parent":2159,"menu_order":0,"comment_status":"closed","ping_status":"closed","template":"","meta":{"footnotes":""},"class_list":["post-2209","page","type-page","status-publish","hentry"],"yoast_head":"<!-- This site is optimized with the Yoast SEO plugin v25.4 - https:\/\/yoast.com\/wordpress\/plugins\/seo\/ -->\n<title>DAS locks - ALLIGATOR<\/title>\n<meta name=\"robots\" content=\"index, follow, max-snippet:-1, max-image-preview:large, max-video-preview:-1\" \/>\n<link rel=\"canonical\" href=\"https:\/\/alligator-sas.fr\/en\/products\/das-locks\/\" \/>\n<meta property=\"og:locale\" content=\"en_US\" \/>\n<meta property=\"og:type\" content=\"article\" \/>\n<meta property=\"og:title\" content=\"DAS locks - ALLIGATOR\" \/>\n<meta property=\"og:url\" content=\"https:\/\/alligator-sas.fr\/en\/products\/das-locks\/\" \/>\n<meta property=\"og:site_name\" content=\"ALLIGATOR\" \/>\n<meta property=\"article:modified_time\" content=\"2023-11-13T09:21:09+00:00\" \/>\n<meta property=\"og:image\" content=\"https:\/\/alligator-sas.fr\/wp-content\/uploads\/2023\/11\/DAS-Lock-3-300x125.png\" \/>\n<meta name=\"twitter:card\" content=\"summary_large_image\" \/>\n<meta name=\"twitter:site\" content=\"@ReseauDEF\" \/>\n<meta name=\"twitter:label1\" content=\"Est. reading time\" \/>\n\t<meta name=\"twitter:data1\" content=\"2 minutes\" \/>\n<script type=\"application\/ld+json\" class=\"yoast-schema-graph\">{\"@context\":\"https:\/\/schema.org\",\"@graph\":[{\"@type\":\"WebPage\",\"@id\":\"https:\/\/alligator-sas.fr\/en\/products\/das-locks\/\",\"url\":\"https:\/\/alligator-sas.fr\/en\/products\/das-locks\/\",\"name\":\"DAS locks - ALLIGATOR\",\"isPartOf\":{\"@id\":\"https:\/\/alligator-sas.fr\/#website\"},\"primaryImageOfPage\":{\"@id\":\"https:\/\/alligator-sas.fr\/en\/products\/das-locks\/#primaryimage\"},\"image\":{\"@id\":\"https:\/\/alligator-sas.fr\/en\/products\/das-locks\/#primaryimage\"},\"thumbnailUrl\":\"https:\/\/alligator-sas.fr\/wp-content\/uploads\/2023\/11\/DAS-Lock-3-300x125.png\",\"datePublished\":\"2023-01-03T13:39:58+00:00\",\"dateModified\":\"2023-11-13T09:21:09+00:00\",\"breadcrumb\":{\"@id\":\"https:\/\/alligator-sas.fr\/en\/products\/das-locks\/#breadcrumb\"},\"inLanguage\":\"en-US\",\"potentialAction\":[{\"@type\":\"ReadAction\",\"target\":[\"https:\/\/alligator-sas.fr\/en\/products\/das-locks\/\"]}]},{\"@type\":\"ImageObject\",\"inLanguage\":\"en-US\",\"@id\":\"https:\/\/alligator-sas.fr\/en\/products\/das-locks\/#primaryimage\",\"url\":\"https:\/\/alligator-sas.fr\/wp-content\/uploads\/2023\/11\/DAS-Lock-3-300x125.png\",\"contentUrl\":\"https:\/\/alligator-sas.fr\/wp-content\/uploads\/2023\/11\/DAS-Lock-3-300x125.png\"},{\"@type\":\"BreadcrumbList\",\"@id\":\"https:\/\/alligator-sas.fr\/en\/products\/das-locks\/#breadcrumb\",\"itemListElement\":[{\"@type\":\"ListItem\",\"position\":1,\"name\":\"Accueil\",\"item\":\"https:\/\/alligator-sas.fr\/en\/home-2-2\/\"},{\"@type\":\"ListItem\",\"position\":2,\"name\":\"Products\",\"item\":\"https:\/\/alligator-sas.fr\/en\/products\/\"},{\"@type\":\"ListItem\",\"position\":3,\"name\":\"DAS locks\"}]},{\"@type\":\"WebSite\",\"@id\":\"https:\/\/alligator-sas.fr\/#website\",\"url\":\"https:\/\/alligator-sas.fr\/\",\"name\":\"ALLIGATOR\",\"description\":\"La s\u00e9curit\u00e9 \u00e0 l&#039;\u00e9preuve du temps\",\"publisher\":{\"@id\":\"https:\/\/alligator-sas.fr\/#organization\"},\"potentialAction\":[{\"@type\":\"SearchAction\",\"target\":{\"@type\":\"EntryPoint\",\"urlTemplate\":\"https:\/\/alligator-sas.fr\/?s={search_term_string}\"},\"query-input\":{\"@type\":\"PropertyValueSpecification\",\"valueRequired\":true,\"valueName\":\"search_term_string\"}}],\"inLanguage\":\"en-US\"},{\"@type\":\"Organization\",\"@id\":\"https:\/\/alligator-sas.fr\/#organization\",\"name\":\"ALLIGATOR\",\"url\":\"https:\/\/alligator-sas.fr\/\",\"logo\":{\"@type\":\"ImageObject\",\"inLanguage\":\"en-US\",\"@id\":\"https:\/\/alligator-sas.fr\/#\/schema\/logo\/image\/\",\"url\":\"https:\/\/alligator-sas.fr\/wp-content\/uploads\/2022\/04\/logo-alligator-v2.png\",\"contentUrl\":\"https:\/\/alligator-sas.fr\/wp-content\/uploads\/2022\/04\/logo-alligator-v2.png\",\"width\":800,\"height\":194,\"caption\":\"ALLIGATOR\"},\"image\":{\"@id\":\"https:\/\/alligator-sas.fr\/#\/schema\/logo\/image\/\"},\"sameAs\":[\"https:\/\/x.com\/ReseauDEF\",\"https:\/\/www.linkedin.com\/company\/alligator-sas\/\"]}]}<\/script>\n<!-- \/ Yoast SEO plugin. -->","yoast_head_json":{"title":"DAS locks - ALLIGATOR","robots":{"index":"index","follow":"follow","max-snippet":"max-snippet:-1","max-image-preview":"max-image-preview:large","max-video-preview":"max-video-preview:-1"},"canonical":"https:\/\/alligator-sas.fr\/en\/products\/das-locks\/","og_locale":"en_US","og_type":"article","og_title":"DAS locks - ALLIGATOR","og_url":"https:\/\/alligator-sas.fr\/en\/products\/das-locks\/","og_site_name":"ALLIGATOR","article_modified_time":"2023-11-13T09:21:09+00:00","og_image":[{"url":"https:\/\/alligator-sas.fr\/wp-content\/uploads\/2023\/11\/DAS-Lock-3-300x125.png","type":"","width":"","height":""}],"twitter_card":"summary_large_image","twitter_site":"@ReseauDEF","twitter_misc":{"Est. reading time":"2 minutes"},"schema":{"@context":"https:\/\/schema.org","@graph":[{"@type":"WebPage","@id":"https:\/\/alligator-sas.fr\/en\/products\/das-locks\/","url":"https:\/\/alligator-sas.fr\/en\/products\/das-locks\/","name":"DAS locks - ALLIGATOR","isPartOf":{"@id":"https:\/\/alligator-sas.fr\/#website"},"primaryImageOfPage":{"@id":"https:\/\/alligator-sas.fr\/en\/products\/das-locks\/#primaryimage"},"image":{"@id":"https:\/\/alligator-sas.fr\/en\/products\/das-locks\/#primaryimage"},"thumbnailUrl":"https:\/\/alligator-sas.fr\/wp-content\/uploads\/2023\/11\/DAS-Lock-3-300x125.png","datePublished":"2023-01-03T13:39:58+00:00","dateModified":"2023-11-13T09:21:09+00:00","breadcrumb":{"@id":"https:\/\/alligator-sas.fr\/en\/products\/das-locks\/#breadcrumb"},"inLanguage":"en-US","potentialAction":[{"@type":"ReadAction","target":["https:\/\/alligator-sas.fr\/en\/products\/das-locks\/"]}]},{"@type":"ImageObject","inLanguage":"en-US","@id":"https:\/\/alligator-sas.fr\/en\/products\/das-locks\/#primaryimage","url":"https:\/\/alligator-sas.fr\/wp-content\/uploads\/2023\/11\/DAS-Lock-3-300x125.png","contentUrl":"https:\/\/alligator-sas.fr\/wp-content\/uploads\/2023\/11\/DAS-Lock-3-300x125.png"},{"@type":"BreadcrumbList","@id":"https:\/\/alligator-sas.fr\/en\/products\/das-locks\/#breadcrumb","itemListElement":[{"@type":"ListItem","position":1,"name":"Accueil","item":"https:\/\/alligator-sas.fr\/en\/home-2-2\/"},{"@type":"ListItem","position":2,"name":"Products","item":"https:\/\/alligator-sas.fr\/en\/products\/"},{"@type":"ListItem","position":3,"name":"DAS locks"}]},{"@type":"WebSite","@id":"https:\/\/alligator-sas.fr\/#website","url":"https:\/\/alligator-sas.fr\/","name":"ALLIGATOR","description":"La s\u00e9curit\u00e9 \u00e0 l&#039;\u00e9preuve du temps","publisher":{"@id":"https:\/\/alligator-sas.fr\/#organization"},"potentialAction":[{"@type":"SearchAction","target":{"@type":"EntryPoint","urlTemplate":"https:\/\/alligator-sas.fr\/?s={search_term_string}"},"query-input":{"@type":"PropertyValueSpecification","valueRequired":true,"valueName":"search_term_string"}}],"inLanguage":"en-US"},{"@type":"Organization","@id":"https:\/\/alligator-sas.fr\/#organization","name":"ALLIGATOR","url":"https:\/\/alligator-sas.fr\/","logo":{"@type":"ImageObject","inLanguage":"en-US","@id":"https:\/\/alligator-sas.fr\/#\/schema\/logo\/image\/","url":"https:\/\/alligator-sas.fr\/wp-content\/uploads\/2022\/04\/logo-alligator-v2.png","contentUrl":"https:\/\/alligator-sas.fr\/wp-content\/uploads\/2022\/04\/logo-alligator-v2.png","width":800,"height":194,"caption":"ALLIGATOR"},"image":{"@id":"https:\/\/alligator-sas.fr\/#\/schema\/logo\/image\/"},"sameAs":["https:\/\/x.com\/ReseauDEF","https:\/\/www.linkedin.com\/company\/alligator-sas\/"]}]}},"_links":{"self":[{"href":"https:\/\/alligator-sas.fr\/en\/wp-json\/wp\/v2\/pages\/2209","targetHints":{"allow":["GET"]}}],"collection":[{"href":"https:\/\/alligator-sas.fr\/en\/wp-json\/wp\/v2\/pages"}],"about":[{"href":"https:\/\/alligator-sas.fr\/en\/wp-json\/wp\/v2\/types\/page"}],"author":[{"embeddable":true,"href":"https:\/\/alligator-sas.fr\/en\/wp-json\/wp\/v2\/users\/1"}],"replies":[{"embeddable":true,"href":"https:\/\/alligator-sas.fr\/en\/wp-json\/wp\/v2\/comments?post=2209"}],"version-history":[{"count":3,"href":"https:\/\/alligator-sas.fr\/en\/wp-json\/wp\/v2\/pages\/2209\/revisions"}],"predecessor-version":[{"id":3030,"href":"https:\/\/alligator-sas.fr\/en\/wp-json\/wp\/v2\/pages\/2209\/revisions\/3030"}],"up":[{"embeddable":true,"href":"https:\/\/alligator-sas.fr\/en\/wp-json\/wp\/v2\/pages\/2159"}],"wp:attachment":[{"href":"https:\/\/alligator-sas.fr\/en\/wp-json\/wp\/v2\/media?parent=2209"}],"curies":[{"name":"wp","href":"https:\/\/api.w.org\/{rel}","templated":true}]}}