{"id":2212,"date":"2023-02-20T15:22:01","date_gmt":"2023-02-20T14:22:01","guid":{"rendered":"https:\/\/alligator-sas.fr\/products\/das-locks\/local-alarm-control-unit\/"},"modified":"2023-11-08T16:32:08","modified_gmt":"2023-11-08T15:32:08","slug":"local-alarm-control-unit","status":"publish","type":"page","link":"https:\/\/alligator-sas.fr\/en\/products\/das-locks\/local-alarm-control-unit\/","title":{"rendered":"Local Alarm Control Unit"},"content":{"rendered":"<div id='av_section_1'  class='avia-section av-uoh1e4-78c3ddd92c5d8ae48bdc5715e137b5af main_color avia-section-no-padding avia-no-border-styling  avia-builder-el-0  el_before_av_hr  avia-builder-el-first  avia-bg-style-scroll container_wrap sidebar_right'  ><div class='container av-section-cont-open' ><main  role=\"main\" itemprop=\"mainContentOfPage\"  class='template-page content  av-content-small alpha units'><div class='post-entry post-entry-type-page post-entry-2212'><div class='entry-content-wrapper clearfix'>\n\n<style type=\"text\/css\" data-created_by=\"avia_inline_auto\" id=\"style-css-av-le8m3ubs-396b2c0786a11148133123f18cd006e6\">\n#top .av-special-heading.av-le8m3ubs-396b2c0786a11148133123f18cd006e6{\npadding-bottom:30px;\n}\nbody .av-special-heading.av-le8m3ubs-396b2c0786a11148133123f18cd006e6 .av-special-heading-tag .heading-char{\nfont-size:25px;\n}\n.av-special-heading.av-le8m3ubs-396b2c0786a11148133123f18cd006e6 .av-subheading{\nfont-size:15px;\n}\n<\/style>\n<div  class='av-special-heading av-le8m3ubs-396b2c0786a11148133123f18cd006e6 av-special-heading-h2 blockquote modern-quote  avia-builder-el-1  el_before_av_one_third  avia-builder-el-first '><h2 class='av-special-heading-tag '  itemprop=\"headline\"  >Local Alarm Control Unit<\/h2><div class=\"special-heading-border\"><div class=\"special-heading-inner-border\"><\/div><\/div><\/div>\n\n<style type=\"text\/css\" data-created_by=\"avia_inline_auto\" id=\"style-css-av-tf8qkc-535241f2751a82a35c7867534fc6cee6\">\n@keyframes av_boxShadowEffect_av-tf8qkc-535241f2751a82a35c7867534fc6cee6-column {\n0%   { box-shadow:  0 0 0 0 #9e9e9e; opacity: 1; }\n100% { box-shadow:  0 0 6px 0 #9e9e9e; opacity: 1; }\n}\n.flex_column.av-tf8qkc-535241f2751a82a35c7867534fc6cee6{\nbox-shadow: 0 0 6px 0 #9e9e9e;\npadding:5px 20px 12px 20px;\nbackground-color:#ffffff;\n}\n.flex_column.av-tf8qkc-535241f2751a82a35c7867534fc6cee6 .avia-divider-svg-bottom svg{\nheight:50px;\nfill:#333333;\n}\n<\/style>\n<div  class='flex_column av-tf8qkc-535241f2751a82a35c7867534fc6cee6 av_one_third  avia-builder-el-2  el_after_av_heading  avia-builder-el-last  first flex_column_div shadow-not-animated  '     ><div class='avia-divider-svg avia-divider-svg-tilt avia-divider-svg-bottom avia-svg-original'><svg xmlns=\"http:\/\/www.w3.org\/2000\/svg\" viewBox=\"0 0 1000 100\" preserveAspectRatio=\"none\">\n\t<path d=\"M0,6V0h1000v100L0,6z\"\/>\n<\/svg><\/div><p>\n<style type=\"text\/css\" data-created_by=\"avia_inline_auto\" id=\"style-css-av-le8mgern-4cdfef261d5a9d81eff58a2f1227aabd\">\n#top .av-special-heading.av-le8mgern-4cdfef261d5a9d81eff58a2f1227aabd{\nmargin:10px 0 25px 0;\n}\nbody .av-special-heading.av-le8mgern-4cdfef261d5a9d81eff58a2f1227aabd .av-special-heading-tag .heading-char{\nfont-size:25px;\n}\n.av-special-heading.av-le8mgern-4cdfef261d5a9d81eff58a2f1227aabd .av-subheading{\nfont-size:15px;\n}\n<\/style>\n<div  class='av-special-heading av-le8mgern-4cdfef261d5a9d81eff58a2f1227aabd av-special-heading-h3 blockquote elegant-quote elegant-centered  avia-builder-el-3  el_before_av_image  avia-builder-el-first '><h3 class='av-special-heading-tag '  itemprop=\"headline\"  ><span class=\"heading-wrap\">BCAL<\/span><\/h3><div class=\"special-heading-border\"><div class=\"special-heading-inner-border\"><\/div><\/div><\/div><br \/>\n\n<style type=\"text\/css\" data-created_by=\"avia_inline_auto\" id=\"style-css-av-le8mgxqo-1e25e9ccdbd50699d415ad1cc0c8056d\">\n.avia-image-container.av-le8mgxqo-1e25e9ccdbd50699d415ad1cc0c8056d img.avia_image{\nbox-shadow:none;\n}\n.avia-image-container.av-le8mgxqo-1e25e9ccdbd50699d415ad1cc0c8056d .av-image-caption-overlay-center{\ncolor:#ffffff;\n}\n<\/style>\n<div  class='avia-image-container av-le8mgxqo-1e25e9ccdbd50699d415ad1cc0c8056d av-styling- avia-align-center  avia-builder-el-4  el_after_av_heading  el_before_av_iconlist '   itemprop=\"image\" itemscope=\"itemscope\" itemtype=\"https:\/\/schema.org\/ImageObject\" ><div class=\"avia-image-container-inner\"><div class=\"avia-image-overlay-wrap\"><img decoding=\"async\" fetchpriority=\"high\" class='wp-image-1967 avia-img-lazy-loading-not-1967 avia_image ' src=\"https:\/\/alligator-sas.fr\/wp-content\/uploads\/2023\/02\/32fc6cce-3df1-400f-9ad1-505644e582c7-1-495x400.jpg\" alt='' title='32fc6cce-3df1-400f-9ad1-505644e582c7'  height=\"400\" width=\"495\"  itemprop=\"thumbnailUrl\"  \/><\/div><\/div><\/div><br \/>\n\n<style type=\"text\/css\" data-created_by=\"avia_inline_auto\" id=\"style-css-av-le8mi7qj-2baa0792454f77508b3a7259d87e8732\">\n#top .avia-icon-list-container.av-le8mi7qj-2baa0792454f77508b3a7259d87e8732 .iconlist_icon{\ncolor:#83a846;\n}\n<\/style>\n<div  class='avia-icon-list-container av-le8mi7qj-2baa0792454f77508b3a7259d87e8732  avia-builder-el-5  el_after_av_image  el_before_av_button '><ul class='avia-icon-list avia_animate_when_almost_visible avia-icon-list-left av-iconlist-small av-le8mi7qj-2baa0792454f77508b3a7259d87e8732 avia-iconlist-animate'>\n<li><div class='iconlist_icon av-le8mh7st-3e6574393cd5f974bf794a4445550e40 avia-font-entypo-fontello'><span class='iconlist-char' aria-hidden='true' data-av_icon='\ue812' data-av_iconfont='entypo-fontello'><\/span><\/div><article class=\"article-icon-entry av-iconlist-empty\"  itemscope=\"itemscope\" itemtype=\"https:\/\/schema.org\/CreativeWork\" ><div class=\"iconlist_content_wrap\"><header class=\"entry-content-header\" aria-label=\"Icon: Green manual release + cover\"><div class='av_iconlist_title iconlist_title_small  '  itemprop=\"headline\" >Green manual release + cover<\/div><\/header><div class='iconlist_content '  itemprop=\"text\" ><\/div><\/div><footer class=\"entry-footer\"><\/footer><\/article><div class=\"iconlist-timeline\"><\/div><\/li>\n<li><div class='iconlist_icon av-le8mhaqy-7bef8f4e9c201080acec96b14a31551b avia-font-entypo-fontello'><span class='iconlist-char' aria-hidden='true' data-av_icon='\ue812' data-av_iconfont='entypo-fontello'><\/span><\/div><article class=\"article-icon-entry av-iconlist-empty\"  itemscope=\"itemscope\" itemtype=\"https:\/\/schema.org\/CreativeWork\" ><div class=\"iconlist_content_wrap\"><header class=\"entry-content-header\" aria-label=\"Icon: Cast aluminium chassis\"><div class='av_iconlist_title iconlist_title_small  '  itemprop=\"headline\" >Cast aluminium chassis<\/div><\/header><div class='iconlist_content '  itemprop=\"text\" ><\/div><\/div><footer class=\"entry-footer\"><\/footer><\/article><div class=\"iconlist-timeline\"><\/div><\/li>\n<li><div class='iconlist_icon av-le8mhmzg-1c72e462e0a589ef34472cc9b0454af5 avia-font-entypo-fontello'><span class='iconlist-char' aria-hidden='true' data-av_icon='\ue812' data-av_iconfont='entypo-fontello'><\/span><\/div><article class=\"article-icon-entry av-iconlist-empty\"  itemscope=\"itemscope\" itemtype=\"https:\/\/schema.org\/CreativeWork\" ><div class=\"iconlist_content_wrap\"><header class=\"entry-content-header\" aria-label=\"Icon: 100dB siren\"><div class='av_iconlist_title iconlist_title_small  '  itemprop=\"headline\" >100dB siren<\/div><\/header><div class='iconlist_content '  itemprop=\"text\" ><\/div><\/div><footer class=\"entry-footer\"><\/footer><\/article><div class=\"iconlist-timeline\"><\/div><\/li>\n<li><div class='iconlist_icon av-le8mhvln-bbe55c33cc495a78240402b0268c77ce avia-font-entypo-fontello'><span class='iconlist-char' aria-hidden='true' data-av_icon='\ue812' data-av_iconfont='entypo-fontello'><\/span><\/div><article class=\"article-icon-entry av-iconlist-empty\"  itemscope=\"itemscope\" itemtype=\"https:\/\/schema.org\/CreativeWork\" ><div class=\"iconlist_content_wrap\"><header class=\"entry-content-header\" aria-label=\"Icon: Key-operated exit release\"><div class='av_iconlist_title iconlist_title_small  '  itemprop=\"headline\" >Key-operated exit release<\/div><\/header><div class='iconlist_content '  itemprop=\"text\" ><\/div><\/div><footer class=\"entry-footer\"><\/footer><\/article><div class=\"iconlist-timeline\"><\/div><\/li>\n<li><div class='iconlist_icon av-le8mi2qv-884d4d7ce8904fbb88a55d74e15617d1 avia-font-entypo-fontello'><span class='iconlist-char' aria-hidden='true' data-av_icon='\ue812' data-av_iconfont='entypo-fontello'><\/span><\/div><article class=\"article-icon-entry av-iconlist-empty\"  itemscope=\"itemscope\" itemtype=\"https:\/\/schema.org\/CreativeWork\" ><div class=\"iconlist_content_wrap\"><header class=\"entry-content-header\" aria-label=\"Icon: Condition of visible front door\"><div class='av_iconlist_title iconlist_title_small  '  itemprop=\"headline\" >Condition of visible front door<\/div><\/header><div class='iconlist_content '  itemprop=\"text\" ><\/div><\/div><footer class=\"entry-footer\"><\/footer><\/article><div class=\"iconlist-timeline\"><\/div><\/li>\n<\/ul><\/div><br \/>\n<div  class='avia-button-wrap av-qu86q4-11d7144cdac239ecfbb1b0ca2701fa3b-wrap avia-button-center  avia-builder-el-6  el_after_av_iconlist  avia-builder-el-last '><a href='https:\/\/alligator-sas.fr\/produit\/verrous-das\/boitier-de-commande-dalarme-locale\/bcal\/'  class='avia-button av-qu86q4-11d7144cdac239ecfbb1b0ca2701fa3b av-link-btn avia-icon_select-yes-left-icon avia-size-large avia-position-center avia-color-theme-color'   aria-label=\"Read more\"><span class='avia_button_icon avia_button_icon_left' aria-hidden='true' data-av_icon='\ue81f' data-av_iconfont='entypo-fontello'><\/span><span class='avia_iconbox_title' >Read more<\/span><\/a><\/div><\/p><\/div><\/div><\/div><\/main><!-- close content main element --><\/div><\/div><div id='after_section_1'  class='main_color av_default_container_wrap container_wrap sidebar_right'  ><div class='container av-section-cont-open' ><div class='template-page content  av-content-small alpha units'><div class='post-entry post-entry-type-page post-entry-2212'><div class='entry-content-wrapper clearfix'>\n<style type=\"text\/css\" data-created_by=\"avia_inline_auto\" id=\"style-css-av-lecx3o20-0a4e8bcc9123de68ab62a64476036b65\">\n#top .hr.hr-invisible.av-lecx3o20-0a4e8bcc9123de68ab62a64476036b65{\nheight:30px;\n}\n<\/style>\n<div  class='hr av-lecx3o20-0a4e8bcc9123de68ab62a64476036b65 hr-invisible  avia-builder-el-7  el_after_av_section  avia-builder-el-no-sibling '><span class='hr-inner '><span class=\"hr-inner-style\"><\/span><\/span><\/div><\/p>\n","protected":false},"excerpt":{"rendered":"","protected":false},"author":1,"featured_media":0,"parent":2209,"menu_order":0,"comment_status":"closed","ping_status":"closed","template":"","meta":{"footnotes":""},"class_list":["post-2212","page","type-page","status-publish","hentry"],"yoast_head":"<!-- This site is optimized with the Yoast SEO plugin v25.4 - https:\/\/yoast.com\/wordpress\/plugins\/seo\/ -->\n<title>Local Alarm Control Unit - ALLIGATOR<\/title>\n<meta name=\"robots\" content=\"index, follow, max-snippet:-1, max-image-preview:large, max-video-preview:-1\" \/>\n<link rel=\"canonical\" href=\"https:\/\/alligator-sas.fr\/en\/products\/das-locks\/local-alarm-control-unit\/\" \/>\n<meta property=\"og:locale\" content=\"en_US\" \/>\n<meta property=\"og:type\" content=\"article\" \/>\n<meta property=\"og:title\" content=\"Local Alarm Control Unit - ALLIGATOR\" \/>\n<meta property=\"og:url\" content=\"https:\/\/alligator-sas.fr\/en\/products\/das-locks\/local-alarm-control-unit\/\" \/>\n<meta property=\"og:site_name\" content=\"ALLIGATOR\" \/>\n<meta property=\"article:modified_time\" content=\"2023-11-08T15:32:08+00:00\" \/>\n<meta name=\"twitter:card\" content=\"summary_large_image\" \/>\n<meta name=\"twitter:site\" content=\"@ReseauDEF\" \/>\n<meta name=\"twitter:label1\" content=\"Est. reading time\" \/>\n\t<meta name=\"twitter:data1\" content=\"4 minutes\" \/>\n<script type=\"application\/ld+json\" class=\"yoast-schema-graph\">{\"@context\":\"https:\/\/schema.org\",\"@graph\":[{\"@type\":\"WebPage\",\"@id\":\"https:\/\/alligator-sas.fr\/en\/products\/das-locks\/local-alarm-control-unit\/\",\"url\":\"https:\/\/alligator-sas.fr\/en\/products\/das-locks\/local-alarm-control-unit\/\",\"name\":\"Local Alarm Control Unit - ALLIGATOR\",\"isPartOf\":{\"@id\":\"https:\/\/alligator-sas.fr\/#website\"},\"datePublished\":\"2023-02-20T14:22:01+00:00\",\"dateModified\":\"2023-11-08T15:32:08+00:00\",\"breadcrumb\":{\"@id\":\"https:\/\/alligator-sas.fr\/en\/products\/das-locks\/local-alarm-control-unit\/#breadcrumb\"},\"inLanguage\":\"en-US\",\"potentialAction\":[{\"@type\":\"ReadAction\",\"target\":[\"https:\/\/alligator-sas.fr\/en\/products\/das-locks\/local-alarm-control-unit\/\"]}]},{\"@type\":\"BreadcrumbList\",\"@id\":\"https:\/\/alligator-sas.fr\/en\/products\/das-locks\/local-alarm-control-unit\/#breadcrumb\",\"itemListElement\":[{\"@type\":\"ListItem\",\"position\":1,\"name\":\"Accueil\",\"item\":\"https:\/\/alligator-sas.fr\/en\/home-2-2\/\"},{\"@type\":\"ListItem\",\"position\":2,\"name\":\"Products\",\"item\":\"https:\/\/alligator-sas.fr\/en\/products\/\"},{\"@type\":\"ListItem\",\"position\":3,\"name\":\"DAS locks\",\"item\":\"https:\/\/alligator-sas.fr\/en\/products\/das-locks\/\"},{\"@type\":\"ListItem\",\"position\":4,\"name\":\"Local Alarm Control Unit\"}]},{\"@type\":\"WebSite\",\"@id\":\"https:\/\/alligator-sas.fr\/#website\",\"url\":\"https:\/\/alligator-sas.fr\/\",\"name\":\"ALLIGATOR\",\"description\":\"La s\u00e9curit\u00e9 \u00e0 l&#039;\u00e9preuve du temps\",\"publisher\":{\"@id\":\"https:\/\/alligator-sas.fr\/#organization\"},\"potentialAction\":[{\"@type\":\"SearchAction\",\"target\":{\"@type\":\"EntryPoint\",\"urlTemplate\":\"https:\/\/alligator-sas.fr\/?s={search_term_string}\"},\"query-input\":{\"@type\":\"PropertyValueSpecification\",\"valueRequired\":true,\"valueName\":\"search_term_string\"}}],\"inLanguage\":\"en-US\"},{\"@type\":\"Organization\",\"@id\":\"https:\/\/alligator-sas.fr\/#organization\",\"name\":\"ALLIGATOR\",\"url\":\"https:\/\/alligator-sas.fr\/\",\"logo\":{\"@type\":\"ImageObject\",\"inLanguage\":\"en-US\",\"@id\":\"https:\/\/alligator-sas.fr\/#\/schema\/logo\/image\/\",\"url\":\"https:\/\/alligator-sas.fr\/wp-content\/uploads\/2022\/04\/logo-alligator-v2.png\",\"contentUrl\":\"https:\/\/alligator-sas.fr\/wp-content\/uploads\/2022\/04\/logo-alligator-v2.png\",\"width\":800,\"height\":194,\"caption\":\"ALLIGATOR\"},\"image\":{\"@id\":\"https:\/\/alligator-sas.fr\/#\/schema\/logo\/image\/\"},\"sameAs\":[\"https:\/\/x.com\/ReseauDEF\",\"https:\/\/www.linkedin.com\/company\/alligator-sas\/\"]}]}<\/script>\n<!-- \/ Yoast SEO plugin. -->","yoast_head_json":{"title":"Local Alarm Control Unit - ALLIGATOR","robots":{"index":"index","follow":"follow","max-snippet":"max-snippet:-1","max-image-preview":"max-image-preview:large","max-video-preview":"max-video-preview:-1"},"canonical":"https:\/\/alligator-sas.fr\/en\/products\/das-locks\/local-alarm-control-unit\/","og_locale":"en_US","og_type":"article","og_title":"Local Alarm Control Unit - ALLIGATOR","og_url":"https:\/\/alligator-sas.fr\/en\/products\/das-locks\/local-alarm-control-unit\/","og_site_name":"ALLIGATOR","article_modified_time":"2023-11-08T15:32:08+00:00","twitter_card":"summary_large_image","twitter_site":"@ReseauDEF","twitter_misc":{"Est. reading time":"4 minutes"},"schema":{"@context":"https:\/\/schema.org","@graph":[{"@type":"WebPage","@id":"https:\/\/alligator-sas.fr\/en\/products\/das-locks\/local-alarm-control-unit\/","url":"https:\/\/alligator-sas.fr\/en\/products\/das-locks\/local-alarm-control-unit\/","name":"Local Alarm Control Unit - ALLIGATOR","isPartOf":{"@id":"https:\/\/alligator-sas.fr\/#website"},"datePublished":"2023-02-20T14:22:01+00:00","dateModified":"2023-11-08T15:32:08+00:00","breadcrumb":{"@id":"https:\/\/alligator-sas.fr\/en\/products\/das-locks\/local-alarm-control-unit\/#breadcrumb"},"inLanguage":"en-US","potentialAction":[{"@type":"ReadAction","target":["https:\/\/alligator-sas.fr\/en\/products\/das-locks\/local-alarm-control-unit\/"]}]},{"@type":"BreadcrumbList","@id":"https:\/\/alligator-sas.fr\/en\/products\/das-locks\/local-alarm-control-unit\/#breadcrumb","itemListElement":[{"@type":"ListItem","position":1,"name":"Accueil","item":"https:\/\/alligator-sas.fr\/en\/home-2-2\/"},{"@type":"ListItem","position":2,"name":"Products","item":"https:\/\/alligator-sas.fr\/en\/products\/"},{"@type":"ListItem","position":3,"name":"DAS locks","item":"https:\/\/alligator-sas.fr\/en\/products\/das-locks\/"},{"@type":"ListItem","position":4,"name":"Local Alarm Control Unit"}]},{"@type":"WebSite","@id":"https:\/\/alligator-sas.fr\/#website","url":"https:\/\/alligator-sas.fr\/","name":"ALLIGATOR","description":"La s\u00e9curit\u00e9 \u00e0 l&#039;\u00e9preuve du temps","publisher":{"@id":"https:\/\/alligator-sas.fr\/#organization"},"potentialAction":[{"@type":"SearchAction","target":{"@type":"EntryPoint","urlTemplate":"https:\/\/alligator-sas.fr\/?s={search_term_string}"},"query-input":{"@type":"PropertyValueSpecification","valueRequired":true,"valueName":"search_term_string"}}],"inLanguage":"en-US"},{"@type":"Organization","@id":"https:\/\/alligator-sas.fr\/#organization","name":"ALLIGATOR","url":"https:\/\/alligator-sas.fr\/","logo":{"@type":"ImageObject","inLanguage":"en-US","@id":"https:\/\/alligator-sas.fr\/#\/schema\/logo\/image\/","url":"https:\/\/alligator-sas.fr\/wp-content\/uploads\/2022\/04\/logo-alligator-v2.png","contentUrl":"https:\/\/alligator-sas.fr\/wp-content\/uploads\/2022\/04\/logo-alligator-v2.png","width":800,"height":194,"caption":"ALLIGATOR"},"image":{"@id":"https:\/\/alligator-sas.fr\/#\/schema\/logo\/image\/"},"sameAs":["https:\/\/x.com\/ReseauDEF","https:\/\/www.linkedin.com\/company\/alligator-sas\/"]}]}},"_links":{"self":[{"href":"https:\/\/alligator-sas.fr\/en\/wp-json\/wp\/v2\/pages\/2212","targetHints":{"allow":["GET"]}}],"collection":[{"href":"https:\/\/alligator-sas.fr\/en\/wp-json\/wp\/v2\/pages"}],"about":[{"href":"https:\/\/alligator-sas.fr\/en\/wp-json\/wp\/v2\/types\/page"}],"author":[{"embeddable":true,"href":"https:\/\/alligator-sas.fr\/en\/wp-json\/wp\/v2\/users\/1"}],"replies":[{"embeddable":true,"href":"https:\/\/alligator-sas.fr\/en\/wp-json\/wp\/v2\/comments?post=2212"}],"version-history":[{"count":3,"href":"https:\/\/alligator-sas.fr\/en\/wp-json\/wp\/v2\/pages\/2212\/revisions"}],"predecessor-version":[{"id":2505,"href":"https:\/\/alligator-sas.fr\/en\/wp-json\/wp\/v2\/pages\/2212\/revisions\/2505"}],"up":[{"embeddable":true,"href":"https:\/\/alligator-sas.fr\/en\/wp-json\/wp\/v2\/pages\/2209"}],"wp:attachment":[{"href":"https:\/\/alligator-sas.fr\/en\/wp-json\/wp\/v2\/media?parent=2212"}],"curies":[{"name":"wp","href":"https:\/\/api.w.org\/{rel}","templated":true}]}}