{"id":2221,"date":"2023-02-17T17:05:03","date_gmt":"2023-02-17T16:05:03","guid":{"rendered":"https:\/\/alligator-sas.fr\/products\/das-locks\/autonomous-local-evacuation-control\/cleva-2-clav\/"},"modified":"2023-11-13T17:07:26","modified_gmt":"2023-11-13T16:07:26","slug":"cleva-2-clav","status":"publish","type":"page","link":"https:\/\/alligator-sas.fr\/en\/products\/das-locks\/autonomous-local-evacuation-control\/cleva-2-clav\/","title":{"rendered":"CLEVA-2-CLAV"},"content":{"rendered":"\n<style type=\"text\/css\" data-created_by=\"avia_inline_auto\" id=\"style-css-av-lchi8bkb-47a3f894f8908886a7ca5918b9e61e9c\">\n.avia-section.av-lchi8bkb-47a3f894f8908886a7ca5918b9e61e9c{\nbackground-color:#f8f8f8;\nbackground-image:unset;\n}\n<\/style>\n<div id='av_section_1'  class='avia-section av-lchi8bkb-47a3f894f8908886a7ca5918b9e61e9c main_color avia-section-default avia-no-border-styling  avia-builder-el-0  avia-builder-el-no-sibling  avia-bg-style-scroll container_wrap sidebar_right'  ><div class='container av-section-cont-open' ><main  role=\"main\" itemprop=\"mainContentOfPage\"  class='template-page content  av-content-small alpha units'><div class='post-entry post-entry-type-page post-entry-2221'><div class='entry-content-wrapper clearfix'>\n\n<style type=\"text\/css\" data-created_by=\"avia_inline_auto\" id=\"style-css-av-6zyb-5d3740f02d005b7274b877bec08718ef\">\n@keyframes av_boxShadowEffect_av-6zyb-5d3740f02d005b7274b877bec08718ef-column {\n0%   { box-shadow:  0 0 0 0 ; opacity: 1; }\n100% { box-shadow:  0 0 10px 0 ; opacity: 1; }\n}\n.flex_column.av-6zyb-5d3740f02d005b7274b877bec08718ef{\npadding:12px 12px 12px 12px;\n}\n<\/style>\n<div  class='flex_column av-6zyb-5d3740f02d005b7274b877bec08718ef av_one_third  avia-builder-el-1  el_before_av_two_third  avia-builder-el-first  first flex_column_div  '     ><p>\n<style type=\"text\/css\" data-created_by=\"avia_inline_auto\" id=\"style-css-av-lchha28a-735c57f79829f02588f455eb4212ace0\">\n@keyframes av_boxShadowEffect_av-lchha28a-735c57f79829f02588f455eb4212ace0 {\n0%   { box-shadow:  0 0 0 0 ; opacity: 1; }\n100% { box-shadow:  0 0 10px 0 ; opacity: 1; }\n}\n.avia-image-container.av-lchha28a-735c57f79829f02588f455eb4212ace0 img.avia_image{\nbox-shadow: 0 0 10px 0 ;\n}\n.avia-image-container.av-lchha28a-735c57f79829f02588f455eb4212ace0 .av-image-caption-overlay-center{\ncolor:#ffffff;\n}\n<\/style>\n<div  class='avia-image-container av-lchha28a-735c57f79829f02588f455eb4212ace0 av-styling- avia-align-center  avia-builder-el-2  el_before_av_heading  avia-builder-el-first  av-img-box-shadow av-box-shadow-not-animated'   itemprop=\"image\" itemscope=\"itemscope\" itemtype=\"https:\/\/schema.org\/ImageObject\" ><div class=\"avia-image-container-inner\"><div class=\"avia-image-overlay-wrap\"><img decoding=\"async\" fetchpriority=\"high\" class='wp-image-1944 avia-img-lazy-loading-not-1944 avia_image shadow-not-animated' src=\"https:\/\/alligator-sas.fr\/wp-content\/uploads\/2023\/02\/CLEVA2_CLAV_1.png\" alt='' title='CLEVA2_CLAV_1'  height=\"800\" width=\"800\"  itemprop=\"thumbnailUrl\" srcset=\"https:\/\/alligator-sas.fr\/wp-content\/uploads\/2023\/02\/CLEVA2_CLAV_1.png 800w, https:\/\/alligator-sas.fr\/wp-content\/uploads\/2023\/02\/CLEVA2_CLAV_1-300x300.png 300w, https:\/\/alligator-sas.fr\/wp-content\/uploads\/2023\/02\/CLEVA2_CLAV_1-80x80.png 80w, https:\/\/alligator-sas.fr\/wp-content\/uploads\/2023\/02\/CLEVA2_CLAV_1-768x768.png 768w, https:\/\/alligator-sas.fr\/wp-content\/uploads\/2023\/02\/CLEVA2_CLAV_1-36x36.png 36w, https:\/\/alligator-sas.fr\/wp-content\/uploads\/2023\/02\/CLEVA2_CLAV_1-705x705.png 705w\" sizes=\"(max-width: 800px) 100vw, 800px\" \/><\/div><\/div><\/div><br \/>\n\n<style type=\"text\/css\" data-created_by=\"avia_inline_auto\" id=\"style-css-av-lcho31r8-177692d1a1daca3823a1e45206ef133a\">\n#top .av-special-heading.av-lcho31r8-177692d1a1daca3823a1e45206ef133a{\npadding-bottom:10px;\n}\nbody .av-special-heading.av-lcho31r8-177692d1a1daca3823a1e45206ef133a .av-special-heading-tag .heading-char{\nfont-size:25px;\n}\n.av-special-heading.av-lcho31r8-177692d1a1daca3823a1e45206ef133a .av-subheading{\nfont-size:15px;\n}\n<\/style>\n<div  class='av-special-heading av-lcho31r8-177692d1a1daca3823a1e45206ef133a av-special-heading-h2 blockquote modern-quote modern-centered  avia-builder-el-3  el_after_av_image  el_before_av_hr '><h2 class='av-special-heading-tag '  itemprop=\"headline\"  >Download<\/h2><div class=\"special-heading-border\"><div class=\"special-heading-inner-border\"><\/div><\/div><\/div><br \/>\n\n<style type=\"text\/css\" data-created_by=\"avia_inline_auto\" id=\"style-css-av-lcho3ozv-f63f6950c6c4b1269c3a91bea5c4dbbb\">\n#top .hr.av-lcho3ozv-f63f6950c6c4b1269c3a91bea5c4dbbb{\nmargin-top:10px;\nmargin-bottom:10px;\n}\n.hr.av-lcho3ozv-f63f6950c6c4b1269c3a91bea5c4dbbb .hr-inner{\nwidth:100px;\nborder-color:#a9c63e;\nmax-width:45%;\n}\n<\/style>\n<div  class='hr av-lcho3ozv-f63f6950c6c4b1269c3a91bea5c4dbbb hr-custom  avia-builder-el-4  el_after_av_heading  el_before_av_button_big  avia-builder-el-last  hr-center hr-icon-yes'><span class='hr-inner inner-border-av-border-fat'><span class=\"hr-inner-style\"><\/span><\/span><span class='av-seperator-icon' aria-hidden='true' data-av_icon='\ue82d' data-av_iconfont='entypo-fontello'><\/span><span class='hr-inner inner-border-av-border-fat'><span class=\"hr-inner-style\"><\/span><\/span><\/div><br \/>\n<div  class='avia-button-wrap avia-button-center  avia-builder-el-5  el_after_av_hr  el_before_av_button_big '>\n<style type=\"text\/css\" data-created_by=\"avia_inline_auto\" id=\"style-css-av-lchobjnr-5a5e119499caa146b5410eb6384d701c\">\n#top #wrap_all .avia-button.av-lchobjnr-5a5e119499caa146b5410eb6384d701c{\nmargin:10px 10px 10px 10px;\n}\n#top #wrap_all .avia-button.av-lchobjnr-5a5e119499caa146b5410eb6384d701c:hover{\ncolor:white;\ntransition:all 0.4s ease-in-out;\n}\n<\/style>\n<a href='https:\/\/alligator-sas.fr\/wp-content\/uploads\/2023\/11\/CLEVA-2-CLAV_EN_opt.pdf' class='avia-color-theme-color avia-font-color-theme-color avia-button avia-button-fullwidth av-lchobjnr-5a5e119499caa146b5410eb6384d701c avia-icon_select-yes-left-icon avia-color-theme-color' target=\"_blank\" rel=\"noopener noreferrer\" aria-label=\"Sales sheet (EN)\"><span class='avia_button_icon avia_button_icon_left' aria-hidden='true' data-av_icon='\ue86c' data-av_iconfont='entypo-fontello'><\/span><span class='avia_iconbox_title' >Sales sheet (EN)<\/span><div class='av-button-description av-button-description-below'><p>CLEVA-2-CLAV<\/p>\n<\/div><span class='avia_button_background avia-button avia-button-fullwidth avia-color-theme-color-highlight'><\/span><\/a><\/div><br \/>\n<div  class='avia-button-wrap avia-button-center  avia-builder-el-6  el_after_av_button_big  avia-builder-el-last '>\n<style type=\"text\/css\" data-created_by=\"avia_inline_auto\" id=\"style-css-av-lchody4n-5fe3e2a2dc0cbb4749dd0c1d9647da46\">\n#top #wrap_all .avia-button.av-lchody4n-5fe3e2a2dc0cbb4749dd0c1d9647da46{\nmargin:10px 10px 10px 10px;\n}\n#top #wrap_all .avia-button.av-lchody4n-5fe3e2a2dc0cbb4749dd0c1d9647da46:hover{\ncolor:white;\ntransition:all 0.4s ease-in-out;\n}\n<\/style>\n<a href='https:\/\/alligator-sas.fr\/wp-content\/uploads\/2023\/02\/Notice_CLEVA2.pdf' class='avia-color-theme-color avia-font-color-theme-color avia-button avia-button-fullwidth av-lchody4n-5fe3e2a2dc0cbb4749dd0c1d9647da46 avia-icon_select-yes-left-icon avia-color-theme-color' target=\"_blank\" rel=\"noopener noreferrer\" aria-label=\"Instructions for use (FR)\"><span class='avia_button_icon avia_button_icon_left' aria-hidden='true' data-av_icon='\ue856' data-av_iconfont='entypo-fontello'><\/span><span class='avia_iconbox_title' >Instructions for use (FR)<\/span><div class='av-button-description av-button-description-below'><p>CLEVA-2-CLAV manual<\/p>\n<\/div><span class='avia_button_background avia-button avia-button-fullwidth avia-color-theme-color-highlight'><\/span><\/a><\/div><\/p><\/div><div  class='flex_column av-dgx77-ef78815b5f8e7b73e2e5e2aa86a58a8c av_two_third  avia-builder-el-7  el_after_av_one_third  avia-builder-el-last  flex_column_div  '     ><p>\n<style type=\"text\/css\" data-created_by=\"avia_inline_auto\" id=\"style-css-av-2sgx7-5f5b63acca03fecef20515fdac54e715\">\n#top .av-special-heading.av-2sgx7-5f5b63acca03fecef20515fdac54e715{\npadding-bottom:10px;\n}\nbody .av-special-heading.av-2sgx7-5f5b63acca03fecef20515fdac54e715 .av-special-heading-tag .heading-char{\nfont-size:25px;\n}\n.av-special-heading.av-2sgx7-5f5b63acca03fecef20515fdac54e715 .av-subheading{\nfont-size:15px;\n}\n<\/style>\n<div  class='av-special-heading av-2sgx7-5f5b63acca03fecef20515fdac54e715 av-special-heading-h2 blockquote modern-quote  avia-builder-el-8  el_before_av_hr  avia-builder-el-first '><h2 class='av-special-heading-tag '  itemprop=\"headline\"  >CLEVA-2-CLAV<\/h2><div class='av-subheading av-subheading_below'><p>The 2-state Local Self-Evacuation Control is a control unit fitted with a keypad or a European half-cylinder that authorizes temporary or permanent unlocking of the door.<\/p>\n<\/div><div class=\"special-heading-border\"><div class=\"special-heading-inner-border\"><\/div><\/div><\/div><br \/>\n\n<style type=\"text\/css\" data-created_by=\"avia_inline_auto\" id=\"style-css-av-lchhh5n6-674ad1f736de3f3085360d083c6a1f17\">\n#top .hr.av-lchhh5n6-674ad1f736de3f3085360d083c6a1f17{\nmargin-top:10px;\nmargin-bottom:30px;\n}\n.hr.av-lchhh5n6-674ad1f736de3f3085360d083c6a1f17 .hr-inner{\nwidth:100px;\nborder-color:#a9c63e;\nmax-width:45%;\n}\n<\/style>\n<div  class='hr av-lchhh5n6-674ad1f736de3f3085360d083c6a1f17 hr-custom  avia-builder-el-9  el_after_av_heading  el_before_av_textblock  hr-left hr-icon-yes'><span class='hr-inner inner-border-av-border-fat'><span class=\"hr-inner-style\"><\/span><\/span><span class='av-seperator-icon' aria-hidden='true' data-av_icon='\ue81e' data-av_iconfont='entypo-fontello'><\/span><span class='hr-inner inner-border-av-border-fat'><span class=\"hr-inner-style\"><\/span><\/span><\/div><br \/>\n<section  class='av_textblock_section av-lchhc8a7-08f87e393783f5fc85706e3180b7e0bc '   itemscope=\"itemscope\" itemtype=\"https:\/\/schema.org\/CreativeWork\" ><div class='avia_textblock'  itemprop=\"text\" ><ul>\n<li>Programmable manual control via keypad, permanent or timed mode<\/li>\n<li>Emergency release pushbutton with IEC947 compliant pull contacts<\/li>\n<li>Key-operated push-button reset<\/li>\n<li>Push-button protected by an easily-breakable, lead-sealed cover<\/li>\n<li>Lights indicating lock status (locked, unlocked)<\/li>\n<li>Audible signal (adjustable) on push-button operation and cover manipulation<\/li>\n<li>Push-button status output<\/li>\n<li>External fire control input<\/li>\n<\/ul>\n<\/div><\/section><\/p><\/div><\/div><\/div><\/main><!-- close content main element --><\/div><\/div><div id='after_section_1'  class='main_color av_default_container_wrap container_wrap sidebar_right'  ><div class='container av-section-cont-open' ><div class='template-page content  av-content-small alpha units'><div class='post-entry post-entry-type-page post-entry-2221'><div class='entry-content-wrapper clearfix'>\n","protected":false},"excerpt":{"rendered":"","protected":false},"author":1,"featured_media":0,"parent":2218,"menu_order":0,"comment_status":"closed","ping_status":"closed","template":"","meta":{"footnotes":""},"class_list":["post-2221","page","type-page","status-publish","hentry"],"yoast_head":"<!-- This site is optimized with the Yoast SEO plugin v25.4 - https:\/\/yoast.com\/wordpress\/plugins\/seo\/ -->\n<title>CLEVA-2-CLAV - ALLIGATOR<\/title>\n<meta name=\"robots\" content=\"index, follow, max-snippet:-1, max-image-preview:large, max-video-preview:-1\" \/>\n<link rel=\"canonical\" href=\"https:\/\/alligator-sas.fr\/en\/products\/das-locks\/autonomous-local-evacuation-control\/cleva-2-clav\/\" \/>\n<meta property=\"og:locale\" content=\"en_US\" \/>\n<meta property=\"og:type\" content=\"article\" \/>\n<meta property=\"og:title\" content=\"CLEVA-2-CLAV - ALLIGATOR\" \/>\n<meta property=\"og:url\" content=\"https:\/\/alligator-sas.fr\/en\/products\/das-locks\/autonomous-local-evacuation-control\/cleva-2-clav\/\" \/>\n<meta property=\"og:site_name\" content=\"ALLIGATOR\" \/>\n<meta property=\"article:modified_time\" content=\"2023-11-13T16:07:26+00:00\" \/>\n<meta name=\"twitter:card\" content=\"summary_large_image\" \/>\n<meta name=\"twitter:site\" content=\"@ReseauDEF\" \/>\n<meta name=\"twitter:label1\" content=\"Est. reading time\" \/>\n\t<meta name=\"twitter:data1\" content=\"5 minutes\" \/>\n<script type=\"application\/ld+json\" class=\"yoast-schema-graph\">{\"@context\":\"https:\/\/schema.org\",\"@graph\":[{\"@type\":\"WebPage\",\"@id\":\"https:\/\/alligator-sas.fr\/en\/products\/das-locks\/autonomous-local-evacuation-control\/cleva-2-clav\/\",\"url\":\"https:\/\/alligator-sas.fr\/en\/products\/das-locks\/autonomous-local-evacuation-control\/cleva-2-clav\/\",\"name\":\"CLEVA-2-CLAV - ALLIGATOR\",\"isPartOf\":{\"@id\":\"https:\/\/alligator-sas.fr\/#website\"},\"datePublished\":\"2023-02-17T16:05:03+00:00\",\"dateModified\":\"2023-11-13T16:07:26+00:00\",\"breadcrumb\":{\"@id\":\"https:\/\/alligator-sas.fr\/en\/products\/das-locks\/autonomous-local-evacuation-control\/cleva-2-clav\/#breadcrumb\"},\"inLanguage\":\"en-US\",\"potentialAction\":[{\"@type\":\"ReadAction\",\"target\":[\"https:\/\/alligator-sas.fr\/en\/products\/das-locks\/autonomous-local-evacuation-control\/cleva-2-clav\/\"]}]},{\"@type\":\"BreadcrumbList\",\"@id\":\"https:\/\/alligator-sas.fr\/en\/products\/das-locks\/autonomous-local-evacuation-control\/cleva-2-clav\/#breadcrumb\",\"itemListElement\":[{\"@type\":\"ListItem\",\"position\":1,\"name\":\"Accueil\",\"item\":\"https:\/\/alligator-sas.fr\/en\/home-2-2\/\"},{\"@type\":\"ListItem\",\"position\":2,\"name\":\"Products\",\"item\":\"https:\/\/alligator-sas.fr\/en\/products\/\"},{\"@type\":\"ListItem\",\"position\":3,\"name\":\"DAS locks\",\"item\":\"https:\/\/alligator-sas.fr\/en\/products\/das-locks\/\"},{\"@type\":\"ListItem\",\"position\":4,\"name\":\"Autonomous Local Evacuation Control\",\"item\":\"https:\/\/alligator-sas.fr\/en\/products\/das-locks\/autonomous-local-evacuation-control\/\"},{\"@type\":\"ListItem\",\"position\":5,\"name\":\"CLEVA-2-CLAV\"}]},{\"@type\":\"WebSite\",\"@id\":\"https:\/\/alligator-sas.fr\/#website\",\"url\":\"https:\/\/alligator-sas.fr\/\",\"name\":\"ALLIGATOR\",\"description\":\"La s\u00e9curit\u00e9 \u00e0 l&#039;\u00e9preuve du temps\",\"publisher\":{\"@id\":\"https:\/\/alligator-sas.fr\/#organization\"},\"potentialAction\":[{\"@type\":\"SearchAction\",\"target\":{\"@type\":\"EntryPoint\",\"urlTemplate\":\"https:\/\/alligator-sas.fr\/?s={search_term_string}\"},\"query-input\":{\"@type\":\"PropertyValueSpecification\",\"valueRequired\":true,\"valueName\":\"search_term_string\"}}],\"inLanguage\":\"en-US\"},{\"@type\":\"Organization\",\"@id\":\"https:\/\/alligator-sas.fr\/#organization\",\"name\":\"ALLIGATOR\",\"url\":\"https:\/\/alligator-sas.fr\/\",\"logo\":{\"@type\":\"ImageObject\",\"inLanguage\":\"en-US\",\"@id\":\"https:\/\/alligator-sas.fr\/#\/schema\/logo\/image\/\",\"url\":\"https:\/\/alligator-sas.fr\/wp-content\/uploads\/2022\/04\/logo-alligator-v2.png\",\"contentUrl\":\"https:\/\/alligator-sas.fr\/wp-content\/uploads\/2022\/04\/logo-alligator-v2.png\",\"width\":800,\"height\":194,\"caption\":\"ALLIGATOR\"},\"image\":{\"@id\":\"https:\/\/alligator-sas.fr\/#\/schema\/logo\/image\/\"},\"sameAs\":[\"https:\/\/x.com\/ReseauDEF\",\"https:\/\/www.linkedin.com\/company\/alligator-sas\/\"]}]}<\/script>\n<!-- \/ Yoast SEO plugin. -->","yoast_head_json":{"title":"CLEVA-2-CLAV - ALLIGATOR","robots":{"index":"index","follow":"follow","max-snippet":"max-snippet:-1","max-image-preview":"max-image-preview:large","max-video-preview":"max-video-preview:-1"},"canonical":"https:\/\/alligator-sas.fr\/en\/products\/das-locks\/autonomous-local-evacuation-control\/cleva-2-clav\/","og_locale":"en_US","og_type":"article","og_title":"CLEVA-2-CLAV - ALLIGATOR","og_url":"https:\/\/alligator-sas.fr\/en\/products\/das-locks\/autonomous-local-evacuation-control\/cleva-2-clav\/","og_site_name":"ALLIGATOR","article_modified_time":"2023-11-13T16:07:26+00:00","twitter_card":"summary_large_image","twitter_site":"@ReseauDEF","twitter_misc":{"Est. reading time":"5 minutes"},"schema":{"@context":"https:\/\/schema.org","@graph":[{"@type":"WebPage","@id":"https:\/\/alligator-sas.fr\/en\/products\/das-locks\/autonomous-local-evacuation-control\/cleva-2-clav\/","url":"https:\/\/alligator-sas.fr\/en\/products\/das-locks\/autonomous-local-evacuation-control\/cleva-2-clav\/","name":"CLEVA-2-CLAV - ALLIGATOR","isPartOf":{"@id":"https:\/\/alligator-sas.fr\/#website"},"datePublished":"2023-02-17T16:05:03+00:00","dateModified":"2023-11-13T16:07:26+00:00","breadcrumb":{"@id":"https:\/\/alligator-sas.fr\/en\/products\/das-locks\/autonomous-local-evacuation-control\/cleva-2-clav\/#breadcrumb"},"inLanguage":"en-US","potentialAction":[{"@type":"ReadAction","target":["https:\/\/alligator-sas.fr\/en\/products\/das-locks\/autonomous-local-evacuation-control\/cleva-2-clav\/"]}]},{"@type":"BreadcrumbList","@id":"https:\/\/alligator-sas.fr\/en\/products\/das-locks\/autonomous-local-evacuation-control\/cleva-2-clav\/#breadcrumb","itemListElement":[{"@type":"ListItem","position":1,"name":"Accueil","item":"https:\/\/alligator-sas.fr\/en\/home-2-2\/"},{"@type":"ListItem","position":2,"name":"Products","item":"https:\/\/alligator-sas.fr\/en\/products\/"},{"@type":"ListItem","position":3,"name":"DAS locks","item":"https:\/\/alligator-sas.fr\/en\/products\/das-locks\/"},{"@type":"ListItem","position":4,"name":"Autonomous Local Evacuation Control","item":"https:\/\/alligator-sas.fr\/en\/products\/das-locks\/autonomous-local-evacuation-control\/"},{"@type":"ListItem","position":5,"name":"CLEVA-2-CLAV"}]},{"@type":"WebSite","@id":"https:\/\/alligator-sas.fr\/#website","url":"https:\/\/alligator-sas.fr\/","name":"ALLIGATOR","description":"La s\u00e9curit\u00e9 \u00e0 l&#039;\u00e9preuve du temps","publisher":{"@id":"https:\/\/alligator-sas.fr\/#organization"},"potentialAction":[{"@type":"SearchAction","target":{"@type":"EntryPoint","urlTemplate":"https:\/\/alligator-sas.fr\/?s={search_term_string}"},"query-input":{"@type":"PropertyValueSpecification","valueRequired":true,"valueName":"search_term_string"}}],"inLanguage":"en-US"},{"@type":"Organization","@id":"https:\/\/alligator-sas.fr\/#organization","name":"ALLIGATOR","url":"https:\/\/alligator-sas.fr\/","logo":{"@type":"ImageObject","inLanguage":"en-US","@id":"https:\/\/alligator-sas.fr\/#\/schema\/logo\/image\/","url":"https:\/\/alligator-sas.fr\/wp-content\/uploads\/2022\/04\/logo-alligator-v2.png","contentUrl":"https:\/\/alligator-sas.fr\/wp-content\/uploads\/2022\/04\/logo-alligator-v2.png","width":800,"height":194,"caption":"ALLIGATOR"},"image":{"@id":"https:\/\/alligator-sas.fr\/#\/schema\/logo\/image\/"},"sameAs":["https:\/\/x.com\/ReseauDEF","https:\/\/www.linkedin.com\/company\/alligator-sas\/"]}]}},"_links":{"self":[{"href":"https:\/\/alligator-sas.fr\/en\/wp-json\/wp\/v2\/pages\/2221","targetHints":{"allow":["GET"]}}],"collection":[{"href":"https:\/\/alligator-sas.fr\/en\/wp-json\/wp\/v2\/pages"}],"about":[{"href":"https:\/\/alligator-sas.fr\/en\/wp-json\/wp\/v2\/types\/page"}],"author":[{"embeddable":true,"href":"https:\/\/alligator-sas.fr\/en\/wp-json\/wp\/v2\/users\/1"}],"replies":[{"embeddable":true,"href":"https:\/\/alligator-sas.fr\/en\/wp-json\/wp\/v2\/comments?post=2221"}],"version-history":[{"count":3,"href":"https:\/\/alligator-sas.fr\/en\/wp-json\/wp\/v2\/pages\/2221\/revisions"}],"predecessor-version":[{"id":3094,"href":"https:\/\/alligator-sas.fr\/en\/wp-json\/wp\/v2\/pages\/2221\/revisions\/3094"}],"up":[{"embeddable":true,"href":"https:\/\/alligator-sas.fr\/en\/wp-json\/wp\/v2\/pages\/2218"}],"wp:attachment":[{"href":"https:\/\/alligator-sas.fr\/en\/wp-json\/wp\/v2\/media?parent=2221"}],"curies":[{"name":"wp","href":"https:\/\/api.w.org\/{rel}","templated":true}]}}