{"id":2251,"date":"2023-01-19T15:50:45","date_gmt":"2023-01-19T14:50:45","guid":{"rendered":"https:\/\/alligator-sas.fr\/products\/das-locks\/electromagnetic-das-lock\/ds3000-dt\/"},"modified":"2026-02-20T12:02:54","modified_gmt":"2026-02-20T11:02:54","slug":"ds3000-dt","status":"publish","type":"page","link":"https:\/\/alligator-sas.fr\/en\/products\/das-locks\/electromagnetic-das-lock\/ds3000-dt\/","title":{"rendered":"DS3010-DT"},"content":{"rendered":"\n<style type=\"text\/css\" data-created_by=\"avia_inline_auto\" id=\"style-css-av-lchi8bkb-47a3f894f8908886a7ca5918b9e61e9c\">\n.avia-section.av-lchi8bkb-47a3f894f8908886a7ca5918b9e61e9c{\nbackground-color:#f8f8f8;\nbackground-image:unset;\n}\n<\/style>\n<div id='av_section_1'  class='avia-section av-lchi8bkb-47a3f894f8908886a7ca5918b9e61e9c main_color avia-section-default avia-no-border-styling  avia-builder-el-0  avia-builder-el-no-sibling  avia-bg-style-scroll container_wrap sidebar_right'  ><div class='container av-section-cont-open' ><main  role=\"main\" itemprop=\"mainContentOfPage\"  class='template-page content  av-content-small alpha units'><div class='post-entry post-entry-type-page post-entry-2251'><div class='entry-content-wrapper clearfix'>\n\n<style type=\"text\/css\" data-created_by=\"avia_inline_auto\" id=\"style-css-av-6zyb-5d3740f02d005b7274b877bec08718ef\">\n@keyframes av_boxShadowEffect_av-6zyb-5d3740f02d005b7274b877bec08718ef-column {\n0%   { box-shadow:  0 0 0 0 ; opacity: 1; }\n100% { box-shadow:  0 0 10px 0 ; opacity: 1; }\n}\n.flex_column.av-6zyb-5d3740f02d005b7274b877bec08718ef{\npadding:12px 12px 12px 12px;\n}\n<\/style>\n<div  class='flex_column av-6zyb-5d3740f02d005b7274b877bec08718ef av_one_third  avia-builder-el-1  el_before_av_two_third  avia-builder-el-first  first flex_column_div  '     ><p>\n<style type=\"text\/css\" data-created_by=\"avia_inline_auto\" id=\"style-css-av-lchha28a-7eb5df896d3c6ebe6e85fcad6a90e3f5\">\n@keyframes av_boxShadowEffect_av-lchha28a-7eb5df896d3c6ebe6e85fcad6a90e3f5 {\n0%   { box-shadow:  0 0 0 0 ; opacity: 1; }\n100% { box-shadow:  0 0 10px 0 ; opacity: 1; }\n}\n.avia-image-container.av-lchha28a-7eb5df896d3c6ebe6e85fcad6a90e3f5 img.avia_image{\nbox-shadow: 0 0 10px 0 ;\n}\n.avia-image-container.av-lchha28a-7eb5df896d3c6ebe6e85fcad6a90e3f5 .av-image-caption-overlay-center{\ncolor:#ffffff;\n}\n<\/style>\n<div  class='avia-image-container av-lchha28a-7eb5df896d3c6ebe6e85fcad6a90e3f5 av-styling- avia-align-center  avia-builder-el-2  el_before_av_heading  avia-builder-el-first  av-img-box-shadow av-box-shadow-not-animated'   itemprop=\"image\" itemscope=\"itemscope\" itemtype=\"https:\/\/schema.org\/ImageObject\" ><div class=\"avia-image-container-inner\"><div class=\"avia-image-overlay-wrap\"><img decoding=\"async\" fetchpriority=\"high\" class='wp-image-5317 avia-img-lazy-loading-not-5317 avia_image shadow-not-animated' src=\"https:\/\/alligator-sas.fr\/wp-content\/uploads\/2025\/07\/DS3010-300x232.png\" alt='' title='DS3010'  height=\"232\" width=\"300\"  itemprop=\"thumbnailUrl\" srcset=\"https:\/\/alligator-sas.fr\/wp-content\/uploads\/2025\/07\/DS3010-300x232.png 300w, https:\/\/alligator-sas.fr\/wp-content\/uploads\/2025\/07\/DS3010-1030x796.png 1030w, https:\/\/alligator-sas.fr\/wp-content\/uploads\/2025\/07\/DS3010-768x593.png 768w, https:\/\/alligator-sas.fr\/wp-content\/uploads\/2025\/07\/DS3010-1536x1187.png 1536w, https:\/\/alligator-sas.fr\/wp-content\/uploads\/2025\/07\/DS3010-2048x1583.png 2048w, https:\/\/alligator-sas.fr\/wp-content\/uploads\/2025\/07\/DS3010-705x545.png 705w\" sizes=\"(max-width: 300px) 100vw, 300px\" \/><\/div><\/div><\/div><br \/>\n\n<style type=\"text\/css\" data-created_by=\"avia_inline_auto\" id=\"style-css-av-lcho31r8-177692d1a1daca3823a1e45206ef133a\">\n#top .av-special-heading.av-lcho31r8-177692d1a1daca3823a1e45206ef133a{\npadding-bottom:10px;\n}\nbody .av-special-heading.av-lcho31r8-177692d1a1daca3823a1e45206ef133a .av-special-heading-tag .heading-char{\nfont-size:25px;\n}\n.av-special-heading.av-lcho31r8-177692d1a1daca3823a1e45206ef133a .av-subheading{\nfont-size:15px;\n}\n<\/style>\n<div  class='av-special-heading av-lcho31r8-177692d1a1daca3823a1e45206ef133a av-special-heading-h2 blockquote modern-quote modern-centered  avia-builder-el-3  el_after_av_image  el_before_av_hr '><h2 class='av-special-heading-tag '  itemprop=\"headline\"  >Download<\/h2><div class=\"special-heading-border\"><div class=\"special-heading-inner-border\"><\/div><\/div><\/div><br \/>\n\n<style type=\"text\/css\" data-created_by=\"avia_inline_auto\" id=\"style-css-av-lcho3ozv-f63f6950c6c4b1269c3a91bea5c4dbbb\">\n#top .hr.av-lcho3ozv-f63f6950c6c4b1269c3a91bea5c4dbbb{\nmargin-top:10px;\nmargin-bottom:10px;\n}\n.hr.av-lcho3ozv-f63f6950c6c4b1269c3a91bea5c4dbbb .hr-inner{\nwidth:100px;\nborder-color:#a9c63e;\nmax-width:45%;\n}\n<\/style>\n<div  class='hr av-lcho3ozv-f63f6950c6c4b1269c3a91bea5c4dbbb hr-custom  avia-builder-el-4  el_after_av_heading  el_before_av_button_big  avia-builder-el-last  hr-center hr-icon-yes'><span class='hr-inner inner-border-av-border-fat'><span class=\"hr-inner-style\"><\/span><\/span><span class='av-seperator-icon' aria-hidden='true' data-av_icon='\ue82d' data-av_iconfont='entypo-fontello'><\/span><span class='hr-inner inner-border-av-border-fat'><span class=\"hr-inner-style\"><\/span><\/span><\/div><br \/>\n<div  class='avia-button-wrap avia-button-center  avia-builder-el-5  el_after_av_hr  el_before_av_button_big '>\n<style type=\"text\/css\" data-created_by=\"avia_inline_auto\" id=\"style-css-av-lchobjnr-d3194c00f9843650f54c841c333a905c\">\n#top #wrap_all .avia-button.av-lchobjnr-d3194c00f9843650f54c841c333a905c{\nmargin:10px 10px 10px 10px;\n}\n#top #wrap_all .avia-button.av-lchobjnr-d3194c00f9843650f54c841c333a905c:hover{\ncolor:white;\ntransition:all 0.4s ease-in-out;\n}\n<\/style>\n<a href='https:\/\/alligator-sas.fr\/wp-content\/uploads\/2025\/07\/DS3010-ALLIGATOR.pdf' class='avia-color-theme-color avia-font-color-theme-color avia-button avia-button-fullwidth av-lchobjnr-d3194c00f9843650f54c841c333a905c avia-icon_select-yes-left-icon avia-color-theme-color' target=\"_blank\" rel=\"noopener noreferrer\" aria-label=\"Sales sheet\"><span class='avia_button_icon avia_button_icon_left' aria-hidden='true' data-av_icon='\ue86c' data-av_iconfont='entypo-fontello'><\/span><span class='avia_iconbox_title' >Sales sheet<\/span><div class='av-button-description av-button-description-below'><p>DS3010<\/p>\n<\/div><span class='avia_button_background avia-button avia-button-fullwidth avia-color-theme-color-highlight'><\/span><\/a><\/div><br \/>\n<div  class='avia-button-wrap avia-button-center  avia-builder-el-6  el_after_av_button_big  el_before_av_button_big '>\n<style type=\"text\/css\" data-created_by=\"avia_inline_auto\" id=\"style-css-av-lchod6uv-62633d9f36a32e7823f0d157e785b48c\">\n#top #wrap_all .avia-button.av-lchod6uv-62633d9f36a32e7823f0d157e785b48c{\nmargin:10px 10px 10px 10px;\n}\n#top #wrap_all .avia-button.av-lchod6uv-62633d9f36a32e7823f0d157e785b48c:hover{\ncolor:white;\ntransition:all 0.4s ease-in-out;\n}\n<\/style>\n<a href='https:\/\/alligator-sas.fr\/wp-content\/uploads\/2025\/08\/SD-25-00-27-DS30X0.pdf' class='avia-color-theme-color avia-font-color-theme-color avia-button avia-button-fullwidth av-lchod6uv-62633d9f36a32e7823f0d157e785b48c avia-icon_select-yes-left-icon avia-color-theme-color' target=\"_blank\" rel=\"noopener noreferrer\" aria-label=\"PV and Certificates\"><span class='avia_button_icon avia_button_icon_left' aria-hidden='true' data-av_icon='\ue84d' data-av_iconfont='entypo-fontello'><\/span><span class='avia_iconbox_title' >PV and Certificates<\/span><div class='av-button-description av-button-description-below'><p>PV DS3010<\/p>\n<\/div><span class='avia_button_background avia-button avia-button-fullwidth avia-color-theme-color-highlight'><\/span><\/a><\/div><br \/>\n<div  class='avia-button-wrap avia-button-center  avia-builder-el-7  el_after_av_button_big  el_before_av_button_big '>\n<style type=\"text\/css\" data-created_by=\"avia_inline_auto\" id=\"style-css-av-lchody4n-5618bc4592e2820589dabaa24adad40a\">\n#top #wrap_all .avia-button.av-lchody4n-5618bc4592e2820589dabaa24adad40a{\nmargin:10px 10px 10px 10px;\n}\n#top #wrap_all .avia-button.av-lchody4n-5618bc4592e2820589dabaa24adad40a:hover{\ncolor:white;\ntransition:all 0.4s ease-in-out;\n}\n<\/style>\n<a href='https:\/\/alligator-sas.fr\/wp-content\/uploads\/2025\/07\/NTP054_A_FR_DS3010-_-ALLIGATOR.pdf' class='avia-color-theme-color avia-font-color-theme-color avia-button avia-button-fullwidth av-lchody4n-5618bc4592e2820589dabaa24adad40a avia-icon_select-yes-left-icon avia-color-theme-color' target=\"_blank\" rel=\"noopener noreferrer\" aria-label=\"Instructions for use\"><span class='avia_button_icon avia_button_icon_left' aria-hidden='true' data-av_icon='\ue856' data-av_iconfont='entypo-fontello'><\/span><span class='avia_iconbox_title' >Instructions for use<\/span><div class='av-button-description av-button-description-below'><p>DS3010 manual<\/p>\n<\/div><span class='avia_button_background avia-button avia-button-fullwidth avia-color-theme-color-highlight'><\/span><\/a><\/div><br \/>\n<div  class='avia-button-wrap avia-button-center  avia-builder-el-8  el_after_av_button_big  avia-builder-el-last '>\n<style type=\"text\/css\" data-created_by=\"avia_inline_auto\" id=\"style-css-av-mdimczi6-669cd95151d4e63daff97d667a13d476\">\n#top #wrap_all .avia-button.av-mdimczi6-669cd95151d4e63daff97d667a13d476{\nmargin:10px 10px 10px 10px;\n}\n#top #wrap_all .avia-button.av-mdimczi6-669cd95151d4e63daff97d667a13d476:hover{\ncolor:white;\ntransition:all 0.4s ease-in-out;\n}\n<\/style>\n<a href='https:\/\/alligator-sas.fr\/wp-content\/uploads\/2025\/07\/DS3010_NSP_rev1_ALLIGATOR.pdf' class='avia-color-theme-color avia-font-color-theme-color avia-button avia-button-fullwidth av-mdimczi6-669cd95151d4e63daff97d667a13d476 avia-icon_select-yes-left-icon avia-color-theme-color' target=\"_blank\" rel=\"noopener noreferrer\" aria-label=\"Simplified operating instructions\"><span class='avia_button_icon avia_button_icon_left' aria-hidden='true' data-av_icon='\ue856' data-av_iconfont='entypo-fontello'><\/span><span class='avia_iconbox_title' >Simplified operating instructions<\/span><div class='av-button-description av-button-description-below'><p>DS3010 manual<\/p>\n<\/div><span class='avia_button_background avia-button avia-button-fullwidth avia-color-theme-color-highlight'><\/span><\/a><\/div><\/p><\/div><div  class='flex_column av-dgx77-ef78815b5f8e7b73e2e5e2aa86a58a8c av_two_third  avia-builder-el-9  el_after_av_one_third  avia-builder-el-last  flex_column_div  '     ><p>\n<style type=\"text\/css\" data-created_by=\"avia_inline_auto\" id=\"style-css-av-2sgx7-acaf37e0bc2c8e6b3fc3775246d22704\">\n#top .av-special-heading.av-2sgx7-acaf37e0bc2c8e6b3fc3775246d22704{\npadding-bottom:10px;\n}\nbody .av-special-heading.av-2sgx7-acaf37e0bc2c8e6b3fc3775246d22704 .av-special-heading-tag .heading-char{\nfont-size:25px;\n}\n.av-special-heading.av-2sgx7-acaf37e0bc2c8e6b3fc3775246d22704 .av-subheading{\nfont-size:15px;\n}\n<\/style>\n<div  class='av-special-heading av-2sgx7-acaf37e0bc2c8e6b3fc3775246d22704 av-special-heading-h2 blockquote modern-quote  avia-builder-el-10  el_before_av_hr  avia-builder-el-first '><h2 class='av-special-heading-tag '  itemprop=\"headline\"  >DS3010<\/h2><div class='av-subheading av-subheading_below'><p>the 3000 single backup device is our multi-task lock.<\/p>\n<\/div><div class=\"special-heading-border\"><div class=\"special-heading-inner-border\"><\/div><\/div><\/div><br \/>\n\n<style type=\"text\/css\" data-created_by=\"avia_inline_auto\" id=\"style-css-av-lchhh5n6-674ad1f736de3f3085360d083c6a1f17\">\n#top .hr.av-lchhh5n6-674ad1f736de3f3085360d083c6a1f17{\nmargin-top:10px;\nmargin-bottom:30px;\n}\n.hr.av-lchhh5n6-674ad1f736de3f3085360d083c6a1f17 .hr-inner{\nwidth:100px;\nborder-color:#a9c63e;\nmax-width:45%;\n}\n<\/style>\n<div  class='hr av-lchhh5n6-674ad1f736de3f3085360d083c6a1f17 hr-custom  avia-builder-el-11  el_after_av_heading  el_before_av_textblock  hr-left hr-icon-yes'><span class='hr-inner inner-border-av-border-fat'><span class=\"hr-inner-style\"><\/span><\/span><span class='av-seperator-icon' aria-hidden='true' data-av_icon='\ue81e' data-av_iconfont='entypo-fontello'><\/span><span class='hr-inner inner-border-av-border-fat'><span class=\"hr-inner-style\"><\/span><\/span><\/div><br \/>\n<section  class='av_textblock_section av-lchhc8a7-b613d57022e9059e76c77f34d7b0be25 '   itemscope=\"itemscope\" itemtype=\"https:\/\/schema.org\/CreativeWork\" ><div class='avia_textblock'  itemprop=\"text\" ><ul>\n<li>Complies with standard NF S 61-937<\/li>\n<li>Electromagnetic latch with retractable bolts, 2-stage fail-safe at top of door<\/li>\n<li>Equipped with downward roller bolt for door lash adjustment<\/li>\n<li>Bolt with noise-damping roller<\/li>\n<li>For all types of 1-leaf doors<\/li>\n<li>Intensive use even on pivot-mounted swing doors or double spring hinges (renovation)<\/li>\n<li>External two-color LED status display: locked or unlocked<\/li>\n<li>Can be combined with all our manual releases.<\/li>\n<\/ul>\n<\/div><\/section><br \/>\n\n<style type=\"text\/css\" data-created_by=\"avia_inline_auto\" id=\"style-css-av-lpid9zfa-4d32889b85a981d94a157a92710e186c\">\n#top .av-special-heading.av-lpid9zfa-4d32889b85a981d94a157a92710e186c{\npadding-bottom:10px;\n}\nbody .av-special-heading.av-lpid9zfa-4d32889b85a981d94a157a92710e186c .av-special-heading-tag .heading-char{\nfont-size:25px;\n}\n.av-special-heading.av-lpid9zfa-4d32889b85a981d94a157a92710e186c .av-subheading{\nfont-size:15px;\n}\n<\/style>\n<div  class='av-special-heading av-lpid9zfa-4d32889b85a981d94a157a92710e186c av-special-heading-h3 blockquote modern-quote  avia-builder-el-13  el_after_av_textblock  el_before_av_textblock '><h3 class='av-special-heading-tag '  itemprop=\"headline\"  >Description<\/h3><div class=\"special-heading-border\"><div class=\"special-heading-inner-border\"><\/div><\/div><\/div><br \/>\n<section  class='av_textblock_section av-lpida7gt-1633fc2599a478c3b152d6693d0e0461 '   itemscope=\"itemscope\" itemtype=\"https:\/\/schema.org\/CreativeWork\" ><div class='avia_textblock'  itemprop=\"text\" ><p>The electro-mechanical DAS lock is a motorized security device that complies with the strict NF S 61-937 standards. This electromagnetic bolt uses an electromagnetic lock with retractable bolts, ensuring two fail-safe states at the top of the door. <\/p>\n<p>Equipped with a downward roller bolt with door gap compensation, this motorized lock is suitable for all types of single-leaf doors. It is specially designed for intensive use, even on pivot-mounted swing doors or double spring hinges (renovation). <\/p>\n<p>The bolt is also fitted with a noise-damping roller, ensuring discreet operation. External visualization of the lock&#8217;s status is provided by a two-color LED, clearly indicating whether it is locked or unlocked. <\/p>\n<p>What&#8217;s more, this DAS lock can be combined with all the manual releases in the range. In short, it&#8217;s a high-performance electro-mechanical safety device, guaranteeing reliable locking in compliance with current standards.<\/p>\n<\/div><\/section><\/p><\/div><\/div><\/div><\/main><!-- close content main element --><\/div><\/div><div id='after_section_1'  class='main_color av_default_container_wrap container_wrap sidebar_right'  ><div class='container av-section-cont-open' ><div class='template-page content  av-content-small alpha units'><div class='post-entry post-entry-type-page post-entry-2251'><div class='entry-content-wrapper clearfix'>\n","protected":false},"excerpt":{"rendered":"","protected":false},"author":1,"featured_media":0,"parent":2248,"menu_order":0,"comment_status":"closed","ping_status":"closed","template":"","meta":{"footnotes":""},"class_list":["post-2251","page","type-page","status-publish","hentry"],"yoast_head":"<!-- This site is optimized with the Yoast SEO plugin v25.4 - https:\/\/yoast.com\/wordpress\/plugins\/seo\/ -->\n<title>Electromechanical DAS lock DS3010-DT %%page% - ALLIGATOR<\/title>\n<meta name=\"description\" content=\"Electromechanical DAS lock, compliant with NF S 61-937. Electromagnetic lock, retractable bolts, positive door safety.\" \/>\n<meta name=\"robots\" content=\"index, follow, max-snippet:-1, max-image-preview:large, max-video-preview:-1\" \/>\n<link rel=\"canonical\" href=\"https:\/\/alligator-sas.fr\/en\/products\/das-locks\/electromagnetic-das-lock\/ds3000-dt\/\" \/>\n<meta property=\"og:locale\" content=\"en_US\" \/>\n<meta property=\"og:type\" content=\"article\" \/>\n<meta property=\"og:title\" content=\"Electromechanical DAS lock DS3010-DT %%page% - ALLIGATOR\" \/>\n<meta property=\"og:description\" content=\"Electromechanical DAS lock, compliant with NF S 61-937. Electromagnetic lock, retractable bolts, positive door safety.\" \/>\n<meta property=\"og:url\" content=\"https:\/\/alligator-sas.fr\/en\/products\/das-locks\/electromagnetic-das-lock\/ds3000-dt\/\" \/>\n<meta property=\"og:site_name\" content=\"ALLIGATOR\" \/>\n<meta property=\"article:modified_time\" content=\"2026-02-20T11:02:54+00:00\" \/>\n<meta name=\"twitter:card\" content=\"summary_large_image\" \/>\n<meta name=\"twitter:site\" content=\"@ReseauDEF\" \/>\n<meta name=\"twitter:label1\" content=\"Est. reading time\" \/>\n\t<meta name=\"twitter:data1\" content=\"5 minutes\" \/>\n<script type=\"application\/ld+json\" class=\"yoast-schema-graph\">{\"@context\":\"https:\/\/schema.org\",\"@graph\":[{\"@type\":\"WebPage\",\"@id\":\"https:\/\/alligator-sas.fr\/en\/products\/das-locks\/electromagnetic-das-lock\/ds3000-dt\/\",\"url\":\"https:\/\/alligator-sas.fr\/en\/products\/das-locks\/electromagnetic-das-lock\/ds3000-dt\/\",\"name\":\"Electromechanical DAS lock DS3010-DT %%page% - ALLIGATOR\",\"isPartOf\":{\"@id\":\"https:\/\/alligator-sas.fr\/#website\"},\"datePublished\":\"2023-01-19T14:50:45+00:00\",\"dateModified\":\"2026-02-20T11:02:54+00:00\",\"description\":\"Electromechanical DAS lock, compliant with NF S 61-937. Electromagnetic lock, retractable bolts, positive door safety.\",\"breadcrumb\":{\"@id\":\"https:\/\/alligator-sas.fr\/en\/products\/das-locks\/electromagnetic-das-lock\/ds3000-dt\/#breadcrumb\"},\"inLanguage\":\"en-US\",\"potentialAction\":[{\"@type\":\"ReadAction\",\"target\":[\"https:\/\/alligator-sas.fr\/en\/products\/das-locks\/electromagnetic-das-lock\/ds3000-dt\/\"]}]},{\"@type\":\"BreadcrumbList\",\"@id\":\"https:\/\/alligator-sas.fr\/en\/products\/das-locks\/electromagnetic-das-lock\/ds3000-dt\/#breadcrumb\",\"itemListElement\":[{\"@type\":\"ListItem\",\"position\":1,\"name\":\"Accueil\",\"item\":\"https:\/\/alligator-sas.fr\/en\/home-2-2\/\"},{\"@type\":\"ListItem\",\"position\":2,\"name\":\"Products\",\"item\":\"https:\/\/alligator-sas.fr\/en\/products\/\"},{\"@type\":\"ListItem\",\"position\":3,\"name\":\"DAS locks\",\"item\":\"https:\/\/alligator-sas.fr\/en\/products\/das-locks\/\"},{\"@type\":\"ListItem\",\"position\":4,\"name\":\"Electromagnetic DAS lock\",\"item\":\"https:\/\/alligator-sas.fr\/en\/products\/das-locks\/electromagnetic-das-lock\/\"},{\"@type\":\"ListItem\",\"position\":5,\"name\":\"DS3010-DT\"}]},{\"@type\":\"WebSite\",\"@id\":\"https:\/\/alligator-sas.fr\/#website\",\"url\":\"https:\/\/alligator-sas.fr\/\",\"name\":\"ALLIGATOR\",\"description\":\"La s\u00e9curit\u00e9 \u00e0 l&#039;\u00e9preuve du temps\",\"publisher\":{\"@id\":\"https:\/\/alligator-sas.fr\/#organization\"},\"potentialAction\":[{\"@type\":\"SearchAction\",\"target\":{\"@type\":\"EntryPoint\",\"urlTemplate\":\"https:\/\/alligator-sas.fr\/?s={search_term_string}\"},\"query-input\":{\"@type\":\"PropertyValueSpecification\",\"valueRequired\":true,\"valueName\":\"search_term_string\"}}],\"inLanguage\":\"en-US\"},{\"@type\":\"Organization\",\"@id\":\"https:\/\/alligator-sas.fr\/#organization\",\"name\":\"ALLIGATOR\",\"url\":\"https:\/\/alligator-sas.fr\/\",\"logo\":{\"@type\":\"ImageObject\",\"inLanguage\":\"en-US\",\"@id\":\"https:\/\/alligator-sas.fr\/#\/schema\/logo\/image\/\",\"url\":\"https:\/\/alligator-sas.fr\/wp-content\/uploads\/2022\/04\/logo-alligator-v2.png\",\"contentUrl\":\"https:\/\/alligator-sas.fr\/wp-content\/uploads\/2022\/04\/logo-alligator-v2.png\",\"width\":800,\"height\":194,\"caption\":\"ALLIGATOR\"},\"image\":{\"@id\":\"https:\/\/alligator-sas.fr\/#\/schema\/logo\/image\/\"},\"sameAs\":[\"https:\/\/x.com\/ReseauDEF\",\"https:\/\/www.linkedin.com\/company\/alligator-sas\/\"]}]}<\/script>\n<!-- \/ Yoast SEO plugin. -->","yoast_head_json":{"title":"Electromechanical DAS lock DS3010-DT %%page% - ALLIGATOR","description":"Electromechanical DAS lock, compliant with NF S 61-937. Electromagnetic lock, retractable bolts, positive door safety.","robots":{"index":"index","follow":"follow","max-snippet":"max-snippet:-1","max-image-preview":"max-image-preview:large","max-video-preview":"max-video-preview:-1"},"canonical":"https:\/\/alligator-sas.fr\/en\/products\/das-locks\/electromagnetic-das-lock\/ds3000-dt\/","og_locale":"en_US","og_type":"article","og_title":"Electromechanical DAS lock DS3010-DT %%page% - ALLIGATOR","og_description":"Electromechanical DAS lock, compliant with NF S 61-937. Electromagnetic lock, retractable bolts, positive door safety.","og_url":"https:\/\/alligator-sas.fr\/en\/products\/das-locks\/electromagnetic-das-lock\/ds3000-dt\/","og_site_name":"ALLIGATOR","article_modified_time":"2026-02-20T11:02:54+00:00","twitter_card":"summary_large_image","twitter_site":"@ReseauDEF","twitter_misc":{"Est. reading time":"5 minutes"},"schema":{"@context":"https:\/\/schema.org","@graph":[{"@type":"WebPage","@id":"https:\/\/alligator-sas.fr\/en\/products\/das-locks\/electromagnetic-das-lock\/ds3000-dt\/","url":"https:\/\/alligator-sas.fr\/en\/products\/das-locks\/electromagnetic-das-lock\/ds3000-dt\/","name":"Electromechanical DAS lock DS3010-DT %%page% - ALLIGATOR","isPartOf":{"@id":"https:\/\/alligator-sas.fr\/#website"},"datePublished":"2023-01-19T14:50:45+00:00","dateModified":"2026-02-20T11:02:54+00:00","description":"Electromechanical DAS lock, compliant with NF S 61-937. Electromagnetic lock, retractable bolts, positive door safety.","breadcrumb":{"@id":"https:\/\/alligator-sas.fr\/en\/products\/das-locks\/electromagnetic-das-lock\/ds3000-dt\/#breadcrumb"},"inLanguage":"en-US","potentialAction":[{"@type":"ReadAction","target":["https:\/\/alligator-sas.fr\/en\/products\/das-locks\/electromagnetic-das-lock\/ds3000-dt\/"]}]},{"@type":"BreadcrumbList","@id":"https:\/\/alligator-sas.fr\/en\/products\/das-locks\/electromagnetic-das-lock\/ds3000-dt\/#breadcrumb","itemListElement":[{"@type":"ListItem","position":1,"name":"Accueil","item":"https:\/\/alligator-sas.fr\/en\/home-2-2\/"},{"@type":"ListItem","position":2,"name":"Products","item":"https:\/\/alligator-sas.fr\/en\/products\/"},{"@type":"ListItem","position":3,"name":"DAS locks","item":"https:\/\/alligator-sas.fr\/en\/products\/das-locks\/"},{"@type":"ListItem","position":4,"name":"Electromagnetic DAS lock","item":"https:\/\/alligator-sas.fr\/en\/products\/das-locks\/electromagnetic-das-lock\/"},{"@type":"ListItem","position":5,"name":"DS3010-DT"}]},{"@type":"WebSite","@id":"https:\/\/alligator-sas.fr\/#website","url":"https:\/\/alligator-sas.fr\/","name":"ALLIGATOR","description":"La s\u00e9curit\u00e9 \u00e0 l&#039;\u00e9preuve du temps","publisher":{"@id":"https:\/\/alligator-sas.fr\/#organization"},"potentialAction":[{"@type":"SearchAction","target":{"@type":"EntryPoint","urlTemplate":"https:\/\/alligator-sas.fr\/?s={search_term_string}"},"query-input":{"@type":"PropertyValueSpecification","valueRequired":true,"valueName":"search_term_string"}}],"inLanguage":"en-US"},{"@type":"Organization","@id":"https:\/\/alligator-sas.fr\/#organization","name":"ALLIGATOR","url":"https:\/\/alligator-sas.fr\/","logo":{"@type":"ImageObject","inLanguage":"en-US","@id":"https:\/\/alligator-sas.fr\/#\/schema\/logo\/image\/","url":"https:\/\/alligator-sas.fr\/wp-content\/uploads\/2022\/04\/logo-alligator-v2.png","contentUrl":"https:\/\/alligator-sas.fr\/wp-content\/uploads\/2022\/04\/logo-alligator-v2.png","width":800,"height":194,"caption":"ALLIGATOR"},"image":{"@id":"https:\/\/alligator-sas.fr\/#\/schema\/logo\/image\/"},"sameAs":["https:\/\/x.com\/ReseauDEF","https:\/\/www.linkedin.com\/company\/alligator-sas\/"]}]}},"_links":{"self":[{"href":"https:\/\/alligator-sas.fr\/en\/wp-json\/wp\/v2\/pages\/2251","targetHints":{"allow":["GET"]}}],"collection":[{"href":"https:\/\/alligator-sas.fr\/en\/wp-json\/wp\/v2\/pages"}],"about":[{"href":"https:\/\/alligator-sas.fr\/en\/wp-json\/wp\/v2\/types\/page"}],"author":[{"embeddable":true,"href":"https:\/\/alligator-sas.fr\/en\/wp-json\/wp\/v2\/users\/1"}],"replies":[{"embeddable":true,"href":"https:\/\/alligator-sas.fr\/en\/wp-json\/wp\/v2\/comments?post=2251"}],"version-history":[{"count":3,"href":"https:\/\/alligator-sas.fr\/en\/wp-json\/wp\/v2\/pages\/2251\/revisions"}],"predecessor-version":[{"id":5774,"href":"https:\/\/alligator-sas.fr\/en\/wp-json\/wp\/v2\/pages\/2251\/revisions\/5774"}],"up":[{"embeddable":true,"href":"https:\/\/alligator-sas.fr\/en\/wp-json\/wp\/v2\/pages\/2248"}],"wp:attachment":[{"href":"https:\/\/alligator-sas.fr\/en\/wp-json\/wp\/v2\/media?parent=2251"}],"curies":[{"name":"wp","href":"https:\/\/api.w.org\/{rel}","templated":true}]}}