{"id":2260,"date":"2023-01-19T16:26:49","date_gmt":"2023-01-19T15:26:49","guid":{"rendered":"https:\/\/alligator-sas.fr\/products\/das-locks\/electromechanical-das-lock\/"},"modified":"2023-11-08T16:15:04","modified_gmt":"2023-11-08T15:15:04","slug":"electromechanical-das-lock","status":"publish","type":"page","link":"https:\/\/alligator-sas.fr\/en\/products\/das-locks\/electromechanical-das-lock\/","title":{"rendered":"Electromechanical DAS lock"},"content":{"rendered":"<div id='av_section_1'  class='avia-section av-2oako8-7312ec6787665a78d430d18c245da619 main_color avia-section-no-padding avia-no-border-styling  avia-builder-el-0  avia-builder-el-no-sibling  avia-bg-style-scroll container_wrap sidebar_right'  ><div class='container av-section-cont-open' ><main  role=\"main\" itemprop=\"mainContentOfPage\"  class='template-page content  av-content-small alpha units'><div class='post-entry post-entry-type-page post-entry-2260'><div class='entry-content-wrapper clearfix'>\n\n<style type=\"text\/css\" data-created_by=\"avia_inline_auto\" id=\"style-css-av-lcgbn81w-3a9fa3b7b64b06d2ba68aada4434bbd0\">\n#top .av-special-heading.av-lcgbn81w-3a9fa3b7b64b06d2ba68aada4434bbd0{\npadding-bottom:30px;\n}\nbody .av-special-heading.av-lcgbn81w-3a9fa3b7b64b06d2ba68aada4434bbd0 .av-special-heading-tag .heading-char{\nfont-size:25px;\n}\n.av-special-heading.av-lcgbn81w-3a9fa3b7b64b06d2ba68aada4434bbd0 .av-subheading{\nfont-size:15px;\n}\n<\/style>\n<div  class='av-special-heading av-lcgbn81w-3a9fa3b7b64b06d2ba68aada4434bbd0 av-special-heading-h2 blockquote modern-quote  avia-builder-el-1  el_before_av_one_third  avia-builder-el-first '><h2 class='av-special-heading-tag '  itemprop=\"headline\"  >Electromechanical DAS lock<\/h2><div class=\"special-heading-border\"><div class=\"special-heading-inner-border\"><\/div><\/div><\/div>\n\n<style type=\"text\/css\" data-created_by=\"avia_inline_auto\" id=\"style-css-av-lcgasuiw-e6be6ba11418cea20efac5b91fdcf3aa\">\n@keyframes av_boxShadowEffect_av-lcgasuiw-e6be6ba11418cea20efac5b91fdcf3aa-column {\n0%   { box-shadow:  0 0 0 0 #9e9e9e; opacity: 1; }\n100% { box-shadow:  0 0 6px 0 #9e9e9e; opacity: 1; }\n}\n.flex_column.av-lcgasuiw-e6be6ba11418cea20efac5b91fdcf3aa{\nbox-shadow: 0 0 6px 0 #9e9e9e;\npadding:5px 20px 12px 20px;\nbackground-color:#ffffff;\n}\n.flex_column.av-lcgasuiw-e6be6ba11418cea20efac5b91fdcf3aa .avia-divider-svg-bottom svg{\nheight:50px;\nfill:#333333;\n}\n<\/style>\n<div  class='flex_column av-lcgasuiw-e6be6ba11418cea20efac5b91fdcf3aa av_one_third  avia-builder-el-2  el_after_av_heading  el_before_av_hr  first flex_column_div shadow-not-animated  '     ><div class='avia-divider-svg avia-divider-svg-tilt avia-divider-svg-bottom avia-svg-original'><svg xmlns=\"http:\/\/www.w3.org\/2000\/svg\" viewBox=\"0 0 1000 100\" preserveAspectRatio=\"none\">\n\t<path d=\"M0,6V0h1000v100L0,6z\"\/>\n<\/svg><\/div><p>\n<style type=\"text\/css\" data-created_by=\"avia_inline_auto\" id=\"style-css-av-lcgbyfda-7adaf6807d0e337a7f238622a63c48f5\">\n#top .av-special-heading.av-lcgbyfda-7adaf6807d0e337a7f238622a63c48f5{\nmargin:10px 0 25px 0;\n}\nbody .av-special-heading.av-lcgbyfda-7adaf6807d0e337a7f238622a63c48f5 .av-special-heading-tag .heading-char{\nfont-size:25px;\n}\n.av-special-heading.av-lcgbyfda-7adaf6807d0e337a7f238622a63c48f5 .av-subheading{\nfont-size:15px;\n}\n<\/style>\n<div  class='av-special-heading av-lcgbyfda-7adaf6807d0e337a7f238622a63c48f5 av-special-heading-h3 blockquote elegant-quote elegant-centered  avia-builder-el-3  el_before_av_image  avia-builder-el-first '><h3 class='av-special-heading-tag '  itemprop=\"headline\"  ><span class=\"heading-wrap\">DS1040-DT<\/span><\/h3><div class=\"special-heading-border\"><div class=\"special-heading-inner-border\"><\/div><\/div><\/div><br \/>\n\n<style type=\"text\/css\" data-created_by=\"avia_inline_auto\" id=\"style-css-av-lcgag0vt-a1cef77f7c14b872407bbc367b4d3d4e\">\n.avia-image-container.av-lcgag0vt-a1cef77f7c14b872407bbc367b4d3d4e img.avia_image{\nbox-shadow:none;\n}\n.avia-image-container.av-lcgag0vt-a1cef77f7c14b872407bbc367b4d3d4e .av-image-caption-overlay-center{\ncolor:#ffffff;\n}\n<\/style>\n<div  class='avia-image-container av-lcgag0vt-a1cef77f7c14b872407bbc367b4d3d4e av-styling- avia-align-center  avia-builder-el-4  el_after_av_heading  el_before_av_iconlist '   itemprop=\"image\" itemscope=\"itemscope\" itemtype=\"https:\/\/schema.org\/ImageObject\" ><div class=\"avia-image-container-inner\"><div class=\"avia-image-overlay-wrap\"><img decoding=\"async\" fetchpriority=\"high\" class='wp-image-1813 avia-img-lazy-loading-not-1813 avia_image ' src=\"https:\/\/alligator-sas.fr\/wp-content\/uploads\/2023\/01\/DS1040-495x400.jpg\" alt='' title='DS1040'  height=\"400\" width=\"495\"  itemprop=\"thumbnailUrl\"  \/><\/div><\/div><\/div><br \/>\n\n<style type=\"text\/css\" data-created_by=\"avia_inline_auto\" id=\"style-css-av-lcgakubb-c73e783b3302c58f62ceefb75b7a2836\">\n#top .avia-icon-list-container.av-lcgakubb-c73e783b3302c58f62ceefb75b7a2836 .iconlist_icon{\ncolor:#83a846;\n}\n<\/style>\n<div  class='avia-icon-list-container av-lcgakubb-c73e783b3302c58f62ceefb75b7a2836  avia-builder-el-5  el_after_av_image  el_before_av_button '><ul class='avia-icon-list avia_animate_when_almost_visible avia-icon-list-left av-iconlist-small av-lcgakubb-c73e783b3302c58f62ceefb75b7a2836 avia-iconlist-animate'>\n<li><div class='iconlist_icon av-lcgam6qz-af36f11e591ccf6401af61597807ba89 avia-font-entypo-fontello'><span class='iconlist-char' aria-hidden='true' data-av_icon='\ue812' data-av_iconfont='entypo-fontello'><\/span><\/div><article class=\"article-icon-entry av-iconlist-empty\"  itemscope=\"itemscope\" itemtype=\"https:\/\/schema.org\/CreativeWork\" ><div class=\"iconlist_content_wrap\"><header class=\"entry-content-header\" aria-label=\"Icon: Electromagnetic bolt with mechanical hook\"><div class='av_iconlist_title iconlist_title_small  '  itemprop=\"headline\" >Electromagnetic bolt with mechanical hook<\/div><\/header><div class='iconlist_content '  itemprop=\"text\" ><\/div><\/div><footer class=\"entry-footer\"><\/footer><\/article><div class=\"iconlist-timeline\"><\/div><\/li>\n<li><div class='iconlist_icon av-lcgamkq3-90986fb2b215dfe72764820837361160 avia-font-entypo-fontello'><span class='iconlist-char' aria-hidden='true' data-av_icon='\ue812' data-av_iconfont='entypo-fontello'><\/span><\/div><article class=\"article-icon-entry av-iconlist-empty\"  itemscope=\"itemscope\" itemtype=\"https:\/\/schema.org\/CreativeWork\" ><div class=\"iconlist_content_wrap\"><header class=\"entry-content-header\" aria-label=\"Icon: Stainless steel mechanism\"><div class='av_iconlist_title iconlist_title_small  '  itemprop=\"headline\" >Stainless steel mechanism<\/div><\/header><div class='iconlist_content '  itemprop=\"text\" ><\/div><\/div><footer class=\"entry-footer\"><\/footer><\/article><div class=\"iconlist-timeline\"><\/div><\/li>\n<li><div class='iconlist_icon av-lcganmsj-23844aaf3125e0683ad636873314ef3e avia-font-entypo-fontello'><span class='iconlist-char' aria-hidden='true' data-av_icon='\ue812' data-av_iconfont='entypo-fontello'><\/span><\/div><article class=\"article-icon-entry av-iconlist-empty\"  itemscope=\"itemscope\" itemtype=\"https:\/\/schema.org\/CreativeWork\" ><div class=\"iconlist_content_wrap\"><header class=\"entry-content-header\" aria-label=\"Icon: For single-action 1-leaf doors\"><div class='av_iconlist_title iconlist_title_small  '  itemprop=\"headline\" >For single-action 1-leaf doors<\/div><\/header><div class='iconlist_content '  itemprop=\"text\" ><\/div><\/div><footer class=\"entry-footer\"><\/footer><\/article><div class=\"iconlist-timeline\"><\/div><\/li>\n<li><div class='iconlist_icon av-lcganmsj-19-51c6ff88b26007e1d824048f98820811 avia-font-entypo-fontello'><span class='iconlist-char' aria-hidden='true' data-av_icon='\ue812' data-av_iconfont='entypo-fontello'><\/span><\/div><article class=\"article-icon-entry av-iconlist-empty\"  itemscope=\"itemscope\" itemtype=\"https:\/\/schema.org\/CreativeWork\" ><div class=\"iconlist_content_wrap\"><header class=\"entry-content-header\" aria-label=\"Icon: Reversible\"><div class='av_iconlist_title iconlist_title_small  '  itemprop=\"headline\" >Reversible<\/div><\/header><div class='iconlist_content '  itemprop=\"text\" ><\/div><\/div><footer class=\"entry-footer\"><\/footer><\/article><div class=\"iconlist-timeline\"><\/div><\/li>\n<li><div class='iconlist_icon av-lcganmsj-18-38b05ae3a04248fff5090c7745d30911 avia-font-entypo-fontello'><span class='iconlist-char' aria-hidden='true' data-av_icon='\ue812' data-av_iconfont='entypo-fontello'><\/span><\/div><article class=\"article-icon-entry av-iconlist-empty\"  itemscope=\"itemscope\" itemtype=\"https:\/\/schema.org\/CreativeWork\" ><div class=\"iconlist_content_wrap\"><header class=\"entry-content-header\" aria-label=\"Icon: Small footprint\"><div class='av_iconlist_title iconlist_title_small  '  itemprop=\"headline\" >Small footprint<\/div><\/header><div class='iconlist_content '  itemprop=\"text\" ><\/div><\/div><footer class=\"entry-footer\"><\/footer><\/article><div class=\"iconlist-timeline\"><\/div><\/li>\n<li><div class='iconlist_icon av-lcganmsj-17-3b9476d3827c001ab48ffe51038b31c7 avia-font-entypo-fontello'><span class='iconlist-char' aria-hidden='true' data-av_icon='\ue812' data-av_iconfont='entypo-fontello'><\/span><\/div><article class=\"article-icon-entry av-iconlist-empty\"  itemscope=\"itemscope\" itemtype=\"https:\/\/schema.org\/CreativeWork\" ><div class=\"iconlist_content_wrap\"><header class=\"entry-content-header\" aria-label=\"Icon: Low power consumption\"><div class='av_iconlist_title iconlist_title_small  '  itemprop=\"headline\" >Low power consumption<\/div><\/header><div class='iconlist_content '  itemprop=\"text\" ><\/div><\/div><footer class=\"entry-footer\"><\/footer><\/article><div class=\"iconlist-timeline\"><\/div><\/li>\n<li><div class='iconlist_icon av-ld38s9av-b032c9af7148a42b090b074e97b42f83 avia-font-entypo-fontello'><span class='iconlist-char' aria-hidden='true' data-av_icon='\ue812' data-av_iconfont='entypo-fontello'><\/span><\/div><article class=\"article-icon-entry av-iconlist-empty\"  itemscope=\"itemscope\" itemtype=\"https:\/\/schema.org\/CreativeWork\" ><div class=\"iconlist_content_wrap\"><header class=\"entry-content-header\" aria-label=\"Icon: Dual-voltage 24V\/48V\"><div class='av_iconlist_title iconlist_title_small  '  itemprop=\"headline\" >Dual-voltage 24V\/48V<\/div><\/header><div class='iconlist_content '  itemprop=\"text\" ><\/div><\/div><footer class=\"entry-footer\"><\/footer><\/article><div class=\"iconlist-timeline\"><\/div><\/li>\n<\/ul><\/div><br \/>\n<div  class='avia-button-wrap av-lcgawyfw-00cb939b6099c14d13178b5154d5278c-wrap avia-button-center  avia-builder-el-6  el_after_av_iconlist  avia-builder-el-last '><a href='https:\/\/alligator-sas.fr\/produit\/verrous-das\/verrou-das-electromecanique\/ds1040-dt\/'  class='avia-button av-lcgawyfw-00cb939b6099c14d13178b5154d5278c av-link-btn avia-icon_select-yes-left-icon avia-size-large avia-position-center avia-color-theme-color'   aria-label=\"Read more\"><span class='avia_button_icon avia_button_icon_left' aria-hidden='true' data-av_icon='\ue81f' data-av_iconfont='entypo-fontello'><\/span><span class='avia_iconbox_title' >Read more<\/span><\/a><\/div><\/p><\/div><div  class='hr av-a58iw-7801e5f28a6415b4f8159740827bcfd2 hr-default  avia-builder-el-7  el_after_av_one_third  avia-builder-el-last '><span class='hr-inner '><span class=\"hr-inner-style\"><\/span><\/span><\/div>\n<\/div><\/div><\/main><!-- close content main element --><\/div><\/div><div id='after_section_1'  class='main_color av_default_container_wrap container_wrap sidebar_right'  ><div class='container av-section-cont-open' ><div class='template-page content  av-content-small alpha units'><div class='post-entry post-entry-type-page post-entry-2260'><div class='entry-content-wrapper clearfix'>\n","protected":false},"excerpt":{"rendered":"","protected":false},"author":1,"featured_media":0,"parent":2209,"menu_order":0,"comment_status":"closed","ping_status":"closed","template":"","meta":{"footnotes":""},"class_list":["post-2260","page","type-page","status-publish","hentry"],"yoast_head":"<!-- This site is optimized with the Yoast SEO plugin v25.4 - https:\/\/yoast.com\/wordpress\/plugins\/seo\/ -->\n<title>Electromechanical DAS lock - ALLIGATOR<\/title>\n<meta name=\"robots\" content=\"index, follow, max-snippet:-1, max-image-preview:large, max-video-preview:-1\" \/>\n<link rel=\"canonical\" href=\"https:\/\/alligator-sas.fr\/en\/products\/das-locks\/electromechanical-das-lock\/\" \/>\n<meta property=\"og:locale\" content=\"en_US\" \/>\n<meta property=\"og:type\" content=\"article\" \/>\n<meta property=\"og:title\" content=\"Electromechanical DAS lock - ALLIGATOR\" \/>\n<meta property=\"og:url\" content=\"https:\/\/alligator-sas.fr\/en\/products\/das-locks\/electromechanical-das-lock\/\" \/>\n<meta property=\"og:site_name\" content=\"ALLIGATOR\" \/>\n<meta property=\"article:modified_time\" content=\"2023-11-08T15:15:04+00:00\" \/>\n<meta name=\"twitter:card\" content=\"summary_large_image\" \/>\n<meta name=\"twitter:site\" content=\"@ReseauDEF\" \/>\n<meta name=\"twitter:label1\" content=\"Est. reading time\" \/>\n\t<meta name=\"twitter:data1\" content=\"4 minutes\" \/>\n<script type=\"application\/ld+json\" class=\"yoast-schema-graph\">{\"@context\":\"https:\/\/schema.org\",\"@graph\":[{\"@type\":\"WebPage\",\"@id\":\"https:\/\/alligator-sas.fr\/en\/products\/das-locks\/electromechanical-das-lock\/\",\"url\":\"https:\/\/alligator-sas.fr\/en\/products\/das-locks\/electromechanical-das-lock\/\",\"name\":\"Electromechanical DAS lock - ALLIGATOR\",\"isPartOf\":{\"@id\":\"https:\/\/alligator-sas.fr\/#website\"},\"datePublished\":\"2023-01-19T15:26:49+00:00\",\"dateModified\":\"2023-11-08T15:15:04+00:00\",\"breadcrumb\":{\"@id\":\"https:\/\/alligator-sas.fr\/en\/products\/das-locks\/electromechanical-das-lock\/#breadcrumb\"},\"inLanguage\":\"en-US\",\"potentialAction\":[{\"@type\":\"ReadAction\",\"target\":[\"https:\/\/alligator-sas.fr\/en\/products\/das-locks\/electromechanical-das-lock\/\"]}]},{\"@type\":\"BreadcrumbList\",\"@id\":\"https:\/\/alligator-sas.fr\/en\/products\/das-locks\/electromechanical-das-lock\/#breadcrumb\",\"itemListElement\":[{\"@type\":\"ListItem\",\"position\":1,\"name\":\"Accueil\",\"item\":\"https:\/\/alligator-sas.fr\/en\/home-2-2\/\"},{\"@type\":\"ListItem\",\"position\":2,\"name\":\"Products\",\"item\":\"https:\/\/alligator-sas.fr\/en\/products\/\"},{\"@type\":\"ListItem\",\"position\":3,\"name\":\"DAS locks\",\"item\":\"https:\/\/alligator-sas.fr\/en\/products\/das-locks\/\"},{\"@type\":\"ListItem\",\"position\":4,\"name\":\"Electromechanical DAS lock\"}]},{\"@type\":\"WebSite\",\"@id\":\"https:\/\/alligator-sas.fr\/#website\",\"url\":\"https:\/\/alligator-sas.fr\/\",\"name\":\"ALLIGATOR\",\"description\":\"La s\u00e9curit\u00e9 \u00e0 l&#039;\u00e9preuve du temps\",\"publisher\":{\"@id\":\"https:\/\/alligator-sas.fr\/#organization\"},\"potentialAction\":[{\"@type\":\"SearchAction\",\"target\":{\"@type\":\"EntryPoint\",\"urlTemplate\":\"https:\/\/alligator-sas.fr\/?s={search_term_string}\"},\"query-input\":{\"@type\":\"PropertyValueSpecification\",\"valueRequired\":true,\"valueName\":\"search_term_string\"}}],\"inLanguage\":\"en-US\"},{\"@type\":\"Organization\",\"@id\":\"https:\/\/alligator-sas.fr\/#organization\",\"name\":\"ALLIGATOR\",\"url\":\"https:\/\/alligator-sas.fr\/\",\"logo\":{\"@type\":\"ImageObject\",\"inLanguage\":\"en-US\",\"@id\":\"https:\/\/alligator-sas.fr\/#\/schema\/logo\/image\/\",\"url\":\"https:\/\/alligator-sas.fr\/wp-content\/uploads\/2022\/04\/logo-alligator-v2.png\",\"contentUrl\":\"https:\/\/alligator-sas.fr\/wp-content\/uploads\/2022\/04\/logo-alligator-v2.png\",\"width\":800,\"height\":194,\"caption\":\"ALLIGATOR\"},\"image\":{\"@id\":\"https:\/\/alligator-sas.fr\/#\/schema\/logo\/image\/\"},\"sameAs\":[\"https:\/\/x.com\/ReseauDEF\",\"https:\/\/www.linkedin.com\/company\/alligator-sas\/\"]}]}<\/script>\n<!-- \/ Yoast SEO plugin. -->","yoast_head_json":{"title":"Electromechanical DAS lock - ALLIGATOR","robots":{"index":"index","follow":"follow","max-snippet":"max-snippet:-1","max-image-preview":"max-image-preview:large","max-video-preview":"max-video-preview:-1"},"canonical":"https:\/\/alligator-sas.fr\/en\/products\/das-locks\/electromechanical-das-lock\/","og_locale":"en_US","og_type":"article","og_title":"Electromechanical DAS lock - ALLIGATOR","og_url":"https:\/\/alligator-sas.fr\/en\/products\/das-locks\/electromechanical-das-lock\/","og_site_name":"ALLIGATOR","article_modified_time":"2023-11-08T15:15:04+00:00","twitter_card":"summary_large_image","twitter_site":"@ReseauDEF","twitter_misc":{"Est. reading time":"4 minutes"},"schema":{"@context":"https:\/\/schema.org","@graph":[{"@type":"WebPage","@id":"https:\/\/alligator-sas.fr\/en\/products\/das-locks\/electromechanical-das-lock\/","url":"https:\/\/alligator-sas.fr\/en\/products\/das-locks\/electromechanical-das-lock\/","name":"Electromechanical DAS lock - ALLIGATOR","isPartOf":{"@id":"https:\/\/alligator-sas.fr\/#website"},"datePublished":"2023-01-19T15:26:49+00:00","dateModified":"2023-11-08T15:15:04+00:00","breadcrumb":{"@id":"https:\/\/alligator-sas.fr\/en\/products\/das-locks\/electromechanical-das-lock\/#breadcrumb"},"inLanguage":"en-US","potentialAction":[{"@type":"ReadAction","target":["https:\/\/alligator-sas.fr\/en\/products\/das-locks\/electromechanical-das-lock\/"]}]},{"@type":"BreadcrumbList","@id":"https:\/\/alligator-sas.fr\/en\/products\/das-locks\/electromechanical-das-lock\/#breadcrumb","itemListElement":[{"@type":"ListItem","position":1,"name":"Accueil","item":"https:\/\/alligator-sas.fr\/en\/home-2-2\/"},{"@type":"ListItem","position":2,"name":"Products","item":"https:\/\/alligator-sas.fr\/en\/products\/"},{"@type":"ListItem","position":3,"name":"DAS locks","item":"https:\/\/alligator-sas.fr\/en\/products\/das-locks\/"},{"@type":"ListItem","position":4,"name":"Electromechanical DAS lock"}]},{"@type":"WebSite","@id":"https:\/\/alligator-sas.fr\/#website","url":"https:\/\/alligator-sas.fr\/","name":"ALLIGATOR","description":"La s\u00e9curit\u00e9 \u00e0 l&#039;\u00e9preuve du temps","publisher":{"@id":"https:\/\/alligator-sas.fr\/#organization"},"potentialAction":[{"@type":"SearchAction","target":{"@type":"EntryPoint","urlTemplate":"https:\/\/alligator-sas.fr\/?s={search_term_string}"},"query-input":{"@type":"PropertyValueSpecification","valueRequired":true,"valueName":"search_term_string"}}],"inLanguage":"en-US"},{"@type":"Organization","@id":"https:\/\/alligator-sas.fr\/#organization","name":"ALLIGATOR","url":"https:\/\/alligator-sas.fr\/","logo":{"@type":"ImageObject","inLanguage":"en-US","@id":"https:\/\/alligator-sas.fr\/#\/schema\/logo\/image\/","url":"https:\/\/alligator-sas.fr\/wp-content\/uploads\/2022\/04\/logo-alligator-v2.png","contentUrl":"https:\/\/alligator-sas.fr\/wp-content\/uploads\/2022\/04\/logo-alligator-v2.png","width":800,"height":194,"caption":"ALLIGATOR"},"image":{"@id":"https:\/\/alligator-sas.fr\/#\/schema\/logo\/image\/"},"sameAs":["https:\/\/x.com\/ReseauDEF","https:\/\/www.linkedin.com\/company\/alligator-sas\/"]}]}},"_links":{"self":[{"href":"https:\/\/alligator-sas.fr\/en\/wp-json\/wp\/v2\/pages\/2260","targetHints":{"allow":["GET"]}}],"collection":[{"href":"https:\/\/alligator-sas.fr\/en\/wp-json\/wp\/v2\/pages"}],"about":[{"href":"https:\/\/alligator-sas.fr\/en\/wp-json\/wp\/v2\/types\/page"}],"author":[{"embeddable":true,"href":"https:\/\/alligator-sas.fr\/en\/wp-json\/wp\/v2\/users\/1"}],"replies":[{"embeddable":true,"href":"https:\/\/alligator-sas.fr\/en\/wp-json\/wp\/v2\/comments?post=2260"}],"version-history":[{"count":2,"href":"https:\/\/alligator-sas.fr\/en\/wp-json\/wp\/v2\/pages\/2260\/revisions"}],"predecessor-version":[{"id":2487,"href":"https:\/\/alligator-sas.fr\/en\/wp-json\/wp\/v2\/pages\/2260\/revisions\/2487"}],"up":[{"embeddable":true,"href":"https:\/\/alligator-sas.fr\/en\/wp-json\/wp\/v2\/pages\/2209"}],"wp:attachment":[{"href":"https:\/\/alligator-sas.fr\/en\/wp-json\/wp\/v2\/media?parent=2260"}],"curies":[{"name":"wp","href":"https:\/\/api.w.org\/{rel}","templated":true}]}}