{"id":2278,"date":"2022-06-17T15:54:15","date_gmt":"2022-06-17T13:54:15","guid":{"rendered":"https:\/\/alligator-sas.fr\/support\/"},"modified":"2023-11-08T16:35:39","modified_gmt":"2023-11-08T15:35:39","slug":"support","status":"publish","type":"page","link":"https:\/\/alligator-sas.fr\/en\/services\/support\/","title":{"rendered":"Support"},"content":{"rendered":"<div id='full_slider_1'  class='avia-fullwidth-slider main_color avia-shadow   avia-builder-el-0  el_before_av_one_full  avia-builder-el-first   container_wrap sidebar_right'  ><div  class='avia-slideshow av-l5jnp8c1-9971853310d9603d1582bfd104334ba7 avia-slideshow-no scaling av_slideshow_full avia-slide-slider av-slideshow-ui av-control-default av-slideshow-manual av-loop-once av-loop-manual-endless av-default-height-applied   avia-slideshow-1' data-slideshow-options=\"{&quot;animation&quot;:&quot;slide&quot;,&quot;autoplay&quot;:false,&quot;loop_autoplay&quot;:&quot;once&quot;,&quot;interval&quot;:5,&quot;loop_manual&quot;:&quot;manual-endless&quot;,&quot;autoplay_stopper&quot;:false,&quot;noNavigation&quot;:false,&quot;bg_slider&quot;:false,&quot;keep_padding&quot;:false,&quot;hoverpause&quot;:false,&quot;show_slide_delay&quot;:0}\"  itemprop=\"image\" itemscope=\"itemscope\" itemtype=\"https:\/\/schema.org\/ImageObject\" ><ul class='avia-slideshow-inner ' style='padding-bottom: 28.666666666667%;'><li  class='avia-slideshow-slide av-l5jnp8c1-9971853310d9603d1582bfd104334ba7__0  av-single-slide slide-1 slide-odd'><div data-rel='slideshow-1' class='avia-slide-wrap '   ><div class='av-slideshow-caption av-l5jnp8c1-9971853310d9603d1582bfd104334ba7__0 caption_fullwidth caption_left caption_left_framed caption_framed'><div class=\"container caption_container\"><div class=\"slideshow_caption\"><div class=\"slideshow_inner_caption\"><div class=\"slideshow_align_caption\"><h2 class='avia-caption-title '  itemprop=\"name\" >SUPPORT<\/h2><\/div><\/div><\/div><\/div><\/div><img decoding=\"async\" fetchpriority=\"high\" class=\"wp-image-1767 avia-img-lazy-loading-not-1767\"  src=\"https:\/\/alligator-sas.fr\/wp-content\/uploads\/2022\/07\/bandeau-accompagnement.jpg\" width=\"1500\" height=\"430\" title='bandeau-accompagnement' alt=''  itemprop=\"thumbnailUrl\" srcset=\"https:\/\/alligator-sas.fr\/wp-content\/uploads\/2022\/07\/bandeau-accompagnement.jpg 1500w, https:\/\/alligator-sas.fr\/wp-content\/uploads\/2022\/07\/bandeau-accompagnement-600x172.jpg 600w, https:\/\/alligator-sas.fr\/wp-content\/uploads\/2022\/07\/bandeau-accompagnement-300x86.jpg 300w, https:\/\/alligator-sas.fr\/wp-content\/uploads\/2022\/07\/bandeau-accompagnement-1030x295.jpg 1030w, https:\/\/alligator-sas.fr\/wp-content\/uploads\/2022\/07\/bandeau-accompagnement-768x220.jpg 768w, https:\/\/alligator-sas.fr\/wp-content\/uploads\/2022\/07\/bandeau-accompagnement-705x202.jpg 705w\" sizes=\"(max-width: 1500px) 100vw, 1500px\" \/><\/div><\/li><\/ul><\/div><\/div><div id='after_full_slider_1'  class='main_color av_default_container_wrap container_wrap sidebar_right'  ><div class='container av-section-cont-open' ><div class='template-page content  av-content-small alpha units'><div class='post-entry post-entry-type-page post-entry-2278'><div class='entry-content-wrapper clearfix'>\n<div  class='flex_column av-87jvf-f7cdf6aed6108e1d481de7dc6e3f5430 av_one_full  avia-builder-el-1  el_after_av_slideshow_full  avia-builder-el-no-sibling  first flex_column_div  '     ><section  class='av_textblock_section av-l4iijf7y-d89e5a55d8eaa2eee7188d16bdd3293a '   itemscope=\"itemscope\" itemtype=\"https:\/\/schema.org\/CreativeWork\" ><div class='avia_textblock'  itemprop=\"text\" ><h2><strong>Listening and advice<\/strong><\/h2>\n<p>At Alligator, we place great importance on listening to and supporting our customers. We draw on over 35 years&#8217; experience in the field to analyze your needs, carry out a functional study of your installation and advise you on the solution best suited to your specific requirements.<\/p>\n<h2><strong>A close relationship<\/strong><\/h2>\n<p>Thanks to our nationwide presence, we are able to provide you with a local service, in particular for :<\/p>\n<ul>\n<li>advise you on Alligator solutions,<\/li>\n<li>help you define the right products for your project,<\/li>\n<li>help you draw up specifications.<\/li>\n<\/ul>\n<\/div><\/section><\/div>\n","protected":false},"excerpt":{"rendered":"","protected":false},"author":1,"featured_media":0,"parent":2290,"menu_order":1,"comment_status":"closed","ping_status":"closed","template":"","meta":{"footnotes":""},"class_list":["post-2278","page","type-page","status-publish","hentry"],"yoast_head":"<!-- This site is optimized with the Yoast SEO plugin v25.4 - https:\/\/yoast.com\/wordpress\/plugins\/seo\/ -->\n<title>Support - ALLIGATOR<\/title>\n<meta name=\"robots\" content=\"index, follow, max-snippet:-1, max-image-preview:large, max-video-preview:-1\" \/>\n<link rel=\"canonical\" href=\"https:\/\/alligator-sas.fr\/en\/services\/support\/\" \/>\n<meta property=\"og:locale\" content=\"en_US\" \/>\n<meta property=\"og:type\" content=\"article\" \/>\n<meta property=\"og:title\" content=\"Support - ALLIGATOR\" \/>\n<meta property=\"og:url\" content=\"https:\/\/alligator-sas.fr\/en\/services\/support\/\" \/>\n<meta property=\"og:site_name\" content=\"ALLIGATOR\" \/>\n<meta property=\"article:modified_time\" content=\"2023-11-08T15:35:39+00:00\" \/>\n<meta name=\"twitter:card\" content=\"summary_large_image\" \/>\n<meta name=\"twitter:site\" content=\"@ReseauDEF\" \/>\n<meta name=\"twitter:label1\" content=\"Est. reading time\" \/>\n\t<meta name=\"twitter:data1\" content=\"2 minutes\" \/>\n<script type=\"application\/ld+json\" class=\"yoast-schema-graph\">{\"@context\":\"https:\/\/schema.org\",\"@graph\":[{\"@type\":\"WebPage\",\"@id\":\"https:\/\/alligator-sas.fr\/en\/services\/support\/\",\"url\":\"https:\/\/alligator-sas.fr\/en\/services\/support\/\",\"name\":\"Support - ALLIGATOR\",\"isPartOf\":{\"@id\":\"https:\/\/alligator-sas.fr\/#website\"},\"datePublished\":\"2022-06-17T13:54:15+00:00\",\"dateModified\":\"2023-11-08T15:35:39+00:00\",\"breadcrumb\":{\"@id\":\"https:\/\/alligator-sas.fr\/en\/services\/support\/#breadcrumb\"},\"inLanguage\":\"en-US\",\"potentialAction\":[{\"@type\":\"ReadAction\",\"target\":[\"https:\/\/alligator-sas.fr\/en\/services\/support\/\"]}]},{\"@type\":\"BreadcrumbList\",\"@id\":\"https:\/\/alligator-sas.fr\/en\/services\/support\/#breadcrumb\",\"itemListElement\":[{\"@type\":\"ListItem\",\"position\":1,\"name\":\"Accueil\",\"item\":\"https:\/\/alligator-sas.fr\/en\/home-2-2\/\"},{\"@type\":\"ListItem\",\"position\":2,\"name\":\"Services\",\"item\":\"https:\/\/alligator-sas.fr\/en\/services\/\"},{\"@type\":\"ListItem\",\"position\":3,\"name\":\"Support\"}]},{\"@type\":\"WebSite\",\"@id\":\"https:\/\/alligator-sas.fr\/#website\",\"url\":\"https:\/\/alligator-sas.fr\/\",\"name\":\"ALLIGATOR\",\"description\":\"La s\u00e9curit\u00e9 \u00e0 l&#039;\u00e9preuve du temps\",\"publisher\":{\"@id\":\"https:\/\/alligator-sas.fr\/#organization\"},\"potentialAction\":[{\"@type\":\"SearchAction\",\"target\":{\"@type\":\"EntryPoint\",\"urlTemplate\":\"https:\/\/alligator-sas.fr\/?s={search_term_string}\"},\"query-input\":{\"@type\":\"PropertyValueSpecification\",\"valueRequired\":true,\"valueName\":\"search_term_string\"}}],\"inLanguage\":\"en-US\"},{\"@type\":\"Organization\",\"@id\":\"https:\/\/alligator-sas.fr\/#organization\",\"name\":\"ALLIGATOR\",\"url\":\"https:\/\/alligator-sas.fr\/\",\"logo\":{\"@type\":\"ImageObject\",\"inLanguage\":\"en-US\",\"@id\":\"https:\/\/alligator-sas.fr\/#\/schema\/logo\/image\/\",\"url\":\"https:\/\/alligator-sas.fr\/wp-content\/uploads\/2022\/04\/logo-alligator-v2.png\",\"contentUrl\":\"https:\/\/alligator-sas.fr\/wp-content\/uploads\/2022\/04\/logo-alligator-v2.png\",\"width\":800,\"height\":194,\"caption\":\"ALLIGATOR\"},\"image\":{\"@id\":\"https:\/\/alligator-sas.fr\/#\/schema\/logo\/image\/\"},\"sameAs\":[\"https:\/\/x.com\/ReseauDEF\",\"https:\/\/www.linkedin.com\/company\/alligator-sas\/\"]}]}<\/script>\n<!-- \/ Yoast SEO plugin. -->","yoast_head_json":{"title":"Support - ALLIGATOR","robots":{"index":"index","follow":"follow","max-snippet":"max-snippet:-1","max-image-preview":"max-image-preview:large","max-video-preview":"max-video-preview:-1"},"canonical":"https:\/\/alligator-sas.fr\/en\/services\/support\/","og_locale":"en_US","og_type":"article","og_title":"Support - ALLIGATOR","og_url":"https:\/\/alligator-sas.fr\/en\/services\/support\/","og_site_name":"ALLIGATOR","article_modified_time":"2023-11-08T15:35:39+00:00","twitter_card":"summary_large_image","twitter_site":"@ReseauDEF","twitter_misc":{"Est. reading time":"2 minutes"},"schema":{"@context":"https:\/\/schema.org","@graph":[{"@type":"WebPage","@id":"https:\/\/alligator-sas.fr\/en\/services\/support\/","url":"https:\/\/alligator-sas.fr\/en\/services\/support\/","name":"Support - ALLIGATOR","isPartOf":{"@id":"https:\/\/alligator-sas.fr\/#website"},"datePublished":"2022-06-17T13:54:15+00:00","dateModified":"2023-11-08T15:35:39+00:00","breadcrumb":{"@id":"https:\/\/alligator-sas.fr\/en\/services\/support\/#breadcrumb"},"inLanguage":"en-US","potentialAction":[{"@type":"ReadAction","target":["https:\/\/alligator-sas.fr\/en\/services\/support\/"]}]},{"@type":"BreadcrumbList","@id":"https:\/\/alligator-sas.fr\/en\/services\/support\/#breadcrumb","itemListElement":[{"@type":"ListItem","position":1,"name":"Accueil","item":"https:\/\/alligator-sas.fr\/en\/home-2-2\/"},{"@type":"ListItem","position":2,"name":"Services","item":"https:\/\/alligator-sas.fr\/en\/services\/"},{"@type":"ListItem","position":3,"name":"Support"}]},{"@type":"WebSite","@id":"https:\/\/alligator-sas.fr\/#website","url":"https:\/\/alligator-sas.fr\/","name":"ALLIGATOR","description":"La s\u00e9curit\u00e9 \u00e0 l&#039;\u00e9preuve du temps","publisher":{"@id":"https:\/\/alligator-sas.fr\/#organization"},"potentialAction":[{"@type":"SearchAction","target":{"@type":"EntryPoint","urlTemplate":"https:\/\/alligator-sas.fr\/?s={search_term_string}"},"query-input":{"@type":"PropertyValueSpecification","valueRequired":true,"valueName":"search_term_string"}}],"inLanguage":"en-US"},{"@type":"Organization","@id":"https:\/\/alligator-sas.fr\/#organization","name":"ALLIGATOR","url":"https:\/\/alligator-sas.fr\/","logo":{"@type":"ImageObject","inLanguage":"en-US","@id":"https:\/\/alligator-sas.fr\/#\/schema\/logo\/image\/","url":"https:\/\/alligator-sas.fr\/wp-content\/uploads\/2022\/04\/logo-alligator-v2.png","contentUrl":"https:\/\/alligator-sas.fr\/wp-content\/uploads\/2022\/04\/logo-alligator-v2.png","width":800,"height":194,"caption":"ALLIGATOR"},"image":{"@id":"https:\/\/alligator-sas.fr\/#\/schema\/logo\/image\/"},"sameAs":["https:\/\/x.com\/ReseauDEF","https:\/\/www.linkedin.com\/company\/alligator-sas\/"]}]}},"_links":{"self":[{"href":"https:\/\/alligator-sas.fr\/en\/wp-json\/wp\/v2\/pages\/2278","targetHints":{"allow":["GET"]}}],"collection":[{"href":"https:\/\/alligator-sas.fr\/en\/wp-json\/wp\/v2\/pages"}],"about":[{"href":"https:\/\/alligator-sas.fr\/en\/wp-json\/wp\/v2\/types\/page"}],"author":[{"embeddable":true,"href":"https:\/\/alligator-sas.fr\/en\/wp-json\/wp\/v2\/users\/1"}],"replies":[{"embeddable":true,"href":"https:\/\/alligator-sas.fr\/en\/wp-json\/wp\/v2\/comments?post=2278"}],"version-history":[{"count":2,"href":"https:\/\/alligator-sas.fr\/en\/wp-json\/wp\/v2\/pages\/2278\/revisions"}],"predecessor-version":[{"id":2538,"href":"https:\/\/alligator-sas.fr\/en\/wp-json\/wp\/v2\/pages\/2278\/revisions\/2538"}],"up":[{"embeddable":true,"href":"https:\/\/alligator-sas.fr\/en\/wp-json\/wp\/v2\/pages\/2290"}],"wp:attachment":[{"href":"https:\/\/alligator-sas.fr\/en\/wp-json\/wp\/v2\/media?parent=2278"}],"curies":[{"name":"wp","href":"https:\/\/api.w.org\/{rel}","templated":true}]}}