{"id":2287,"date":"2022-06-17T15:55:25","date_gmt":"2022-06-17T13:55:25","guid":{"rendered":"https:\/\/alligator-sas.fr\/commissioning\/"},"modified":"2023-11-08T16:37:38","modified_gmt":"2023-11-08T15:37:38","slug":"commissioning","status":"publish","type":"page","link":"https:\/\/alligator-sas.fr\/en\/services\/commissioning\/","title":{"rendered":"Commissioning"},"content":{"rendered":"<div id='full_slider_1'  class='avia-fullwidth-slider main_color avia-shadow   avia-builder-el-0  el_before_av_one_full  avia-builder-el-first   container_wrap sidebar_right'  ><div  class='avia-slideshow av-l5jnrw71-0efbdc1d36f5be5910fbcb878c81e754 avia-slideshow-no scaling av_slideshow_full avia-slide-slider av-slideshow-ui av-control-default av-slideshow-manual av-loop-once av-loop-manual-endless av-default-height-applied   avia-slideshow-1' data-slideshow-options=\"{&quot;animation&quot;:&quot;slide&quot;,&quot;autoplay&quot;:false,&quot;loop_autoplay&quot;:&quot;once&quot;,&quot;interval&quot;:5,&quot;loop_manual&quot;:&quot;manual-endless&quot;,&quot;autoplay_stopper&quot;:false,&quot;noNavigation&quot;:false,&quot;bg_slider&quot;:false,&quot;keep_padding&quot;:false,&quot;hoverpause&quot;:false,&quot;show_slide_delay&quot;:0}\"  itemprop=\"image\" itemscope=\"itemscope\" itemtype=\"https:\/\/schema.org\/ImageObject\" ><ul class='avia-slideshow-inner ' style='padding-bottom: 28.666666666667%;'><li  class='avia-slideshow-slide av-l5jnrw71-0efbdc1d36f5be5910fbcb878c81e754__0  av-single-slide slide-1 slide-odd'><div data-rel='slideshow-1' class='avia-slide-wrap '   ><div class='av-slideshow-caption av-l5jnrw71-0efbdc1d36f5be5910fbcb878c81e754__0 caption_fullwidth caption_left caption_left_framed caption_framed'><div class=\"container caption_container\"><div class=\"slideshow_caption\"><div class=\"slideshow_inner_caption\"><div class=\"slideshow_align_caption\"><h2 class='avia-caption-title '  itemprop=\"name\" >COMMISSIONING<\/h2><\/div><\/div><\/div><\/div><\/div><img decoding=\"async\" fetchpriority=\"high\" class=\"wp-image-1769 avia-img-lazy-loading-not-1769\"  src=\"https:\/\/alligator-sas.fr\/wp-content\/uploads\/2022\/07\/bandeau-mise-en-service.jpg\" width=\"1500\" height=\"430\" title='bandeau-mise-en-service' alt=''  itemprop=\"thumbnailUrl\" srcset=\"https:\/\/alligator-sas.fr\/wp-content\/uploads\/2022\/07\/bandeau-mise-en-service.jpg 1500w, https:\/\/alligator-sas.fr\/wp-content\/uploads\/2022\/07\/bandeau-mise-en-service-600x172.jpg 600w, https:\/\/alligator-sas.fr\/wp-content\/uploads\/2022\/07\/bandeau-mise-en-service-300x86.jpg 300w, https:\/\/alligator-sas.fr\/wp-content\/uploads\/2022\/07\/bandeau-mise-en-service-1030x295.jpg 1030w, https:\/\/alligator-sas.fr\/wp-content\/uploads\/2022\/07\/bandeau-mise-en-service-768x220.jpg 768w, https:\/\/alligator-sas.fr\/wp-content\/uploads\/2022\/07\/bandeau-mise-en-service-705x202.jpg 705w\" sizes=\"(max-width: 1500px) 100vw, 1500px\" \/><\/div><\/li><\/ul><\/div><\/div><div id='after_full_slider_1'  class='main_color av_default_container_wrap container_wrap sidebar_right'  ><div class='container av-section-cont-open' ><div class='template-page content  av-content-small alpha units'><div class='post-entry post-entry-type-page post-entry-2287'><div class='entry-content-wrapper clearfix'>\n<div  class='flex_column av-6rg3r-71fca22be88784e10b6ceb686f1ec90b av_one_full  avia-builder-el-1  el_after_av_slideshow_full  avia-builder-el-no-sibling  first flex_column_div  '     ><p>\n<style type=\"text\/css\" data-created_by=\"avia_inline_auto\" id=\"style-css-av-ld1ecm4h-7a0bdbee605f1775143058749021ac2e\">\n#top .av-special-heading.av-ld1ecm4h-7a0bdbee605f1775143058749021ac2e{\npadding-bottom:10px;\n}\nbody .av-special-heading.av-ld1ecm4h-7a0bdbee605f1775143058749021ac2e .av-special-heading-tag .heading-char{\nfont-size:25px;\n}\n.av-special-heading.av-ld1ecm4h-7a0bdbee605f1775143058749021ac2e .av-subheading{\nfont-size:15px;\n}\n<\/style>\n<div  class='av-special-heading av-ld1ecm4h-7a0bdbee605f1775143058749021ac2e av-special-heading-h2 blockquote modern-quote  avia-builder-el-2  el_before_av_textblock  avia-builder-el-first '><h2 class='av-special-heading-tag '  itemprop=\"headline\"  >A complete service<\/h2><div class=\"special-heading-border\"><div class=\"special-heading-inner-border\"><\/div><\/div><\/div><br \/>\n<section  class='av_textblock_section av-l4iikwzx-fc00d86777fe54aa82b0018ff8b17afd '   itemscope=\"itemscope\" itemtype=\"https:\/\/schema.org\/CreativeWork\" ><div class='avia_textblock'  itemprop=\"text\" ><p>Qualified and experienced, Alligator technicians commission the equipment. This service includes :<\/p>\n<ul>\n<li>checking the installation,<\/li>\n<li>checking connections,<\/li>\n<li>control unit configuration,<\/li>\n<li>parameterization of opening request devices.<\/li>\n<\/ul>\n<h2><strong>Specialist involvement<\/strong><\/h2>\n<p>As a manufacturer, we equip our technicians with the parameterization and testing tools specific to our systems.<br \/>\nAlligator technicians are also familiar with current standards, so they can deliver a compliant installation.<br \/>\nThis ensures that you have an operational, high-performance system that complies with regulations.<\/p>\n<\/div><\/section><\/p><\/div>\n","protected":false},"excerpt":{"rendered":"","protected":false},"author":1,"featured_media":0,"parent":2290,"menu_order":3,"comment_status":"closed","ping_status":"closed","template":"","meta":{"footnotes":""},"class_list":["post-2287","page","type-page","status-publish","hentry"],"yoast_head":"<!-- This site is optimized with the Yoast SEO plugin v25.4 - https:\/\/yoast.com\/wordpress\/plugins\/seo\/ -->\n<title>Commissioning - ALLIGATOR<\/title>\n<meta name=\"robots\" content=\"index, follow, max-snippet:-1, max-image-preview:large, max-video-preview:-1\" \/>\n<link rel=\"canonical\" href=\"https:\/\/alligator-sas.fr\/en\/services\/commissioning\/\" \/>\n<meta property=\"og:locale\" content=\"en_US\" \/>\n<meta property=\"og:type\" content=\"article\" \/>\n<meta property=\"og:title\" content=\"Commissioning - ALLIGATOR\" \/>\n<meta property=\"og:url\" content=\"https:\/\/alligator-sas.fr\/en\/services\/commissioning\/\" \/>\n<meta property=\"og:site_name\" content=\"ALLIGATOR\" \/>\n<meta property=\"article:modified_time\" content=\"2023-11-08T15:37:38+00:00\" \/>\n<meta name=\"twitter:card\" content=\"summary_large_image\" \/>\n<meta name=\"twitter:site\" content=\"@ReseauDEF\" \/>\n<meta name=\"twitter:label1\" content=\"Est. reading time\" \/>\n\t<meta name=\"twitter:data1\" content=\"2 minutes\" \/>\n<script type=\"application\/ld+json\" class=\"yoast-schema-graph\">{\"@context\":\"https:\/\/schema.org\",\"@graph\":[{\"@type\":\"WebPage\",\"@id\":\"https:\/\/alligator-sas.fr\/en\/services\/commissioning\/\",\"url\":\"https:\/\/alligator-sas.fr\/en\/services\/commissioning\/\",\"name\":\"Commissioning - ALLIGATOR\",\"isPartOf\":{\"@id\":\"https:\/\/alligator-sas.fr\/#website\"},\"datePublished\":\"2022-06-17T13:55:25+00:00\",\"dateModified\":\"2023-11-08T15:37:38+00:00\",\"breadcrumb\":{\"@id\":\"https:\/\/alligator-sas.fr\/en\/services\/commissioning\/#breadcrumb\"},\"inLanguage\":\"en-US\",\"potentialAction\":[{\"@type\":\"ReadAction\",\"target\":[\"https:\/\/alligator-sas.fr\/en\/services\/commissioning\/\"]}]},{\"@type\":\"BreadcrumbList\",\"@id\":\"https:\/\/alligator-sas.fr\/en\/services\/commissioning\/#breadcrumb\",\"itemListElement\":[{\"@type\":\"ListItem\",\"position\":1,\"name\":\"Accueil\",\"item\":\"https:\/\/alligator-sas.fr\/en\/home-2-2\/\"},{\"@type\":\"ListItem\",\"position\":2,\"name\":\"Services\",\"item\":\"https:\/\/alligator-sas.fr\/en\/services\/\"},{\"@type\":\"ListItem\",\"position\":3,\"name\":\"Commissioning\"}]},{\"@type\":\"WebSite\",\"@id\":\"https:\/\/alligator-sas.fr\/#website\",\"url\":\"https:\/\/alligator-sas.fr\/\",\"name\":\"ALLIGATOR\",\"description\":\"La s\u00e9curit\u00e9 \u00e0 l&#039;\u00e9preuve du temps\",\"publisher\":{\"@id\":\"https:\/\/alligator-sas.fr\/#organization\"},\"potentialAction\":[{\"@type\":\"SearchAction\",\"target\":{\"@type\":\"EntryPoint\",\"urlTemplate\":\"https:\/\/alligator-sas.fr\/?s={search_term_string}\"},\"query-input\":{\"@type\":\"PropertyValueSpecification\",\"valueRequired\":true,\"valueName\":\"search_term_string\"}}],\"inLanguage\":\"en-US\"},{\"@type\":\"Organization\",\"@id\":\"https:\/\/alligator-sas.fr\/#organization\",\"name\":\"ALLIGATOR\",\"url\":\"https:\/\/alligator-sas.fr\/\",\"logo\":{\"@type\":\"ImageObject\",\"inLanguage\":\"en-US\",\"@id\":\"https:\/\/alligator-sas.fr\/#\/schema\/logo\/image\/\",\"url\":\"https:\/\/alligator-sas.fr\/wp-content\/uploads\/2022\/04\/logo-alligator-v2.png\",\"contentUrl\":\"https:\/\/alligator-sas.fr\/wp-content\/uploads\/2022\/04\/logo-alligator-v2.png\",\"width\":800,\"height\":194,\"caption\":\"ALLIGATOR\"},\"image\":{\"@id\":\"https:\/\/alligator-sas.fr\/#\/schema\/logo\/image\/\"},\"sameAs\":[\"https:\/\/x.com\/ReseauDEF\",\"https:\/\/www.linkedin.com\/company\/alligator-sas\/\"]}]}<\/script>\n<!-- \/ Yoast SEO plugin. -->","yoast_head_json":{"title":"Commissioning - ALLIGATOR","robots":{"index":"index","follow":"follow","max-snippet":"max-snippet:-1","max-image-preview":"max-image-preview:large","max-video-preview":"max-video-preview:-1"},"canonical":"https:\/\/alligator-sas.fr\/en\/services\/commissioning\/","og_locale":"en_US","og_type":"article","og_title":"Commissioning - ALLIGATOR","og_url":"https:\/\/alligator-sas.fr\/en\/services\/commissioning\/","og_site_name":"ALLIGATOR","article_modified_time":"2023-11-08T15:37:38+00:00","twitter_card":"summary_large_image","twitter_site":"@ReseauDEF","twitter_misc":{"Est. reading time":"2 minutes"},"schema":{"@context":"https:\/\/schema.org","@graph":[{"@type":"WebPage","@id":"https:\/\/alligator-sas.fr\/en\/services\/commissioning\/","url":"https:\/\/alligator-sas.fr\/en\/services\/commissioning\/","name":"Commissioning - ALLIGATOR","isPartOf":{"@id":"https:\/\/alligator-sas.fr\/#website"},"datePublished":"2022-06-17T13:55:25+00:00","dateModified":"2023-11-08T15:37:38+00:00","breadcrumb":{"@id":"https:\/\/alligator-sas.fr\/en\/services\/commissioning\/#breadcrumb"},"inLanguage":"en-US","potentialAction":[{"@type":"ReadAction","target":["https:\/\/alligator-sas.fr\/en\/services\/commissioning\/"]}]},{"@type":"BreadcrumbList","@id":"https:\/\/alligator-sas.fr\/en\/services\/commissioning\/#breadcrumb","itemListElement":[{"@type":"ListItem","position":1,"name":"Accueil","item":"https:\/\/alligator-sas.fr\/en\/home-2-2\/"},{"@type":"ListItem","position":2,"name":"Services","item":"https:\/\/alligator-sas.fr\/en\/services\/"},{"@type":"ListItem","position":3,"name":"Commissioning"}]},{"@type":"WebSite","@id":"https:\/\/alligator-sas.fr\/#website","url":"https:\/\/alligator-sas.fr\/","name":"ALLIGATOR","description":"La s\u00e9curit\u00e9 \u00e0 l&#039;\u00e9preuve du temps","publisher":{"@id":"https:\/\/alligator-sas.fr\/#organization"},"potentialAction":[{"@type":"SearchAction","target":{"@type":"EntryPoint","urlTemplate":"https:\/\/alligator-sas.fr\/?s={search_term_string}"},"query-input":{"@type":"PropertyValueSpecification","valueRequired":true,"valueName":"search_term_string"}}],"inLanguage":"en-US"},{"@type":"Organization","@id":"https:\/\/alligator-sas.fr\/#organization","name":"ALLIGATOR","url":"https:\/\/alligator-sas.fr\/","logo":{"@type":"ImageObject","inLanguage":"en-US","@id":"https:\/\/alligator-sas.fr\/#\/schema\/logo\/image\/","url":"https:\/\/alligator-sas.fr\/wp-content\/uploads\/2022\/04\/logo-alligator-v2.png","contentUrl":"https:\/\/alligator-sas.fr\/wp-content\/uploads\/2022\/04\/logo-alligator-v2.png","width":800,"height":194,"caption":"ALLIGATOR"},"image":{"@id":"https:\/\/alligator-sas.fr\/#\/schema\/logo\/image\/"},"sameAs":["https:\/\/x.com\/ReseauDEF","https:\/\/www.linkedin.com\/company\/alligator-sas\/"]}]}},"_links":{"self":[{"href":"https:\/\/alligator-sas.fr\/en\/wp-json\/wp\/v2\/pages\/2287","targetHints":{"allow":["GET"]}}],"collection":[{"href":"https:\/\/alligator-sas.fr\/en\/wp-json\/wp\/v2\/pages"}],"about":[{"href":"https:\/\/alligator-sas.fr\/en\/wp-json\/wp\/v2\/types\/page"}],"author":[{"embeddable":true,"href":"https:\/\/alligator-sas.fr\/en\/wp-json\/wp\/v2\/users\/1"}],"replies":[{"embeddable":true,"href":"https:\/\/alligator-sas.fr\/en\/wp-json\/wp\/v2\/comments?post=2287"}],"version-history":[{"count":2,"href":"https:\/\/alligator-sas.fr\/en\/wp-json\/wp\/v2\/pages\/2287\/revisions"}],"predecessor-version":[{"id":2544,"href":"https:\/\/alligator-sas.fr\/en\/wp-json\/wp\/v2\/pages\/2287\/revisions\/2544"}],"up":[{"embeddable":true,"href":"https:\/\/alligator-sas.fr\/en\/wp-json\/wp\/v2\/pages\/2290"}],"wp:attachment":[{"href":"https:\/\/alligator-sas.fr\/en\/wp-json\/wp\/v2\/media?parent=2287"}],"curies":[{"name":"wp","href":"https:\/\/api.w.org\/{rel}","templated":true}]}}