{"id":2290,"date":"2022-06-16T14:16:33","date_gmt":"2022-06-16T12:16:33","guid":{"rendered":"https:\/\/alligator-sas.fr\/services\/"},"modified":"2023-11-08T16:35:23","modified_gmt":"2023-11-08T15:35:23","slug":"services","status":"publish","type":"page","link":"https:\/\/alligator-sas.fr\/en\/services\/","title":{"rendered":"Services"},"content":{"rendered":"<div  class='tabcontainer av-l4fpoee7-062ec47cd0e485179a4207fc93e60629 sidebar_tab sidebar_tab_left  avia-builder-el-0  avia-builder-el-no-sibling  noborder_tabs'>\n<section class='av_tab_section av_tab_section av-l4fppdgp-f460a337d58c715cf6fa33d06f1d87bf'  itemscope=\"itemscope\" itemtype=\"https:\/\/schema.org\/CreativeWork\" ><div id='tab-id-1-tab' class='tab active_tab' role='tab' aria-selected=\"true\" tabindex=\"0\" data-fake-id='#tab-id-1' aria-controls='tab-id-1-content'  itemprop=\"headline\" >Support  <\/div><div id='tab-id-1-content' class='tab_content active_tab_content' role='tabpanel' aria-labelledby='tab-id-1-tab' aria-hidden=\"false\"><div class='tab_inner_content invers-color'  itemprop=\"text\" ><div class=\"content-area\">\n<div class=\"service-area\">\n<div class=\"description post-content\">\n<h2><strong>Listening and advice<\/strong><\/h2>\n<p>At Alligator, we place great importance on listening to and supporting our customers. We draw on over 35 years&#8217; experience in the field to analyze your needs, carry out a functional study of your installation and advise you on the solution best suited to your specific requirements.<\/p>\n<h2><strong>A close relationship<\/strong><\/h2>\n<p>Thanks to our nationwide presence, we are able to provide you with a local service, in particular for :<\/p>\n<ul>\n<li>advise you on Alligator solutions,<\/li>\n<li>help you define the right products for your project,<\/li>\n<li>help you draw up specifications.<\/li>\n<\/ul>\n<\/div>\n<\/div>\n<\/div>\n<\/div><\/div><\/section>\n<section class='av_tab_section av_tab_section av-l4fppqb5-339cf3f1ef42f287466bbf4ceac017fb'  itemscope=\"itemscope\" itemtype=\"https:\/\/schema.org\/CreativeWork\" ><div id='tab-id-2-tab' class='tab' role='tab' aria-selected=\"false\" tabindex=\"0\" data-fake-id='#tab-id-2' aria-controls='tab-id-2-content'  itemprop=\"headline\" >Installation  <\/div><div id='tab-id-2-content' class='tab_content' role='tabpanel' aria-labelledby='tab-id-2-tab' aria-hidden=\"true\"><div class='tab_inner_content invers-color'  itemprop=\"text\" ><h2>Professional installation of locks and accessories<\/h2>\n<p>Alligator&#8217;s team of qualified locksmiths will install your locking systems (DAS locks and accessories) to ensure optimum performance.<br \/>\nTo guarantee that a locking system works properly, it must be installed by a specialist, using quality materials and the right screws and bolts for every type of door.<\/p>\n<p>Our expertise in emergency exit management means we can provide you with the advice, efficiency and peace of mind you expect.<\/p>\n<\/div><\/div><\/section>\n<section class='av_tab_section av_tab_section av-l4fpqb3h-7b14b8187cb96551ed29cce0a6f7d6d3'  itemscope=\"itemscope\" itemtype=\"https:\/\/schema.org\/CreativeWork\" ><div id='tab-id-3-tab' class='tab' role='tab' aria-selected=\"false\" tabindex=\"0\" data-fake-id='#tab-id-3' aria-controls='tab-id-3-content'  itemprop=\"headline\" >Commissioning  <\/div><div id='tab-id-3-content' class='tab_content' role='tabpanel' aria-labelledby='tab-id-3-tab' aria-hidden=\"true\"><div class='tab_inner_content invers-color'  itemprop=\"text\" ><div class=\"content-area\">\n<div class=\"service-area\">\n<div class=\"description post-content\">\n<h2><strong>A complete service<\/strong><\/h2>\n<p>Qualified and experienced, Alligator technicians commission the equipment. This service includes :<\/p>\n<ul>\n<li>checking the installation,<\/li>\n<li>checking connections,<\/li>\n<li>control unit configuration,<\/li>\n<li>parameterization of opening request devices.<\/li>\n<\/ul>\n<h2><strong>Specialist involvement<\/strong><\/h2>\n<p>As a manufacturer, we equip our technicians with the parameterization and testing tools specific to our systems.<br \/>\nAlligator technicians are also familiar with current standards, so they can deliver a compliant installation.<br \/>\nThis ensures that you have an operational, high-performance system that complies with regulations.<\/p>\n<\/div>\n<\/div>\n<\/div>\n<\/div><\/div><\/section>\n<section class='av_tab_section av_tab_section av-l4fpqlul-0640eed04c9dbe4ca97586b92ab89fb8'  itemscope=\"itemscope\" itemtype=\"https:\/\/schema.org\/CreativeWork\" ><div id='tab-id-4-tab' class='tab' role='tab' aria-selected=\"false\" tabindex=\"0\" data-fake-id='#tab-id-4' aria-controls='tab-id-4-content'  itemprop=\"headline\" >Training  <\/div><div id='tab-id-4-content' class='tab_content' role='tabpanel' aria-labelledby='tab-id-4-tab' aria-hidden=\"true\"><div class='tab_inner_content invers-color'  itemprop=\"text\" ><div class=\"content-area\">\n<div class=\"service-area\">\n<div class=\"description post-content\">\n<h2><strong>Tailor-made training<\/strong><\/h2>\n<p>As a training center, we offer a range of training courses tailored to the needs of each customer.<\/p>\n<ul>\n<li><strong>Operation<\/strong>: on-site user training to meet the requirement for complete mastery of system operation.<\/li>\n<li><strong>1st level technology<\/strong>: training your technicians to identify faults, make basic adjustments and avoid unnecessary interventions.<\/li>\n<\/ul>\n<p>Alligator&#8217;s training courses can be held at your convenience:<\/p>\n<ul>\n<li><strong>On-site<\/strong>: we train users in real-life situations, on the system they operate.<\/li>\n<li><strong>On our premises<\/strong>: we welcome trainees in a setting conducive to training.<\/li>\n<\/ul>\n<p>Alligator&#8217;s training activity is registered under the <strong>number 11910797191.<\/strong> Registration does not imply government approval.<\/p>\n<\/div>\n<\/div>\n<\/div>\n<\/div><\/div><\/section>\n<section class='av_tab_section av_tab_section av-l4fpr9jg-44c0f224600883fc6c8b4396f08f58f1'  itemscope=\"itemscope\" itemtype=\"https:\/\/schema.org\/CreativeWork\" ><div id='tab-id-5-tab' class='tab' role='tab' aria-selected=\"false\" tabindex=\"0\" data-fake-id='#tab-id-5' aria-controls='tab-id-5-content'  itemprop=\"headline\" >Maintenance  <\/div><div id='tab-id-5-content' class='tab_content' role='tabpanel' aria-labelledby='tab-id-5-tab' aria-hidden=\"true\"><div class='tab_inner_content invers-color'  itemprop=\"text\" ><div class=\"content-area\">\n<div class=\"service-area\">\n<div class=\"description post-content\">\n<h2><b>Protecting your installations <\/b><\/h2>\n<p>Without maintenance, sooner or later failures are inevitable and risk paralyzing your system.<\/p>\n<p>The challenge is:<\/p>\n<ul>\n<li>ensure continued compliance with NF S 61-934, 937, 933 standards,<\/li>\n<li>preserve the value of your investment,<\/li>\n<li>reduce costs associated with corrective maintenance: guarding, travel, parts, etc.<\/li>\n<\/ul>\n<p><strong>Regulatory requirements, mainly based on NF S 61-933, confirm this need.<\/strong><\/p>\n<p>You must regularly :<\/p>\n<ul>\n<li>carry out simple functional tests in real-life situations,<\/li>\n<li>report and correct any malfunctions as they occur,<\/li>\n<li>carry out preventive maintenance tasks: thorough checks, repairs, back-up and adaptation to environmental changes.<\/li>\n<\/ul>\n<p>Article L 230-3 of the French Labor Code states that the person responsible is first and foremost the employer who operates the electrical installations and, by delegation, the person he has appointed to supervise them.<\/p>\n<p><strong>The benefits of a maintenance contract<\/strong><\/p>\n<p>Who better than the manufacturer to commit to maintaining your installations? By subscribing to an Alligator maintenance contract, you will benefit from :<\/p>\n<ul>\n<li>the manufacturer&#8217;s expertise: regulatory watch, product expertise and testing tools,<\/li>\n<li>guaranteed availability of spare parts,<\/li>\n<li>personalized technical assistance from qualified technicians,<\/li>\n<li>a long-term vision of technological developments.<\/li>\n<\/ul>\n<p><strong><u>Maintenance contract<\/u><\/strong><\/p>\n<p>Alligator offers a range of services included in all its maintenance contracts, plus a range of &#8220;\u00e0 la carte&#8221; options. Together, we&#8217;ll put together the service contract that best suits your site&#8217;s operating needs.<\/p>\n<h2><b>Preventive maintenance<\/b><\/h2>\n<p>With the preventive maintenance contract, you automatically benefit from an annual service visit, and you can also select an optional number of &#8220;\u00e0 la carte&#8221; service visits.<\/p>\n<h2><\/h2>\n<h2><b>Corrective maintenance<\/b><\/h2>\n<p>With the corrective maintenance contract, you&#8217;ll benefit from priority scheduling of interventions, repair of equipment under warranty directly on site rather than in the workshop, preferential rates on spare parts and interventions, and a 2-year hardware warranty extension if you sign the maintenance contract on receipt of the system. As an option, you can also select a reduced response time, depending on your geographical location, the number of &#8220;\u00e0 la carte&#8221; corrective maintenance interventions, and the spare parts included.<\/p>\n<h2><\/h2>\n<h2><b>Assistance<\/b><\/h2>\n<p>When you subscribe to the support contract, you&#8217;ll benefit from the company&#8217;s business hours hotline, which will help you identify the source of the malfunction and guide you from the moment you receive the system. The options in this contract give you 24\/7 telephone on-call service, 24\/7 physical on-call service, 1st level technical training and operational training.<\/p>\n<\/div>\n<\/div>\n<\/div>\n<\/div><\/div><\/section>\n<section class='av_tab_section av_tab_section av-l4fprms0-96ee2043866b45f697f3b0f24b07fca6'  itemscope=\"itemscope\" itemtype=\"https:\/\/schema.org\/CreativeWork\" ><div id='tab-id-6-tab' class='tab' role='tab' aria-selected=\"false\" tabindex=\"0\" data-fake-id='#tab-id-6' aria-controls='tab-id-6-content'  itemprop=\"headline\" >Digital services  <\/div><div id='tab-id-6-content' class='tab_content' role='tabpanel' aria-labelledby='tab-id-6-tab' aria-hidden=\"true\"><div class='tab_inner_content invers-color'  itemprop=\"text\" ><h2><strong><b>A mobility tool for improved efficiency<\/b><\/strong><\/h2>\n<p>All Alligator technicians are equipped with tablets connected to the company&#8217;s information system. This gives them access to all the information they need to carry out their work more efficiently: technical installation files, vehicle stock, etc.<br \/>\nAt the end of the intervention, the technician generates an after-sales service voucher, which is e-mailed directly to the customer.<\/p>\n<p>This tool ensures traceability of all work carried out on your installations, and optimum quality of work reports.<\/p>\n<h2><strong><b>Alligator customer portal: your maintenance assistant<\/b><\/strong><\/h2>\n<p>Secure access to your customer area simplifies the management and control of your service contract. The data is refreshed in real time, giving you access to all the information relating to your contract.<\/p>\n<p>You can :<\/p>\n<ul>\n<li>submit service requests online and track their progress,<\/li>\n<li>download all documents related to the intervention and the contract,<\/li>\n<li>consult the installation&#8217;s technical file.<\/li>\n<\/ul>\n<p>What&#8217;s more, an on-board statistical tool enables you to check that contractual intervention times are being met.<\/p>\n<\/div><\/div><\/section>\n<section class='av_tab_section av_tab_section av-l4fprzuy-30ccf63f91ac8bfabeef46a4911a19bc'  itemscope=\"itemscope\" itemtype=\"https:\/\/schema.org\/CreativeWork\" ><div id='tab-id-7-tab' class='tab' role='tab' aria-selected=\"false\" tabindex=\"0\" data-fake-id='#tab-id-7' aria-controls='tab-id-7-content'  itemprop=\"headline\" >Troubleshooting<\/div><div id='tab-id-7-content' class='tab_content' role='tabpanel' aria-labelledby='tab-id-7-tab' aria-hidden=\"true\"><div class='tab_inner_content invers-color'  itemprop=\"text\" ><h2><strong><b>The responsiveness you expect<\/b><\/strong><\/h2>\n<p>ALLIGATOR&#8217;s teams are on hand to welcome you, Monday to Friday, from 8.30am to 5.30pm.<br \/>\nOur technicians work all over France and abroad.<br \/>\nFor all other requests, a 24\/7 call center and on-call number is available to our contract customers for all requests during non-working hours.<\/p>\n<p><strong>To contact us :  <\/strong><\/p>\n<p>Alligator Maintenance Service<br \/>\n<strong>Tel: 01 60 13 54 77<\/strong><br \/>\n<strong>Fax: 01 60 13 54 87<\/strong><br \/>\nEmail : <a href=\"mailto:maintenance@alligator-cetexel.fr\">maintenance@alligator-cetexel.fr<\/a><\/p>\n<\/div><\/div><\/section>\n<\/div>\n","protected":false},"excerpt":{"rendered":"","protected":false},"author":1,"featured_media":0,"parent":0,"menu_order":0,"comment_status":"closed","ping_status":"closed","template":"","meta":{"footnotes":""},"class_list":["post-2290","page","type-page","status-publish","hentry"],"yoast_head":"<!-- This site is optimized with the Yoast SEO plugin v25.4 - https:\/\/yoast.com\/wordpress\/plugins\/seo\/ -->\n<title>Services - ALLIGATOR<\/title>\n<meta name=\"robots\" content=\"noindex, nofollow\" \/>\n<meta property=\"og:locale\" content=\"en_US\" \/>\n<meta property=\"og:type\" content=\"article\" \/>\n<meta property=\"og:title\" content=\"Services - ALLIGATOR\" \/>\n<meta property=\"og:url\" content=\"https:\/\/alligator-sas.fr\/en\/services\/\" \/>\n<meta property=\"og:site_name\" content=\"ALLIGATOR\" \/>\n<meta property=\"article:modified_time\" content=\"2023-11-08T15:35:23+00:00\" \/>\n<meta name=\"twitter:card\" content=\"summary_large_image\" \/>\n<meta name=\"twitter:site\" content=\"@ReseauDEF\" \/>\n<meta name=\"twitter:label1\" content=\"Est. reading time\" \/>\n\t<meta name=\"twitter:data1\" content=\"6 minutes\" \/>\n<script type=\"application\/ld+json\" class=\"yoast-schema-graph\">{\"@context\":\"https:\/\/schema.org\",\"@graph\":[{\"@type\":\"WebPage\",\"@id\":\"https:\/\/alligator-sas.fr\/en\/services\/\",\"url\":\"https:\/\/alligator-sas.fr\/en\/services\/\",\"name\":\"Services - ALLIGATOR\",\"isPartOf\":{\"@id\":\"https:\/\/alligator-sas.fr\/#website\"},\"datePublished\":\"2022-06-16T12:16:33+00:00\",\"dateModified\":\"2023-11-08T15:35:23+00:00\",\"breadcrumb\":{\"@id\":\"https:\/\/alligator-sas.fr\/en\/services\/#breadcrumb\"},\"inLanguage\":\"en-US\",\"potentialAction\":[{\"@type\":\"ReadAction\",\"target\":[\"https:\/\/alligator-sas.fr\/en\/services\/\"]}]},{\"@type\":\"BreadcrumbList\",\"@id\":\"https:\/\/alligator-sas.fr\/en\/services\/#breadcrumb\",\"itemListElement\":[{\"@type\":\"ListItem\",\"position\":1,\"name\":\"Accueil\",\"item\":\"https:\/\/alligator-sas.fr\/en\/home-2-2\/\"},{\"@type\":\"ListItem\",\"position\":2,\"name\":\"Services\"}]},{\"@type\":\"WebSite\",\"@id\":\"https:\/\/alligator-sas.fr\/#website\",\"url\":\"https:\/\/alligator-sas.fr\/\",\"name\":\"ALLIGATOR\",\"description\":\"La s\u00e9curit\u00e9 \u00e0 l&#039;\u00e9preuve du temps\",\"publisher\":{\"@id\":\"https:\/\/alligator-sas.fr\/#organization\"},\"potentialAction\":[{\"@type\":\"SearchAction\",\"target\":{\"@type\":\"EntryPoint\",\"urlTemplate\":\"https:\/\/alligator-sas.fr\/?s={search_term_string}\"},\"query-input\":{\"@type\":\"PropertyValueSpecification\",\"valueRequired\":true,\"valueName\":\"search_term_string\"}}],\"inLanguage\":\"en-US\"},{\"@type\":\"Organization\",\"@id\":\"https:\/\/alligator-sas.fr\/#organization\",\"name\":\"ALLIGATOR\",\"url\":\"https:\/\/alligator-sas.fr\/\",\"logo\":{\"@type\":\"ImageObject\",\"inLanguage\":\"en-US\",\"@id\":\"https:\/\/alligator-sas.fr\/#\/schema\/logo\/image\/\",\"url\":\"https:\/\/alligator-sas.fr\/wp-content\/uploads\/2022\/04\/logo-alligator-v2.png\",\"contentUrl\":\"https:\/\/alligator-sas.fr\/wp-content\/uploads\/2022\/04\/logo-alligator-v2.png\",\"width\":800,\"height\":194,\"caption\":\"ALLIGATOR\"},\"image\":{\"@id\":\"https:\/\/alligator-sas.fr\/#\/schema\/logo\/image\/\"},\"sameAs\":[\"https:\/\/x.com\/ReseauDEF\",\"https:\/\/www.linkedin.com\/company\/alligator-sas\/\"]}]}<\/script>\n<!-- \/ Yoast SEO plugin. -->","yoast_head_json":{"title":"Services - ALLIGATOR","robots":{"index":"noindex","follow":"nofollow"},"og_locale":"en_US","og_type":"article","og_title":"Services - ALLIGATOR","og_url":"https:\/\/alligator-sas.fr\/en\/services\/","og_site_name":"ALLIGATOR","article_modified_time":"2023-11-08T15:35:23+00:00","twitter_card":"summary_large_image","twitter_site":"@ReseauDEF","twitter_misc":{"Est. reading time":"6 minutes"},"schema":{"@context":"https:\/\/schema.org","@graph":[{"@type":"WebPage","@id":"https:\/\/alligator-sas.fr\/en\/services\/","url":"https:\/\/alligator-sas.fr\/en\/services\/","name":"Services - ALLIGATOR","isPartOf":{"@id":"https:\/\/alligator-sas.fr\/#website"},"datePublished":"2022-06-16T12:16:33+00:00","dateModified":"2023-11-08T15:35:23+00:00","breadcrumb":{"@id":"https:\/\/alligator-sas.fr\/en\/services\/#breadcrumb"},"inLanguage":"en-US","potentialAction":[{"@type":"ReadAction","target":["https:\/\/alligator-sas.fr\/en\/services\/"]}]},{"@type":"BreadcrumbList","@id":"https:\/\/alligator-sas.fr\/en\/services\/#breadcrumb","itemListElement":[{"@type":"ListItem","position":1,"name":"Accueil","item":"https:\/\/alligator-sas.fr\/en\/home-2-2\/"},{"@type":"ListItem","position":2,"name":"Services"}]},{"@type":"WebSite","@id":"https:\/\/alligator-sas.fr\/#website","url":"https:\/\/alligator-sas.fr\/","name":"ALLIGATOR","description":"La s\u00e9curit\u00e9 \u00e0 l&#039;\u00e9preuve du temps","publisher":{"@id":"https:\/\/alligator-sas.fr\/#organization"},"potentialAction":[{"@type":"SearchAction","target":{"@type":"EntryPoint","urlTemplate":"https:\/\/alligator-sas.fr\/?s={search_term_string}"},"query-input":{"@type":"PropertyValueSpecification","valueRequired":true,"valueName":"search_term_string"}}],"inLanguage":"en-US"},{"@type":"Organization","@id":"https:\/\/alligator-sas.fr\/#organization","name":"ALLIGATOR","url":"https:\/\/alligator-sas.fr\/","logo":{"@type":"ImageObject","inLanguage":"en-US","@id":"https:\/\/alligator-sas.fr\/#\/schema\/logo\/image\/","url":"https:\/\/alligator-sas.fr\/wp-content\/uploads\/2022\/04\/logo-alligator-v2.png","contentUrl":"https:\/\/alligator-sas.fr\/wp-content\/uploads\/2022\/04\/logo-alligator-v2.png","width":800,"height":194,"caption":"ALLIGATOR"},"image":{"@id":"https:\/\/alligator-sas.fr\/#\/schema\/logo\/image\/"},"sameAs":["https:\/\/x.com\/ReseauDEF","https:\/\/www.linkedin.com\/company\/alligator-sas\/"]}]}},"_links":{"self":[{"href":"https:\/\/alligator-sas.fr\/en\/wp-json\/wp\/v2\/pages\/2290","targetHints":{"allow":["GET"]}}],"collection":[{"href":"https:\/\/alligator-sas.fr\/en\/wp-json\/wp\/v2\/pages"}],"about":[{"href":"https:\/\/alligator-sas.fr\/en\/wp-json\/wp\/v2\/types\/page"}],"author":[{"embeddable":true,"href":"https:\/\/alligator-sas.fr\/en\/wp-json\/wp\/v2\/users\/1"}],"replies":[{"embeddable":true,"href":"https:\/\/alligator-sas.fr\/en\/wp-json\/wp\/v2\/comments?post=2290"}],"version-history":[{"count":2,"href":"https:\/\/alligator-sas.fr\/en\/wp-json\/wp\/v2\/pages\/2290\/revisions"}],"predecessor-version":[{"id":2536,"href":"https:\/\/alligator-sas.fr\/en\/wp-json\/wp\/v2\/pages\/2290\/revisions\/2536"}],"wp:attachment":[{"href":"https:\/\/alligator-sas.fr\/en\/wp-json\/wp\/v2\/media?parent=2290"}],"curies":[{"name":"wp","href":"https:\/\/api.w.org\/{rel}","templated":true}]}}