{"id":2307,"date":"2022-06-16T14:23:19","date_gmt":"2022-06-16T12:23:19","guid":{"rendered":"https:\/\/alligator-sas.fr\/solutions\/centralized-management-of-emergency-exits\/"},"modified":"2023-11-13T10:15:34","modified_gmt":"2023-11-13T09:15:34","slug":"centralized-management-of-emergency-exits","status":"publish","type":"page","link":"https:\/\/alligator-sas.fr\/en\/solutions\/centralized-management-of-emergency-exits\/","title":{"rendered":"Centralized management of emergency exits"},"content":{"rendered":"<div id='full_slider_1'  class='avia-fullwidth-slider main_color avia-shadow   avia-builder-el-0  el_before_av_one_full  avia-builder-el-first   container_wrap sidebar_right'  ><div  class='avia-slideshow av-l5jliipo-14ad6872aec36d1f408298e39feafad7 avia-slideshow-no scaling av_slideshow_full avia-slide-slider av-slideshow-ui av-control-default av-slideshow-manual av-loop-once av-loop-manual-endless av-default-height-applied   avia-slideshow-1' data-slideshow-options=\"{&quot;animation&quot;:&quot;slide&quot;,&quot;autoplay&quot;:false,&quot;loop_autoplay&quot;:&quot;once&quot;,&quot;interval&quot;:5,&quot;loop_manual&quot;:&quot;manual-endless&quot;,&quot;autoplay_stopper&quot;:false,&quot;noNavigation&quot;:false,&quot;bg_slider&quot;:false,&quot;keep_padding&quot;:false,&quot;hoverpause&quot;:false,&quot;show_slide_delay&quot;:0}\"  itemprop=\"image\" itemscope=\"itemscope\" itemtype=\"https:\/\/schema.org\/ImageObject\" ><ul class='avia-slideshow-inner ' style='padding-bottom: 28.666666666667%;'><li  class='avia-slideshow-slide av-l5jliipo-14ad6872aec36d1f408298e39feafad7__0  av-single-slide slide-1 slide-odd'><div data-rel='slideshow-1' class='avia-slide-wrap '   ><div class='av-slideshow-caption av-l5jliipo-14ad6872aec36d1f408298e39feafad7__0 caption_fullwidth caption_left caption_left_framed caption_framed'><div class=\"container caption_container\"><div class=\"slideshow_caption\"><div class=\"slideshow_inner_caption\"><div class=\"slideshow_align_caption\"><h2 class='avia-caption-title '  itemprop=\"name\" >CENTRALIZED MANAGEMENT<\/h2><\/div><\/div><\/div><\/div><\/div><img decoding=\"async\" fetchpriority=\"high\" class=\"wp-image-1766 avia-img-lazy-loading-not-1766\"  src=\"https:\/\/alligator-sas.fr\/wp-content\/uploads\/2022\/07\/bandeau-gestion-autonome.jpg\" width=\"1500\" height=\"430\" title='bandeau-gestion-autonome' alt=''  itemprop=\"thumbnailUrl\" srcset=\"https:\/\/alligator-sas.fr\/wp-content\/uploads\/2022\/07\/bandeau-gestion-autonome.jpg 1500w, https:\/\/alligator-sas.fr\/wp-content\/uploads\/2022\/07\/bandeau-gestion-autonome-600x172.jpg 600w, https:\/\/alligator-sas.fr\/wp-content\/uploads\/2022\/07\/bandeau-gestion-autonome-300x86.jpg 300w, https:\/\/alligator-sas.fr\/wp-content\/uploads\/2022\/07\/bandeau-gestion-autonome-1030x295.jpg 1030w, https:\/\/alligator-sas.fr\/wp-content\/uploads\/2022\/07\/bandeau-gestion-autonome-768x220.jpg 768w, https:\/\/alligator-sas.fr\/wp-content\/uploads\/2022\/07\/bandeau-gestion-autonome-705x202.jpg 705w\" sizes=\"(max-width: 1500px) 100vw, 1500px\" \/><\/div><\/li><\/ul><\/div><\/div><div id='after_full_slider_1'  class='main_color av_default_container_wrap container_wrap sidebar_right'  ><div class='container av-section-cont-open' ><div class='template-page content  av-content-small alpha units'><div class='post-entry post-entry-type-page post-entry-2307'><div class='entry-content-wrapper clearfix'>\n<div  class='flex_column av-74cjg-06cfb97dca1cb48a87a6e2535d447841 av_one_full  avia-builder-el-1  el_after_av_slideshow_full  avia-builder-el-no-sibling  first flex_column_div  '     ><section  class='av_textblock_section av-l4gzuppc-f96557252fbdb44628beab743170b560 '   itemscope=\"itemscope\" itemtype=\"https:\/\/schema.org\/CreativeWork\" ><div class='avia_textblock'  itemprop=\"text\" ><h2>Centralised Emergency Exit Management<\/h2>\n<div class=\"content-center margep2\">\n<div class=\"span85 margep3\">\n<p>To prevent unintentional exits through the emergency exits and the associated risks of theft and malicious damage, while complying with fire safety regulations, the doors are kept locked by operated safety devices (DAS). These are managed from the UGCIS\u00a0(Centralised Emergency Exit Management Unit) via the DDO (Opening Request Device ) located near each equipped exit. This makes it possible to control exit requests via the exits by removing any doubt before the door is released.<\/p>\n<p><img loading=\"lazy\" decoding=\"async\" class=\"wp-image-3021 aligncenter\" src=\"https:\/\/alligator-sas.fr\/wp-content\/uploads\/2023\/11\/DAS-Lock-1-300x189.png\" alt=\"\" width=\"544\" height=\"343\" srcset=\"https:\/\/alligator-sas.fr\/wp-content\/uploads\/2023\/11\/DAS-Lock-1-300x189.png 300w, https:\/\/alligator-sas.fr\/wp-content\/uploads\/2023\/11\/DAS-Lock-1.png 605w\" sizes=\"auto, (max-width: 544px) 100vw, 544px\" \/><\/p>\n<h3>Emergency unlocking<\/h3>\n<\/div>\n<\/div>\n<p>There are 3 possibilities for emergency unlocking of these exits :<br \/>\n&#8211; by activating the manual emergency command for the zone concerned from the UGCIS,<br \/>\n&#8211; by automatically activating all the exits in the zone concerned, via the upstream Fire Safety System (SSI),<br \/>\n&#8211; by local action on the DDO, located near the exit in question, which unlocks the DAS after a time delay.<\/p>\n<\/div><\/section><\/div>\n","protected":false},"excerpt":{"rendered":"","protected":false},"author":1,"featured_media":0,"parent":2305,"menu_order":2,"comment_status":"closed","ping_status":"closed","template":"","meta":{"footnotes":""},"class_list":["post-2307","page","type-page","status-publish","hentry"],"yoast_head":"<!-- This site is optimized with the Yoast SEO plugin v25.4 - https:\/\/yoast.com\/wordpress\/plugins\/seo\/ -->\n<title>Centralized management of emergency exits - ALLIGATOR<\/title>\n<meta name=\"robots\" content=\"index, follow, max-snippet:-1, max-image-preview:large, max-video-preview:-1\" \/>\n<link rel=\"canonical\" href=\"https:\/\/alligator-sas.fr\/en\/solutions\/centralized-management-of-emergency-exits\/\" \/>\n<meta property=\"og:locale\" content=\"en_US\" \/>\n<meta property=\"og:type\" content=\"article\" \/>\n<meta property=\"og:title\" content=\"Centralized management of emergency exits - ALLIGATOR\" \/>\n<meta property=\"og:url\" content=\"https:\/\/alligator-sas.fr\/en\/solutions\/centralized-management-of-emergency-exits\/\" \/>\n<meta property=\"og:site_name\" content=\"ALLIGATOR\" \/>\n<meta property=\"article:modified_time\" content=\"2023-11-13T09:15:34+00:00\" \/>\n<meta property=\"og:image\" content=\"https:\/\/alligator-sas.fr\/wp-content\/uploads\/2023\/11\/DAS-Lock-1-300x189.png\" \/>\n<meta name=\"twitter:card\" content=\"summary_large_image\" \/>\n<meta name=\"twitter:site\" content=\"@ReseauDEF\" \/>\n<meta name=\"twitter:label1\" content=\"Est. reading time\" \/>\n\t<meta name=\"twitter:data1\" content=\"2 minutes\" \/>\n<script type=\"application\/ld+json\" class=\"yoast-schema-graph\">{\"@context\":\"https:\/\/schema.org\",\"@graph\":[{\"@type\":\"WebPage\",\"@id\":\"https:\/\/alligator-sas.fr\/en\/solutions\/centralized-management-of-emergency-exits\/\",\"url\":\"https:\/\/alligator-sas.fr\/en\/solutions\/centralized-management-of-emergency-exits\/\",\"name\":\"Centralized management of emergency exits - ALLIGATOR\",\"isPartOf\":{\"@id\":\"https:\/\/alligator-sas.fr\/#website\"},\"primaryImageOfPage\":{\"@id\":\"https:\/\/alligator-sas.fr\/en\/solutions\/centralized-management-of-emergency-exits\/#primaryimage\"},\"image\":{\"@id\":\"https:\/\/alligator-sas.fr\/en\/solutions\/centralized-management-of-emergency-exits\/#primaryimage\"},\"thumbnailUrl\":\"https:\/\/alligator-sas.fr\/wp-content\/uploads\/2023\/11\/DAS-Lock-1-300x189.png\",\"datePublished\":\"2022-06-16T12:23:19+00:00\",\"dateModified\":\"2023-11-13T09:15:34+00:00\",\"breadcrumb\":{\"@id\":\"https:\/\/alligator-sas.fr\/en\/solutions\/centralized-management-of-emergency-exits\/#breadcrumb\"},\"inLanguage\":\"en-US\",\"potentialAction\":[{\"@type\":\"ReadAction\",\"target\":[\"https:\/\/alligator-sas.fr\/en\/solutions\/centralized-management-of-emergency-exits\/\"]}]},{\"@type\":\"ImageObject\",\"inLanguage\":\"en-US\",\"@id\":\"https:\/\/alligator-sas.fr\/en\/solutions\/centralized-management-of-emergency-exits\/#primaryimage\",\"url\":\"https:\/\/alligator-sas.fr\/wp-content\/uploads\/2023\/11\/DAS-Lock-1-300x189.png\",\"contentUrl\":\"https:\/\/alligator-sas.fr\/wp-content\/uploads\/2023\/11\/DAS-Lock-1-300x189.png\"},{\"@type\":\"BreadcrumbList\",\"@id\":\"https:\/\/alligator-sas.fr\/en\/solutions\/centralized-management-of-emergency-exits\/#breadcrumb\",\"itemListElement\":[{\"@type\":\"ListItem\",\"position\":1,\"name\":\"Accueil\",\"item\":\"https:\/\/alligator-sas.fr\/en\/home-2-2\/\"},{\"@type\":\"ListItem\",\"position\":2,\"name\":\"Solutions\",\"item\":\"https:\/\/alligator-sas.fr\/en\/solutions\/\"},{\"@type\":\"ListItem\",\"position\":3,\"name\":\"Centralized management of emergency exits\"}]},{\"@type\":\"WebSite\",\"@id\":\"https:\/\/alligator-sas.fr\/#website\",\"url\":\"https:\/\/alligator-sas.fr\/\",\"name\":\"ALLIGATOR\",\"description\":\"La s\u00e9curit\u00e9 \u00e0 l&#039;\u00e9preuve du temps\",\"publisher\":{\"@id\":\"https:\/\/alligator-sas.fr\/#organization\"},\"potentialAction\":[{\"@type\":\"SearchAction\",\"target\":{\"@type\":\"EntryPoint\",\"urlTemplate\":\"https:\/\/alligator-sas.fr\/?s={search_term_string}\"},\"query-input\":{\"@type\":\"PropertyValueSpecification\",\"valueRequired\":true,\"valueName\":\"search_term_string\"}}],\"inLanguage\":\"en-US\"},{\"@type\":\"Organization\",\"@id\":\"https:\/\/alligator-sas.fr\/#organization\",\"name\":\"ALLIGATOR\",\"url\":\"https:\/\/alligator-sas.fr\/\",\"logo\":{\"@type\":\"ImageObject\",\"inLanguage\":\"en-US\",\"@id\":\"https:\/\/alligator-sas.fr\/#\/schema\/logo\/image\/\",\"url\":\"https:\/\/alligator-sas.fr\/wp-content\/uploads\/2022\/04\/logo-alligator-v2.png\",\"contentUrl\":\"https:\/\/alligator-sas.fr\/wp-content\/uploads\/2022\/04\/logo-alligator-v2.png\",\"width\":800,\"height\":194,\"caption\":\"ALLIGATOR\"},\"image\":{\"@id\":\"https:\/\/alligator-sas.fr\/#\/schema\/logo\/image\/\"},\"sameAs\":[\"https:\/\/x.com\/ReseauDEF\",\"https:\/\/www.linkedin.com\/company\/alligator-sas\/\"]}]}<\/script>\n<!-- \/ Yoast SEO plugin. -->","yoast_head_json":{"title":"Centralized management of emergency exits - ALLIGATOR","robots":{"index":"index","follow":"follow","max-snippet":"max-snippet:-1","max-image-preview":"max-image-preview:large","max-video-preview":"max-video-preview:-1"},"canonical":"https:\/\/alligator-sas.fr\/en\/solutions\/centralized-management-of-emergency-exits\/","og_locale":"en_US","og_type":"article","og_title":"Centralized management of emergency exits - ALLIGATOR","og_url":"https:\/\/alligator-sas.fr\/en\/solutions\/centralized-management-of-emergency-exits\/","og_site_name":"ALLIGATOR","article_modified_time":"2023-11-13T09:15:34+00:00","og_image":[{"url":"https:\/\/alligator-sas.fr\/wp-content\/uploads\/2023\/11\/DAS-Lock-1-300x189.png","type":"","width":"","height":""}],"twitter_card":"summary_large_image","twitter_site":"@ReseauDEF","twitter_misc":{"Est. reading time":"2 minutes"},"schema":{"@context":"https:\/\/schema.org","@graph":[{"@type":"WebPage","@id":"https:\/\/alligator-sas.fr\/en\/solutions\/centralized-management-of-emergency-exits\/","url":"https:\/\/alligator-sas.fr\/en\/solutions\/centralized-management-of-emergency-exits\/","name":"Centralized management of emergency exits - ALLIGATOR","isPartOf":{"@id":"https:\/\/alligator-sas.fr\/#website"},"primaryImageOfPage":{"@id":"https:\/\/alligator-sas.fr\/en\/solutions\/centralized-management-of-emergency-exits\/#primaryimage"},"image":{"@id":"https:\/\/alligator-sas.fr\/en\/solutions\/centralized-management-of-emergency-exits\/#primaryimage"},"thumbnailUrl":"https:\/\/alligator-sas.fr\/wp-content\/uploads\/2023\/11\/DAS-Lock-1-300x189.png","datePublished":"2022-06-16T12:23:19+00:00","dateModified":"2023-11-13T09:15:34+00:00","breadcrumb":{"@id":"https:\/\/alligator-sas.fr\/en\/solutions\/centralized-management-of-emergency-exits\/#breadcrumb"},"inLanguage":"en-US","potentialAction":[{"@type":"ReadAction","target":["https:\/\/alligator-sas.fr\/en\/solutions\/centralized-management-of-emergency-exits\/"]}]},{"@type":"ImageObject","inLanguage":"en-US","@id":"https:\/\/alligator-sas.fr\/en\/solutions\/centralized-management-of-emergency-exits\/#primaryimage","url":"https:\/\/alligator-sas.fr\/wp-content\/uploads\/2023\/11\/DAS-Lock-1-300x189.png","contentUrl":"https:\/\/alligator-sas.fr\/wp-content\/uploads\/2023\/11\/DAS-Lock-1-300x189.png"},{"@type":"BreadcrumbList","@id":"https:\/\/alligator-sas.fr\/en\/solutions\/centralized-management-of-emergency-exits\/#breadcrumb","itemListElement":[{"@type":"ListItem","position":1,"name":"Accueil","item":"https:\/\/alligator-sas.fr\/en\/home-2-2\/"},{"@type":"ListItem","position":2,"name":"Solutions","item":"https:\/\/alligator-sas.fr\/en\/solutions\/"},{"@type":"ListItem","position":3,"name":"Centralized management of emergency exits"}]},{"@type":"WebSite","@id":"https:\/\/alligator-sas.fr\/#website","url":"https:\/\/alligator-sas.fr\/","name":"ALLIGATOR","description":"La s\u00e9curit\u00e9 \u00e0 l&#039;\u00e9preuve du temps","publisher":{"@id":"https:\/\/alligator-sas.fr\/#organization"},"potentialAction":[{"@type":"SearchAction","target":{"@type":"EntryPoint","urlTemplate":"https:\/\/alligator-sas.fr\/?s={search_term_string}"},"query-input":{"@type":"PropertyValueSpecification","valueRequired":true,"valueName":"search_term_string"}}],"inLanguage":"en-US"},{"@type":"Organization","@id":"https:\/\/alligator-sas.fr\/#organization","name":"ALLIGATOR","url":"https:\/\/alligator-sas.fr\/","logo":{"@type":"ImageObject","inLanguage":"en-US","@id":"https:\/\/alligator-sas.fr\/#\/schema\/logo\/image\/","url":"https:\/\/alligator-sas.fr\/wp-content\/uploads\/2022\/04\/logo-alligator-v2.png","contentUrl":"https:\/\/alligator-sas.fr\/wp-content\/uploads\/2022\/04\/logo-alligator-v2.png","width":800,"height":194,"caption":"ALLIGATOR"},"image":{"@id":"https:\/\/alligator-sas.fr\/#\/schema\/logo\/image\/"},"sameAs":["https:\/\/x.com\/ReseauDEF","https:\/\/www.linkedin.com\/company\/alligator-sas\/"]}]}},"_links":{"self":[{"href":"https:\/\/alligator-sas.fr\/en\/wp-json\/wp\/v2\/pages\/2307","targetHints":{"allow":["GET"]}}],"collection":[{"href":"https:\/\/alligator-sas.fr\/en\/wp-json\/wp\/v2\/pages"}],"about":[{"href":"https:\/\/alligator-sas.fr\/en\/wp-json\/wp\/v2\/types\/page"}],"author":[{"embeddable":true,"href":"https:\/\/alligator-sas.fr\/en\/wp-json\/wp\/v2\/users\/1"}],"replies":[{"embeddable":true,"href":"https:\/\/alligator-sas.fr\/en\/wp-json\/wp\/v2\/comments?post=2307"}],"version-history":[{"count":3,"href":"https:\/\/alligator-sas.fr\/en\/wp-json\/wp\/v2\/pages\/2307\/revisions"}],"predecessor-version":[{"id":3026,"href":"https:\/\/alligator-sas.fr\/en\/wp-json\/wp\/v2\/pages\/2307\/revisions\/3026"}],"up":[{"embeddable":true,"href":"https:\/\/alligator-sas.fr\/en\/wp-json\/wp\/v2\/pages\/2305"}],"wp:attachment":[{"href":"https:\/\/alligator-sas.fr\/en\/wp-json\/wp\/v2\/media?parent=2307"}],"curies":[{"name":"wp","href":"https:\/\/api.w.org\/{rel}","templated":true}]}}