{"id":2316,"date":"2022-06-16T14:29:05","date_gmt":"2022-06-16T12:29:05","guid":{"rendered":"https:\/\/alligator-sas.fr\/solutions\/nfs-standard\/"},"modified":"2023-11-08T17:25:45","modified_gmt":"2023-11-08T16:25:45","slug":"nfs-standard","status":"publish","type":"page","link":"https:\/\/alligator-sas.fr\/en\/solutions\/nfs-standard\/","title":{"rendered":"NFS standard"},"content":{"rendered":"<div id='full_slider_1'  class='avia-fullwidth-slider main_color avia-shadow   avia-builder-el-0  el_before_av_three_fourth  avia-builder-el-first   container_wrap sidebar_right'  ><div  class='avia-slideshow av-l5jljtrv-e8fb8ac14f98e4082f98f3f783c275cd avia-slideshow-no scaling av_slideshow_full avia-slide-slider av-slideshow-ui av-control-default av-slideshow-manual av-loop-once av-loop-manual-endless av-default-height-applied   avia-slideshow-1' data-slideshow-options=\"{&quot;animation&quot;:&quot;slide&quot;,&quot;autoplay&quot;:false,&quot;loop_autoplay&quot;:&quot;once&quot;,&quot;interval&quot;:5,&quot;loop_manual&quot;:&quot;manual-endless&quot;,&quot;autoplay_stopper&quot;:false,&quot;noNavigation&quot;:false,&quot;bg_slider&quot;:false,&quot;keep_padding&quot;:false,&quot;hoverpause&quot;:false,&quot;show_slide_delay&quot;:0}\"  itemprop=\"image\" itemscope=\"itemscope\" itemtype=\"https:\/\/schema.org\/ImageObject\" ><ul class='avia-slideshow-inner ' style='padding-bottom: 28.666666666667%;'><li  class='avia-slideshow-slide av-l5jljtrv-e8fb8ac14f98e4082f98f3f783c275cd__0  av-single-slide slide-1 slide-odd'><div data-rel='slideshow-1' class='avia-slide-wrap '   ><div class='av-slideshow-caption av-l5jljtrv-e8fb8ac14f98e4082f98f3f783c275cd__0 caption_fullwidth caption_left caption_left_framed caption_framed'><div class=\"container caption_container\"><div class=\"slideshow_caption\"><div class=\"slideshow_inner_caption\"><div class=\"slideshow_align_caption\"><h2 class='avia-caption-title '  itemprop=\"name\" >NF STANDARD<\/h2><\/div><\/div><\/div><\/div><\/div><img decoding=\"async\" fetchpriority=\"high\" class=\"wp-image-1766 avia-img-lazy-loading-not-1766\"  src=\"https:\/\/alligator-sas.fr\/wp-content\/uploads\/2022\/07\/bandeau-gestion-autonome.jpg\" width=\"1500\" height=\"430\" title='bandeau-gestion-autonome' alt=''  itemprop=\"thumbnailUrl\" srcset=\"https:\/\/alligator-sas.fr\/wp-content\/uploads\/2022\/07\/bandeau-gestion-autonome.jpg 1500w, https:\/\/alligator-sas.fr\/wp-content\/uploads\/2022\/07\/bandeau-gestion-autonome-600x172.jpg 600w, https:\/\/alligator-sas.fr\/wp-content\/uploads\/2022\/07\/bandeau-gestion-autonome-300x86.jpg 300w, https:\/\/alligator-sas.fr\/wp-content\/uploads\/2022\/07\/bandeau-gestion-autonome-1030x295.jpg 1030w, https:\/\/alligator-sas.fr\/wp-content\/uploads\/2022\/07\/bandeau-gestion-autonome-768x220.jpg 768w, https:\/\/alligator-sas.fr\/wp-content\/uploads\/2022\/07\/bandeau-gestion-autonome-705x202.jpg 705w\" sizes=\"(max-width: 1500px) 100vw, 1500px\" \/><\/div><\/li><\/ul><\/div><\/div><div id='after_full_slider_1'  class='main_color av_default_container_wrap container_wrap sidebar_right'  ><div class='container av-section-cont-open' ><div class='template-page content  av-content-small alpha units'><div class='post-entry post-entry-type-page post-entry-2316'><div class='entry-content-wrapper clearfix'>\n<div  class='flex_column av-6m681-3dd411f7a8f839c28e720ee23ab0abc9 av_three_fourth  avia-builder-el-1  el_after_av_slideshow_full  el_before_av_three_fourth  avia-builder-el-first  first flex_column_div  '     ><section  class='av_textblock_section av-l4h025nx-c75fced08360641760b70ed52a7d01c1 '   itemscope=\"itemscope\" itemtype=\"https:\/\/schema.org\/CreativeWork\" ><div class='avia_textblock'  itemprop=\"text\" ><div class=\"content-area\">\n<div class=\"description post-content\">\n<h2>Centralized Emergency Exit Management Unit<\/h2>\n<\/div>\n<\/div>\n<div class=\"content-area\">\n<div class=\"description post-content\">\n<div class=\"content-area\">\n<div class=\"description post-content\">\n<p>The Unit\u00e9 de Gestion Centralis\u00e9e des Issues de Secours UGCIS must comply with standard NF S 61-934 : 1991 as follows:<\/p>\n<\/div>\n<\/div>\n<div class=\"content-area\">\n<div class=\"description post-content\">\n<p>The opening request device, located near each equipped exit, must inform the user by an audible and visual signal that the request has been accepted.<\/p>\n<\/div>\n<div><\/div>\n<div class=\"description post-content\">\n<p>A direct or video-protection view of the emergency exits must enable the security guard to give the order for immediate unlocking or to initiate a time extension.<\/p>\n<\/div>\n<\/div>\n<\/div>\n<\/div>\n<div class=\"content-area\">\n<div class=\"description post-content\">\n<div class=\"content-area\">\n<div class=\"description post-content\">\n<p>The UGCIS (Centralised Emergency Exit Management Unit), on automatic fire detection or on triggering of the general evacuation alarm, must give the immediate opening command so that the DAS locks are unlocked in less than one second.<\/p>\n<\/div>\n<div class=\"description post-content\">\n<p>All this equipment must meet the requirements of standard NF S 61-932 relating to installation rules.<\/p>\n<\/div>\n<div class=\"description post-content\">In accordance with NF S 61-934 and 61-935 standards governing the suitability of CMSI fire safety control units, the Alligator 8 and Alligator 64 UGCIS units have been certified under the NF mark and NF508 reference numbers SSI002A and SSI003A.<\/div>\n<\/div>\n<\/div>\n<\/div>\n<\/div><\/section><\/div><div  class='flex_column av-87t2h-5e52934a1c198af41a940f70d0c3f53b av_three_fourth  avia-builder-el-3  el_after_av_three_fourth  avia-builder-el-last  first flex_column_div  column-top-margin'     ><section  class='av_textblock_section av-loplr8ft-ecad49b74b8a8c517a4086763fd0ea29 '   itemscope=\"itemscope\" itemtype=\"https:\/\/schema.org\/CreativeWork\" ><div class='avia_textblock'  itemprop=\"text\" ><div class=\"content-area\">\n<div class=\"description post-content\"><\/div>\n<\/div>\n<div class=\"content-area\">\n<div class=\"description post-content\">\n<div class=\"content-area\">\n<h2 class=\"description post-content\"><span style=\"font-size: 28px; font-weight: 600;\">The locks<\/span><\/h2>\n<\/div>\n<\/div>\n<\/div>\n<div class=\"content-area\">\n<div class=\"description post-content\">\n<p>Various French standards and regulations govern the use of emergency exit locks.<\/p>\n<\/div>\n<div class=\"description post-content\">\n<p>Article CO46 of the fire safety regulations for establishments open to the public sets out the conditions under which an emergency exit door can be locked.<\/p>\n<\/div>\n<div class=\"description post-content\">\n<p>Excerpt CO46: &#8220;Each door must be equipped with an electromagnetic locking device complying with the standard in force for this application.&#8221;<\/p>\n<\/div>\n<div class=\"description post-content\">\n<p>Our locks comply with standard NF S 61-937 concerning the suitability for use of operated safety devices (DAS).<\/p>\n<\/div>\n<div class=\"description post-content\">\n<p><span style=\"text-decoration: underline;\">The DAS lock can only be controlled in 2 ways:<\/span><\/p>\n<\/div>\n<div class=\"description post-content\">\n<p>Or from a green manual release with switch function, connected to the remote control line and located near each equipped exit.<\/p>\n<\/div>\n<div class=\"description post-content\">Or from a UGCIS within the framework of standard NF S 61-934.<\/div>\n<\/div>\n<\/div><\/section><\/div><\/p>\n","protected":false},"excerpt":{"rendered":"","protected":false},"author":1,"featured_media":0,"parent":2305,"menu_order":3,"comment_status":"closed","ping_status":"closed","template":"","meta":{"footnotes":""},"class_list":["post-2316","page","type-page","status-publish","hentry"],"yoast_head":"<!-- This site is optimized with the Yoast SEO plugin v25.4 - https:\/\/yoast.com\/wordpress\/plugins\/seo\/ -->\n<title>NFS standard - ALLIGATOR<\/title>\n<meta name=\"robots\" content=\"index, follow, max-snippet:-1, max-image-preview:large, max-video-preview:-1\" \/>\n<link rel=\"canonical\" href=\"https:\/\/alligator-sas.fr\/en\/solutions\/nfs-standard\/\" \/>\n<meta property=\"og:locale\" content=\"en_US\" \/>\n<meta property=\"og:type\" content=\"article\" \/>\n<meta property=\"og:title\" content=\"NFS standard - ALLIGATOR\" \/>\n<meta property=\"og:url\" content=\"https:\/\/alligator-sas.fr\/en\/solutions\/nfs-standard\/\" \/>\n<meta property=\"og:site_name\" content=\"ALLIGATOR\" \/>\n<meta property=\"article:modified_time\" content=\"2023-11-08T16:25:45+00:00\" \/>\n<meta name=\"twitter:card\" content=\"summary_large_image\" \/>\n<meta name=\"twitter:site\" content=\"@ReseauDEF\" \/>\n<meta name=\"twitter:label1\" content=\"Est. reading time\" \/>\n\t<meta name=\"twitter:data1\" content=\"3 minutes\" \/>\n<script type=\"application\/ld+json\" class=\"yoast-schema-graph\">{\"@context\":\"https:\/\/schema.org\",\"@graph\":[{\"@type\":\"WebPage\",\"@id\":\"https:\/\/alligator-sas.fr\/en\/solutions\/nfs-standard\/\",\"url\":\"https:\/\/alligator-sas.fr\/en\/solutions\/nfs-standard\/\",\"name\":\"NFS standard - ALLIGATOR\",\"isPartOf\":{\"@id\":\"https:\/\/alligator-sas.fr\/#website\"},\"datePublished\":\"2022-06-16T12:29:05+00:00\",\"dateModified\":\"2023-11-08T16:25:45+00:00\",\"breadcrumb\":{\"@id\":\"https:\/\/alligator-sas.fr\/en\/solutions\/nfs-standard\/#breadcrumb\"},\"inLanguage\":\"en-US\",\"potentialAction\":[{\"@type\":\"ReadAction\",\"target\":[\"https:\/\/alligator-sas.fr\/en\/solutions\/nfs-standard\/\"]}]},{\"@type\":\"BreadcrumbList\",\"@id\":\"https:\/\/alligator-sas.fr\/en\/solutions\/nfs-standard\/#breadcrumb\",\"itemListElement\":[{\"@type\":\"ListItem\",\"position\":1,\"name\":\"Accueil\",\"item\":\"https:\/\/alligator-sas.fr\/en\/home-2-2\/\"},{\"@type\":\"ListItem\",\"position\":2,\"name\":\"Solutions\",\"item\":\"https:\/\/alligator-sas.fr\/en\/solutions\/\"},{\"@type\":\"ListItem\",\"position\":3,\"name\":\"NFS standard\"}]},{\"@type\":\"WebSite\",\"@id\":\"https:\/\/alligator-sas.fr\/#website\",\"url\":\"https:\/\/alligator-sas.fr\/\",\"name\":\"ALLIGATOR\",\"description\":\"La s\u00e9curit\u00e9 \u00e0 l&#039;\u00e9preuve du temps\",\"publisher\":{\"@id\":\"https:\/\/alligator-sas.fr\/#organization\"},\"potentialAction\":[{\"@type\":\"SearchAction\",\"target\":{\"@type\":\"EntryPoint\",\"urlTemplate\":\"https:\/\/alligator-sas.fr\/?s={search_term_string}\"},\"query-input\":{\"@type\":\"PropertyValueSpecification\",\"valueRequired\":true,\"valueName\":\"search_term_string\"}}],\"inLanguage\":\"en-US\"},{\"@type\":\"Organization\",\"@id\":\"https:\/\/alligator-sas.fr\/#organization\",\"name\":\"ALLIGATOR\",\"url\":\"https:\/\/alligator-sas.fr\/\",\"logo\":{\"@type\":\"ImageObject\",\"inLanguage\":\"en-US\",\"@id\":\"https:\/\/alligator-sas.fr\/#\/schema\/logo\/image\/\",\"url\":\"https:\/\/alligator-sas.fr\/wp-content\/uploads\/2022\/04\/logo-alligator-v2.png\",\"contentUrl\":\"https:\/\/alligator-sas.fr\/wp-content\/uploads\/2022\/04\/logo-alligator-v2.png\",\"width\":800,\"height\":194,\"caption\":\"ALLIGATOR\"},\"image\":{\"@id\":\"https:\/\/alligator-sas.fr\/#\/schema\/logo\/image\/\"},\"sameAs\":[\"https:\/\/x.com\/ReseauDEF\",\"https:\/\/www.linkedin.com\/company\/alligator-sas\/\"]}]}<\/script>\n<!-- \/ Yoast SEO plugin. -->","yoast_head_json":{"title":"NFS standard - ALLIGATOR","robots":{"index":"index","follow":"follow","max-snippet":"max-snippet:-1","max-image-preview":"max-image-preview:large","max-video-preview":"max-video-preview:-1"},"canonical":"https:\/\/alligator-sas.fr\/en\/solutions\/nfs-standard\/","og_locale":"en_US","og_type":"article","og_title":"NFS standard - ALLIGATOR","og_url":"https:\/\/alligator-sas.fr\/en\/solutions\/nfs-standard\/","og_site_name":"ALLIGATOR","article_modified_time":"2023-11-08T16:25:45+00:00","twitter_card":"summary_large_image","twitter_site":"@ReseauDEF","twitter_misc":{"Est. reading time":"3 minutes"},"schema":{"@context":"https:\/\/schema.org","@graph":[{"@type":"WebPage","@id":"https:\/\/alligator-sas.fr\/en\/solutions\/nfs-standard\/","url":"https:\/\/alligator-sas.fr\/en\/solutions\/nfs-standard\/","name":"NFS standard - ALLIGATOR","isPartOf":{"@id":"https:\/\/alligator-sas.fr\/#website"},"datePublished":"2022-06-16T12:29:05+00:00","dateModified":"2023-11-08T16:25:45+00:00","breadcrumb":{"@id":"https:\/\/alligator-sas.fr\/en\/solutions\/nfs-standard\/#breadcrumb"},"inLanguage":"en-US","potentialAction":[{"@type":"ReadAction","target":["https:\/\/alligator-sas.fr\/en\/solutions\/nfs-standard\/"]}]},{"@type":"BreadcrumbList","@id":"https:\/\/alligator-sas.fr\/en\/solutions\/nfs-standard\/#breadcrumb","itemListElement":[{"@type":"ListItem","position":1,"name":"Accueil","item":"https:\/\/alligator-sas.fr\/en\/home-2-2\/"},{"@type":"ListItem","position":2,"name":"Solutions","item":"https:\/\/alligator-sas.fr\/en\/solutions\/"},{"@type":"ListItem","position":3,"name":"NFS standard"}]},{"@type":"WebSite","@id":"https:\/\/alligator-sas.fr\/#website","url":"https:\/\/alligator-sas.fr\/","name":"ALLIGATOR","description":"La s\u00e9curit\u00e9 \u00e0 l&#039;\u00e9preuve du temps","publisher":{"@id":"https:\/\/alligator-sas.fr\/#organization"},"potentialAction":[{"@type":"SearchAction","target":{"@type":"EntryPoint","urlTemplate":"https:\/\/alligator-sas.fr\/?s={search_term_string}"},"query-input":{"@type":"PropertyValueSpecification","valueRequired":true,"valueName":"search_term_string"}}],"inLanguage":"en-US"},{"@type":"Organization","@id":"https:\/\/alligator-sas.fr\/#organization","name":"ALLIGATOR","url":"https:\/\/alligator-sas.fr\/","logo":{"@type":"ImageObject","inLanguage":"en-US","@id":"https:\/\/alligator-sas.fr\/#\/schema\/logo\/image\/","url":"https:\/\/alligator-sas.fr\/wp-content\/uploads\/2022\/04\/logo-alligator-v2.png","contentUrl":"https:\/\/alligator-sas.fr\/wp-content\/uploads\/2022\/04\/logo-alligator-v2.png","width":800,"height":194,"caption":"ALLIGATOR"},"image":{"@id":"https:\/\/alligator-sas.fr\/#\/schema\/logo\/image\/"},"sameAs":["https:\/\/x.com\/ReseauDEF","https:\/\/www.linkedin.com\/company\/alligator-sas\/"]}]}},"_links":{"self":[{"href":"https:\/\/alligator-sas.fr\/en\/wp-json\/wp\/v2\/pages\/2316","targetHints":{"allow":["GET"]}}],"collection":[{"href":"https:\/\/alligator-sas.fr\/en\/wp-json\/wp\/v2\/pages"}],"about":[{"href":"https:\/\/alligator-sas.fr\/en\/wp-json\/wp\/v2\/types\/page"}],"author":[{"embeddable":true,"href":"https:\/\/alligator-sas.fr\/en\/wp-json\/wp\/v2\/users\/1"}],"replies":[{"embeddable":true,"href":"https:\/\/alligator-sas.fr\/en\/wp-json\/wp\/v2\/comments?post=2316"}],"version-history":[{"count":2,"href":"https:\/\/alligator-sas.fr\/en\/wp-json\/wp\/v2\/pages\/2316\/revisions"}],"predecessor-version":[{"id":2564,"href":"https:\/\/alligator-sas.fr\/en\/wp-json\/wp\/v2\/pages\/2316\/revisions\/2564"}],"up":[{"embeddable":true,"href":"https:\/\/alligator-sas.fr\/en\/wp-json\/wp\/v2\/pages\/2305"}],"wp:attachment":[{"href":"https:\/\/alligator-sas.fr\/en\/wp-json\/wp\/v2\/media?parent=2316"}],"curies":[{"name":"wp","href":"https:\/\/api.w.org\/{rel}","templated":true}]}}